{"id":3395,"date":"2019-02-12T13:13:44","date_gmt":"2019-02-12T11:13:44","guid":{"rendered":"http:\/\/tgd.info\/riudoms\/?page_id=3395"},"modified":"2022-08-03T14:43:15","modified_gmt":"2022-08-03T12:43:15","slug":"plafo-12","status":"publish","type":"page","link":"https:\/\/rutagaudiriudoms.cat\/fr\/ca\/plafo-12\/","title":{"rendered":"Panneau 12 &#8211; La lumi\u00e8re de Gaud\u00ed"},"content":{"rendered":"<p>[vc_section css=&#8221;.vc_custom_1548946330315{padding-top: 80px !important;}&#8221;][vc_row css=&#8221;.vc_custom_1548862315669{margin-bottom: 0px !important;}&#8221;][vc_column][vc_column_text el_class=&#8221;numPlafo&#8221;]<\/p>\n<table style=\"width: 100%; border: 0px solid white;\">\n<tbody>\n<tr style=\"border: 0px solid white;\">\n<td style=\"min-width: 102px; padding: 0px;\"><img loading=\"lazy\" decoding=\"async\" class=\"aligncenter wp-image-3498 size-full\" src=\"https:\/\/rutagaudiriudoms.cat\/wp-content\/uploads\/2019\/04\/Mesa-de-trabajo-12.png\" alt=\"\" width=\"101\" height=\"100\" \/><\/td>\n<td style=\"width: 100%; text-align: left;\"><strong>Panneau 12\u00a0<\/strong><\/td>\n<\/tr>\n<\/tbody>\n<\/table>\n<p>[\/vc_column_text][\/vc_column][\/vc_row][vc_row css=&#8221;.vc_custom_1548862319912{margin-top: 0px !important;}&#8221;][vc_column width=&#8221;1\/12&#8243;][\/vc_column][vc_column width=&#8221;5\/6&#8243;]<div class=\"wpb_content_element  vc_custom_1659530276718\"><style type=\"text\/css\" scoped>#ut_header_69d26be33da2f h2 span { color:; }<\/style><header id=\"ut_header_69d26be33da2f\" class=\"section-header pt-style-7 header-center\"><h2  class=\"section-title \"><span>La lumi\u00e8re de Gaud\u00ed <\/span><\/h2><\/header><\/div>[vc_empty_space height=&#8221;30px&#8221;][vc_column_text el_class=&#8221;destacat_plafo&#8221;]<\/p>\n<p style=\"text-align: center;\"><em><big>&#8220;En regardant des pots de fleurs, entour\u00e9 de vignes et d&#8217;oliviers, anim\u00e9 par le gloussement des poules, le chant des oiseaux et le bourdonnement des insectes, et avec les montagnes de Prades en arri\u00e8re-plan, j&#8217;ai captur\u00e9 les images les plus pures et les plus agr\u00e9ables de la nature, qui est toujours mon professeur.&#8221;<\/big><\/em><br \/>\n<small>Antoni Gaud\u00ed<\/small><\/p>\n<p>[\/vc_column_text][vc_column_text]La lumi\u00e8re, \u00e0 Riudoms, raccourcit les distances. Produit un effet magique et mystique. Le g\u00e9nie de Gaud\u00ed est un produit de la contemplation de ces surfaces, de ces couleurs, de leur origine. Riudoms respire l\u2019arri\u00e8re-go\u00fbt de la M\u00e9diterran\u00e9e. Le village que Gaud\u00ed aimait rappelle avec cette route le g\u00e9nie et l\u2019origine de l\u2019artiste.[\/vc_column_text]<div  class=\"wpb_content_element   clearfix\"><style type=\"text\/css\" scoped>#ut_am_69d26be33ecfb { opacity: 1; }<\/style><div id=\"ut_am_wrap_69d26be33ecfd\" class=\"ut-image-gallery-image \" style=\"text-align:center;\"><div class=\"ut-animated-image-item ut-image-gallery-item ut-animation-done\"><a class=\"ut-deactivated-link\" href=\"#\"><img loading=\"lazy\" decoding=\"async\" title=\"rgr-liquens-960\" id=\"ut_am_69d26be33ecfb\" style=\"\" src=\"https:\/\/rutagaudiriudoms.cat\/wp-content\/uploads\/2019\/04\/rgr-liquens-960.jpg\" width=\"960\" height=\"640\" alt=\"L\u00edquen\"\/><\/a><\/div><\/div><\/div>[vc_column_text]L\u2019origine riudomenc de Gaud\u00ed lui a fourni un vaste catalogue d\u2019images et d\u2019id\u00e9es. Cela lui a donn\u00e9 un grand sentiment d\u2019appartenance. Il garda toujours des liens avec Riudoms et, quand il disposait de quelques jours de cong\u00e9, il s\u2019enfuyait l\u00e0-bas. Seul le besoin d\u2019argent pour son Temple de Barcelone a \u00e9t\u00e9 la raison pour laquelle il s\u2019est d\u00e9fait de certaines propri\u00e9t\u00e9s familiales; d\u2019autres ont \u00e9t\u00e9 donn\u00e9es \u00e0 son bien-aim\u00e9 Riudoms.[\/vc_column_text]<div  class=\"wpb_content_element   clearfix\"><style type=\"text\/css\" scoped>#ut_am_69d26be33f538 { opacity: 1; }<\/style><div id=\"ut_am_wrap_69d26be33f53a\" class=\"ut-image-gallery-image \" style=\"text-align:center;\"><div class=\"ut-animated-image-item ut-image-gallery-item ut-animation-done\"><a class=\"ut-deactivated-link\" href=\"#\"><img loading=\"lazy\" decoding=\"async\" title=\"rgr-bicicleta-960\" id=\"ut_am_69d26be33f538\" style=\"\" src=\"https:\/\/rutagaudiriudoms.cat\/wp-content\/uploads\/2019\/04\/rgr-bicicleta-960.jpg\" width=\"960\" height=\"627\" alt=\"Bicicleta\"\/><\/a><\/div><\/div><\/div>[vc_message message_box_color=&#8221;white&#8221; icon_fontawesome=&#8221;fa fa-comment-o&#8221; el_class=&#8221;destacat_plafo&#8221;]Gaud\u00ed avait besoin de red\u00e9couvrir ces lieux d&#8217;enfance pour nourrir son imagination. C&#8217;est ici, avec les montagnes du Baix Camp et du Montsant, le ruisseau de Maspujols et la plaine de Riudoms, entour\u00e9 de clochers et de vitalit\u00e9, que de nombreux horizons se sont ouverts \u00e0 lui.[\/vc_message]<div  class=\"wpb_content_element   clearfix\"><style type=\"text\/css\" scoped>#ut_am_69d26be33fced { opacity: 1; }<\/style><div id=\"ut_am_wrap_69d26be33fcee\" class=\"ut-image-gallery-image \" style=\"text-align:center;\"><div class=\"ut-animated-image-item ut-image-gallery-item ut-animation-done\"><a class=\"ut-deactivated-link\" href=\"#\"><img loading=\"lazy\" decoding=\"async\" title=\"rgr-roca-960\" id=\"ut_am_69d26be33fced\" style=\"\" src=\"https:\/\/rutagaudiriudoms.cat\/wp-content\/uploads\/2019\/04\/rgr-roca-960.jpg\" width=\"960\" height=\"638\" alt=\"Roca foradada\"\/><\/a><\/div><\/div><\/div>[vc_message message_box_color=&#8221;white&#8221; icon_fontawesome=&#8221;fa fa-comment-o&#8221; el_class=&#8221;destacat_plafo&#8221;]On a beaucoup \u00e9crit sur Gaud\u00ed, mais sur Gaud\u00ed et Riudoms, il y a tout \u00e0 dire.[\/vc_message]<div  class=\"wpb_content_element   clearfix\"><style type=\"text\/css\" scoped>#ut_am_69d26be340369 { opacity: 1; }<\/style><div id=\"ut_am_wrap_69d26be34036a\" class=\"ut-image-gallery-image \" style=\"text-align:center;\"><div class=\"ut-animated-image-item ut-image-gallery-item ut-animation-done\"><a class=\"ut-deactivated-link\" href=\"#\"><img loading=\"lazy\" decoding=\"async\" title=\"rgr-logo-002-500\" id=\"ut_am_69d26be340369\" style=\"\" src=\"https:\/\/rutagaudiriudoms.cat\/wp-content\/uploads\/2019\/04\/rgr-logo-002-500.png\" width=\"501\" height=\"400\" alt=\"Logotip Ruta Gaud\u00ed Riudoms\"\/><\/a><\/div><\/div><\/div>[vc_message message_box_color=&#8221;white&#8221; icon_fontawesome=&#8221;fa fa-comment-o&#8221; el_class=&#8221;destacat_plafo&#8221;]La Route de Gaud\u00ed pour Riudoms est le seul itin\u00e9raire urbain du monde o\u00f9 il est possible de d\u00e9couvrir l&#8217;origine des sensations qui ont inspir\u00e9 le jeune Gaud\u00ed et que nous retrouvons dans son \u0153uvre.[\/vc_message][\/vc_column][vc_column width=&#8221;1\/12&#8243;][\/vc_column][\/vc_row][\/vc_section][vc_section css=&#8221;.vc_custom_1555402179771{background-color: #faeee1 !important;}&#8221;][vc_row][vc_column width=&#8221;1\/12&#8243;][\/vc_column][vc_column width=&#8221;5\/6&#8243;]<div  class=\"wpb_content_element   clearfix\"><style type=\"text\/css\" scoped>#ut_am_69d26be340963 { opacity: 1; }<\/style><div id=\"ut_am_wrap_69d26be340965\" class=\"ut-image-gallery-image \" style=\"text-align:center;\"><div class=\"ut-animated-image-item ut-image-gallery-item ut-animation-done\"><a class=\"ut-deactivated-link\" href=\"#\"><img loading=\"lazy\" decoding=\"async\" title=\"rgr-gaudi-sepia2-perfil-203\" id=\"ut_am_69d26be340963\" style=\"\" src=\"https:\/\/rutagaudiriudoms.cat\/wp-content\/uploads\/2019\/04\/rgr-gaudi-sepia2-perfil-203.png\" width=\"203\" height=\"205\" alt=\"Perfil de Gaud\u00ed\"\/><\/a><\/div><\/div><\/div><div  class=\"wpb_content_element   clearfix\"><style type=\"text\/css\" scoped>#ut_am_69d26be340f23 { opacity: 1; }<\/style><div id=\"ut_am_wrap_69d26be340f24\" class=\"ut-image-gallery-image \" style=\"text-align:center;\"><div class=\"ut-animated-image-item ut-image-gallery-item ut-animation-done\"><a class=\"ut-deactivated-link\" href=\"#\"><img loading=\"lazy\" decoding=\"async\" title=\"rgr-numeral12-150\" id=\"ut_am_69d26be340f23\" style=\"\" src=\"https:\/\/rutagaudiriudoms.cat\/wp-content\/uploads\/2019\/06\/rgr-numeral12-150.png\" width=\"150\" height=\"53\" alt=\"12 de 12\"\/><\/a><\/div><\/div><\/div><div class=\"wpb_content_element \"><style type=\"text\/css\" scoped>#ut_header_69d26be340f84 h2 span { color:#ec931c; }#ut_header_69d26be340f84 h2.section-title { font-size: 24px; }<\/style><header id=\"ut_header_69d26be340f84\" class=\"section-header pt-style-7 header-center\"><h2  class=\"section-title \"><span>Les Gaud\u00ed et Riudoms<\/span><\/h2><\/header><\/div>[vc_row_inner][vc_column_inner][vc_column_text]Les diff\u00e9rentes g\u00e9n\u00e9rations de Gaud\u00ed \u00e9taient li\u00e9es \u00e0 des familles ais\u00e9es de Riudoms : Forcades -ferrer-, Compte, Claveguera, Capdevila -manescal-, Molons, Sugra\u00f1es, Granada, Pujol, Tarrag\u00f3, Gran -ascendants du bienheureux Bonaventura-, Montserrat, Pomerol, etc. Venant \u00e9galement d&#8217;autres villes : Reus, Vila-seca, Tarragone, Almoster, Botarell, Vila-rodona, Borges d&#8217;Urgell. Certains des mariages ont eu lieu entre diff\u00e9rents membres d&#8217;une m\u00eame famille. Au cours du XVIIIe si\u00e8cle, le nom de famille s&#8217;est r\u00e9pandu dans les comt\u00e9s voisins de Garrigues et de Baix Ebre.[\/vc_column_text][\/vc_column_inner][\/vc_row_inner][\/vc_column][vc_column width=&#8221;1\/12&#8243;][\/vc_column][\/vc_row][\/vc_section]<\/p>\n","protected":false},"excerpt":{"rendered":"<p>[vc_section css=&#8221;.vc_custom_1548946330315{padding-top: 80px !important;}&#8221;][vc_row css=&#8221;.vc_custom_1548862315669{margin-bottom: 0px !important;}&#8221;][vc_column][vc_column_text el_class=&#8221;numPlafo&#8221;] Panneau 12\u00a0 [\/vc_column_text][\/vc_column][\/vc_row][vc_row css=&#8221;.vc_custom_1548862319912{margin-top: 0px !important;}&#8221;][vc_column width=&#8221;1\/12&#8243;][\/vc_column][vc_column width=&#8221;5\/6&#8243;][vc_empty_space height=&#8221;30px&#8221;][vc_column_text el_class=&#8221;destacat_plafo&#8221;] &#8220;En regardant des pots de fleurs, entour\u00e9 de vignes et d&#8217;oliviers, anim\u00e9 par le gloussement des poules, le chant des oiseaux et le bourdonnement des insectes, et avec les montagnes de Prades en arri\u00e8re-plan, j&#8217;ai captur\u00e9 les [&hellip;]<\/p>\n","protected":false},"author":1,"featured_media":0,"parent":8,"menu_order":0,"comment_status":"closed","ping_status":"closed","template":"","meta":{"footnotes":""},"class_list":["post-3395","page","type-page","status-publish","hentry"],"translation":{"provider":"WPGlobus","version":"3.0.2","language":"fr","enabled_languages":["at","es","en","fr"],"languages":{"at":{"title":true,"content":true,"excerpt":false},"es":{"title":true,"content":true,"excerpt":false},"en":{"title":true,"content":true,"excerpt":false},"fr":{"title":true,"content":true,"excerpt":false}}},"yoast_head":"<!-- This site is optimized with the Yoast SEO plugin v24.1 - https:\/\/yoast.com\/wordpress\/plugins\/seo\/ -->\n<title>Panneau 12 - La lumi\u00e8re de Gaud\u00ed | Ruta Riudoms Gaud\u00ed<\/title>\n<meta name=\"robots\" content=\"index, follow, max-snippet:-1, max-image-preview:large, max-video-preview:-1\" \/>\n<link rel=\"canonical\" href=\"https:\/\/rutagaudiriudoms.cat\/ca\/plafo-12\/\" \/>\n<meta property=\"og:locale\" content=\"fr_FR\" \/>\n<meta property=\"og:type\" content=\"article\" \/>\n<meta property=\"og:title\" content=\"Panneau 12 - La lumi\u00e8re de Gaud\u00ed | Ruta Riudoms Gaud\u00ed\" \/>\n<meta property=\"og:url\" content=\"https:\/\/rutagaudiriudoms.cat\/ca\/plafo-12\/\" \/>\n<meta property=\"og:site_name\" content=\"Ruta Riudoms Gaud\u00ed\" \/>\n<meta property=\"article:modified_time\" content=\"2022-08-03T12:43:15+00:00\" \/>\n<meta property=\"og:image\" content=\"https:\/\/rutagaudiriudoms.cat\/wp-content\/uploads\/2019\/04\/Mesa-de-trabajo-12.png\" \/>\n<meta name=\"twitter:card\" content=\"summary_large_image\" \/>\n<meta name=\"twitter:label1\" content=\"Est. reading time\" \/>\n\t<meta name=\"twitter:data1\" content=\"3 minutes\" \/>\n<script type=\"application\/ld+json\" class=\"yoast-schema-graph\">{\"@context\":\"https:\/\/schema.org\",\"@graph\":[{\"@type\":\"WebPage\",\"@id\":\"https:\/\/rutagaudiriudoms.cat\/ca\/plafo-12\/\",\"url\":\"https:\/\/rutagaudiriudoms.cat\/ca\/plafo-12\/\",\"name\":\"Panneau 12 - La lumi\u00e8re de Gaud\u00ed | Ruta Riudoms Gaud\u00ed\",\"isPartOf\":{\"@id\":\"https:\/\/rutagaudiriudoms.cat\/#website\"},\"primaryImageOfPage\":{\"@id\":\"https:\/\/rutagaudiriudoms.cat\/ca\/plafo-12\/#primaryimage\"},\"image\":{\"@id\":\"https:\/\/rutagaudiriudoms.cat\/ca\/plafo-12\/#primaryimage\"},\"thumbnailUrl\":\"https:\/\/rutagaudiriudoms.cat\/wp-content\/uploads\/2019\/04\/Mesa-de-trabajo-12.png\",\"datePublished\":\"2019-02-12T11:13:44+00:00\",\"dateModified\":\"2022-08-03T12:43:15+00:00\",\"breadcrumb\":{\"@id\":\"https:\/\/rutagaudiriudoms.cat\/ca\/plafo-12\/#breadcrumb\"},\"inLanguage\":\"fr-FR\",\"potentialAction\":[{\"@type\":\"ReadAction\",\"target\":[\"https:\/\/rutagaudiriudoms.cat\/ca\/plafo-12\/\"]}]},{\"@type\":\"ImageObject\",\"inLanguage\":\"fr-FR\",\"@id\":\"https:\/\/rutagaudiriudoms.cat\/ca\/plafo-12\/#primaryimage\",\"url\":\"https:\/\/rutagaudiriudoms.cat\/wp-content\/uploads\/2019\/04\/Mesa-de-trabajo-12.png\",\"contentUrl\":\"https:\/\/rutagaudiriudoms.cat\/wp-content\/uploads\/2019\/04\/Mesa-de-trabajo-12.png\"},{\"@type\":\"BreadcrumbList\",\"@id\":\"https:\/\/rutagaudiriudoms.cat\/ca\/plafo-12\/#breadcrumb\",\"itemListElement\":[{\"@type\":\"ListItem\",\"position\":1,\"name\":\"Inici\",\"item\":\"https:\/\/rutagaudiriudoms.cat\/\"},{\"@type\":\"ListItem\",\"position\":2,\"name\":\"Inici\",\"item\":\"https:\/\/rutagaudiriudoms.cat\/\"},{\"@type\":\"ListItem\",\"position\":3,\"name\":\"Plaf\u00f3 12 &#8211; La llum de Gaud\u00ed\"}]},{\"@type\":\"WebSite\",\"@id\":\"https:\/\/rutagaudiriudoms.cat\/#website\",\"url\":\"https:\/\/rutagaudiriudoms.cat\/\",\"name\":\"Ruta Riudoms Gaud\u00ed\",\"description\":\"Espai a internet de la ruta de Gaud\u00ed a Riudoms\",\"publisher\":{\"@id\":\"https:\/\/rutagaudiriudoms.cat\/#organization\"},\"potentialAction\":[{\"@type\":\"SearchAction\",\"target\":{\"@type\":\"EntryPoint\",\"urlTemplate\":\"https:\/\/rutagaudiriudoms.cat\/?s={search_term_string}\"},\"query-input\":{\"@type\":\"PropertyValueSpecification\",\"valueRequired\":true,\"valueName\":\"search_term_string\"}}],\"inLanguage\":\"fr-FR\"},{\"@type\":\"Organization\",\"@id\":\"https:\/\/rutagaudiriudoms.cat\/#organization\",\"name\":\"Ruta Riudoms Gaud\u00ed\",\"url\":\"https:\/\/rutagaudiriudoms.cat\/\",\"logo\":{\"@type\":\"ImageObject\",\"inLanguage\":\"fr-FR\",\"@id\":\"https:\/\/rutagaudiriudoms.cat\/#\/schema\/logo\/image\/\",\"url\":\"https:\/\/rutagaudiriudoms.cat\/wp-content\/uploads\/2019\/04\/rgr-logo-002-101.png\",\"contentUrl\":\"https:\/\/rutagaudiriudoms.cat\/wp-content\/uploads\/2019\/04\/rgr-logo-002-101.png\",\"width\":101,\"height\":60,\"caption\":\"Ruta Riudoms Gaud\u00ed\"},\"image\":{\"@id\":\"https:\/\/rutagaudiriudoms.cat\/#\/schema\/logo\/image\/\"}}]}<\/script>\n<!-- \/ Yoast SEO plugin. -->","yoast_head_json":{"title":"Panneau 12 - La lumi\u00e8re de Gaud\u00ed | Ruta Riudoms Gaud\u00ed","robots":{"index":"index","follow":"follow","max-snippet":"max-snippet:-1","max-image-preview":"max-image-preview:large","max-video-preview":"max-video-preview:-1"},"canonical":"https:\/\/rutagaudiriudoms.cat\/ca\/plafo-12\/","og_locale":"fr_FR","og_type":"article","og_title":"Panneau 12 - La lumi\u00e8re de Gaud\u00ed | Ruta Riudoms Gaud\u00ed","og_url":"https:\/\/rutagaudiriudoms.cat\/ca\/plafo-12\/","og_site_name":"Ruta Riudoms Gaud\u00ed","article_modified_time":"2022-08-03T12:43:15+00:00","og_image":[{"url":"https:\/\/rutagaudiriudoms.cat\/wp-content\/uploads\/2019\/04\/Mesa-de-trabajo-12.png","type":"","width":"","height":""}],"twitter_card":"summary_large_image","twitter_misc":{"Est. reading time":"3 minutes"},"schema":{"@context":"https:\/\/schema.org","@graph":[{"@type":"WebPage","@id":"https:\/\/rutagaudiriudoms.cat\/ca\/plafo-12\/","url":"https:\/\/rutagaudiriudoms.cat\/ca\/plafo-12\/","name":"Panneau 12 - La lumi\u00e8re de Gaud\u00ed | Ruta Riudoms Gaud\u00ed","isPartOf":{"@id":"https:\/\/rutagaudiriudoms.cat\/#website"},"primaryImageOfPage":{"@id":"https:\/\/rutagaudiriudoms.cat\/ca\/plafo-12\/#primaryimage"},"image":{"@id":"https:\/\/rutagaudiriudoms.cat\/ca\/plafo-12\/#primaryimage"},"thumbnailUrl":"https:\/\/rutagaudiriudoms.cat\/wp-content\/uploads\/2019\/04\/Mesa-de-trabajo-12.png","datePublished":"2019-02-12T11:13:44+00:00","dateModified":"2022-08-03T12:43:15+00:00","breadcrumb":{"@id":"https:\/\/rutagaudiriudoms.cat\/ca\/plafo-12\/#breadcrumb"},"inLanguage":"fr-FR","potentialAction":[{"@type":"ReadAction","target":["https:\/\/rutagaudiriudoms.cat\/ca\/plafo-12\/"]}]},{"@type":"ImageObject","inLanguage":"fr-FR","@id":"https:\/\/rutagaudiriudoms.cat\/ca\/plafo-12\/#primaryimage","url":"https:\/\/rutagaudiriudoms.cat\/wp-content\/uploads\/2019\/04\/Mesa-de-trabajo-12.png","contentUrl":"https:\/\/rutagaudiriudoms.cat\/wp-content\/uploads\/2019\/04\/Mesa-de-trabajo-12.png"},{"@type":"BreadcrumbList","@id":"https:\/\/rutagaudiriudoms.cat\/ca\/plafo-12\/#breadcrumb","itemListElement":[{"@type":"ListItem","position":1,"name":"Inici","item":"https:\/\/rutagaudiriudoms.cat\/"},{"@type":"ListItem","position":2,"name":"Inici","item":"https:\/\/rutagaudiriudoms.cat\/"},{"@type":"ListItem","position":3,"name":"Plaf\u00f3 12 &#8211; La llum de Gaud\u00ed"}]},{"@type":"WebSite","@id":"https:\/\/rutagaudiriudoms.cat\/#website","url":"https:\/\/rutagaudiriudoms.cat\/","name":"Ruta Riudoms Gaud\u00ed","description":"Espai a internet de la ruta de Gaud\u00ed a Riudoms","publisher":{"@id":"https:\/\/rutagaudiriudoms.cat\/#organization"},"potentialAction":[{"@type":"SearchAction","target":{"@type":"EntryPoint","urlTemplate":"https:\/\/rutagaudiriudoms.cat\/?s={search_term_string}"},"query-input":{"@type":"PropertyValueSpecification","valueRequired":true,"valueName":"search_term_string"}}],"inLanguage":"fr-FR"},{"@type":"Organization","@id":"https:\/\/rutagaudiriudoms.cat\/#organization","name":"Ruta Riudoms Gaud\u00ed","url":"https:\/\/rutagaudiriudoms.cat\/","logo":{"@type":"ImageObject","inLanguage":"fr-FR","@id":"https:\/\/rutagaudiriudoms.cat\/#\/schema\/logo\/image\/","url":"https:\/\/rutagaudiriudoms.cat\/wp-content\/uploads\/2019\/04\/rgr-logo-002-101.png","contentUrl":"https:\/\/rutagaudiriudoms.cat\/wp-content\/uploads\/2019\/04\/rgr-logo-002-101.png","width":101,"height":60,"caption":"Ruta Riudoms Gaud\u00ed"},"image":{"@id":"https:\/\/rutagaudiriudoms.cat\/#\/schema\/logo\/image\/"}}]}},"_links":{"self":[{"href":"https:\/\/rutagaudiriudoms.cat\/fr\/wp-json\/wp\/v2\/pages\/3395","targetHints":{"allow":["GET"]}}],"collection":[{"href":"https:\/\/rutagaudiriudoms.cat\/fr\/wp-json\/wp\/v2\/pages"}],"about":[{"href":"https:\/\/rutagaudiriudoms.cat\/fr\/wp-json\/wp\/v2\/types\/page"}],"author":[{"embeddable":true,"href":"https:\/\/rutagaudiriudoms.cat\/fr\/wp-json\/wp\/v2\/users\/1"}],"replies":[{"embeddable":true,"href":"https:\/\/rutagaudiriudoms.cat\/fr\/wp-json\/wp\/v2\/comments?post=3395"}],"version-history":[{"count":0,"href":"https:\/\/rutagaudiriudoms.cat\/fr\/wp-json\/wp\/v2\/pages\/3395\/revisions"}],"up":[{"embeddable":true,"href":"https:\/\/rutagaudiriudoms.cat\/fr\/wp-json\/wp\/v2\/pages\/8"}],"wp:attachment":[{"href":"https:\/\/rutagaudiriudoms.cat\/fr\/wp-json\/wp\/v2\/media?parent=3395"}],"curies":[{"name":"wp","href":"https:\/\/api.w.org\/{rel}","templated":true}]}}