{"id":3393,"date":"2019-02-12T13:13:06","date_gmt":"2019-02-12T11:13:06","guid":{"rendered":"http:\/\/tgd.info\/riudoms\/?page_id=3393"},"modified":"2022-08-04T00:35:42","modified_gmt":"2022-08-03T22:35:42","slug":"plafo-11","status":"publish","type":"page","link":"https:\/\/rutagaudiriudoms.cat\/fr\/ca\/plafo-11\/","title":{"rendered":"Panneau 11 &#8211; Gaud\u00ed et Riudoms"},"content":{"rendered":"<p>[vc_section css=&#8221;.vc_custom_1548946330315{padding-top: 80px !important;}&#8221;][vc_row css=&#8221;.vc_custom_1548862315669{margin-bottom: 0px !important;}&#8221;][vc_column][vc_column_text el_class=&#8221;numPlafo&#8221;]<\/p>\n<table style=\"width: 100%; border: 0px solid white;\">\n<tbody>\n<tr style=\"border: 0px solid white;\">\n<td style=\"min-width: 102px; padding: 0px;\"><img loading=\"lazy\" decoding=\"async\" class=\"aligncenter wp-image-3498 size-full\" src=\"https:\/\/rutagaudiriudoms.cat\/wp-content\/uploads\/2019\/04\/Mesa-de-trabajo-11.png\" alt=\"\" width=\"101\" height=\"100\" \/><\/td>\n<td style=\"width: 100%; text-align: left;\"><strong>Penneau 11\u00a0<\/strong><\/td>\n<\/tr>\n<\/tbody>\n<\/table>\n<p>[\/vc_column_text][\/vc_column][\/vc_row][vc_row css=&#8221;.vc_custom_1548862319912{margin-top: 0px !important;}&#8221;][vc_column width=&#8221;1\/12&#8243;][\/vc_column][vc_column width=&#8221;5\/6&#8243;]<div class=\"wpb_content_element  vc_custom_1659530099838\"><style type=\"text\/css\" scoped>#ut_header_69d02711890d5 h2 span { color:; }<\/style><header id=\"ut_header_69d02711890d5\" class=\"section-header pt-style-7 header-center\"><h2  class=\"section-title \"><span>Gaud\u00ed et Riudoms<\/span><\/h2><\/header><\/div><div  class=\"wpb_content_element   clearfix\"><style type=\"text\/css\" scoped>#ut_am_69d02711896ea { opacity: 1; }<\/style><div id=\"ut_am_wrap_69d02711896eb\" class=\"ut-image-gallery-image \" style=\"text-align:center;\"><div class=\"ut-animated-image-item ut-image-gallery-item ut-animation-done\"><a class=\"ut-deactivated-link\" href=\"#\"><img loading=\"lazy\" decoding=\"async\" title=\"rgr-numeral11-150\" id=\"ut_am_69d02711896ea\" style=\"\" src=\"https:\/\/rutagaudiriudoms.cat\/wp-content\/uploads\/2019\/06\/rgr-numeral11-150.png\" width=\"150\" height=\"53\" alt=\"11 de 12\"\/><\/a><\/div><\/div><\/div>[vc_empty_space height=&#8221;30px&#8221;][vc_column_text el_class=&#8221;destacat_plafo&#8221;]<\/p>\n<p style=\"text-align: center;\"><em><big>&#8220;Au monde, rien n\u2019a \u00e9t\u00e9 invent\u00e9. Les mouches volent depuis des milliers d\u2019ann\u00e9es; les hommes ont seulement construit les avions jusqu\u2019\u00e0 pr\u00e9sent.&#8221;<\/big><\/em><br \/>\n<small>Antoni Gaud\u00ed<\/small><\/p>\n<p>[\/vc_column_text][vc_column_text]Antoni Gaud\u00ed i Cornet est n\u00e9 \u00e0 Riudoms le 25 juin 1852 et a \u00e9t\u00e9 baptis\u00e9 le lendemain dans l\u2019\u00e9glise prieurale de Sant Pere de Reus. Il a commenc\u00e9 ses \u00e9tudes \u00e0 Reus.<\/p>\n<p>Avant l&#8217;\u00e2ge de six ans, il a souffert de rhumatismes articulaires et d&#8217;une affection pulmonaire. La maladie lui a rendu difficile de jouer avec des enfants comme lui ; en revanche, cela a favoris\u00e9 sa capacit\u00e9 d&#8217;observation. Quand il allait bien, il faisait de longues promenades, depuis le Mas de la Calderera, le long du ruisseau de Maspujols, les ruines des fours romains, jusqu&#8217;\u00e0 la route de Monterols ou \u00e0 l&#8217;aqueduc de Capellans.[\/vc_column_text]<div  class=\"wpb_content_element   clearfix\"><style type=\"text\/css\" scoped>#ut_am_69d0271189c61 { opacity: 1; }<\/style><div id=\"ut_am_wrap_69d0271189c62\" class=\"ut-image-gallery-image \" style=\"text-align:center;\"><div class=\"ut-animated-image-item ut-image-gallery-item ut-animation-done\"><a class=\"ut-deactivated-link\" href=\"#\"><img loading=\"lazy\" decoding=\"async\" title=\"rgr-espardenya-1000\" id=\"ut_am_69d0271189c61\" style=\"\" src=\"https:\/\/rutagaudiriudoms.cat\/wp-content\/uploads\/2019\/06\/rgr-espardenya-1000.png\" width=\"1000\" height=\"1186\" alt=\"Espardenya\"\/><\/a><\/div><\/div><\/div>[vc_message message_box_color=&#8221;white&#8221; icon_fontawesome=&#8221;fa fa-comment-o&#8221; el_class=&#8221;destacat_plafo&#8221;]Gaud\u00ed portait des espadrilles \u00e0 sept semelles qu&#8217;il achetait \u00e0 son cousin, un fabricant d&#8217;espadrilles de Riudoms. La semelle est constitu\u00e9e de fibres d&#8217;alfa ou de chanvre dispos\u00e9es en h\u00e9lice, ce qui lui donne l&#8217;effet d&#8217;un ressort.[\/vc_message][vc_column_text]\u00c0 l\u2019\u00e2ge de onze ans, il alternait ses s\u00e9jours \u00e0 Riudoms avec ses \u00e9tudes aux \u00e9coles de Reus, o\u00f9 il poursuivait ses \u00e9tudes jusqu\u2019\u00e0 la troisi\u00e8me ann\u00e9e. En 1867, avec ses camarades d\u2019\u00e9tudes Eduard Toda et Josep Ribera, il fonda \u00e0 Reus une revue manuscrite appel\u00e9e \u00abEl Arlequin\u00bb dans laquelle Gaud\u00ed s\u2019occupait des illustrations.<\/p>\n<p>En 1868, il s\u2019installe \u00e0 Barcelone pour terminer le baccalaur\u00e9at. En 1872, il a commenc\u00e9 l\u2019architecture. Pour pouvoir payer ses \u00e9tudes, il travailla avec certains de ses professeurs, comme Josep Fontser\u00e9, avec qui il r\u00e9alisa le ch\u00e2teau d\u2019eau pour la cascade et la porte d\u2019entr\u00e9e du parc de la Ciutadella.<\/p>\n<p>Il \u00e9tait membre de la soci\u00e9t\u00e9 \u00e9tudiante Nous Guerrers, suivait les d\u00e9bats \u00e0 l\u2019Ateneu, assistait \u00e0 des conf\u00e9rences sur l\u2019esth\u00e9tique et la philosophie et allait souvent au Liceu.<\/p>\n<p>Il a obtenu son dipl\u00f4me d\u2019architecte en 1878. En 1881, il r\u00e9alisa la chapelle de l&#8217;\u00e9cole des religieuses fran\u00e7aises de J\u00e9sus et Marie, \u00e0 Tarragone. Sa premi\u00e8re grande \u0153uvre fut la Casa Vicens, \u00e0 Barcelone (1883-1885), et la derni\u00e8re, la Sagrada Fam\u00edlia.<\/p>\n<p>Le 7 juin 1926, il a \u00e9t\u00e9 renvers\u00e9 par un tramway. Il a \u00e9t\u00e9 admis \u00e0 l\u2019h\u00f4pital de la Santa Cruz, o\u00f9 il est d\u00e9c\u00e9d\u00e9 le 10. \u00c0 Riudoms, les cloches ont sonn\u00e9 des morts. Pas \u00e0 Reus.[\/vc_column_text]<div  class=\"wpb_content_element   clearfix\"><style type=\"text\/css\" scoped>#ut_am_69d027118a0f6 { opacity: 1; }<\/style><div id=\"ut_am_wrap_69d027118a0f7\" class=\"ut-image-gallery-image \" style=\"text-align:center;\"><div class=\"ut-animated-image-item ut-image-gallery-item ut-animation-done\"><a class=\"ut-deactivated-link\" href=\"#\"><img loading=\"lazy\" decoding=\"async\" title=\"rgr-estatua-gaudi-960\" id=\"ut_am_69d027118a0f6\" style=\"\" src=\"https:\/\/rutagaudiriudoms.cat\/wp-content\/uploads\/2019\/04\/rgr-estatua-gaudi-960.png\" width=\"960\" height=\"1734\" alt=\"Est\u00e0tua de Gaud\u00ed a Riudoms\"\/><\/a><\/div><\/div><\/div>[vc_message message_box_color=&#8221;white&#8221; icon_fontawesome=&#8221;fa fa-comment-o&#8221; el_class=&#8221;destacat_plafo&#8221;]La sculpture de Gaud\u00ed descendant les escaliers de la place de l&#8217;\u00e9glise de Riudoms est l&#8217;\u0153uvre du sculpteur Joan Serrami\u00e0, descendant du Gaud\u00ed de Riudoms[\/vc_message][vc_message message_box_color=&#8221;white&#8221; icon_fontawesome=&#8221;fa fa-comment-o&#8221; el_class=&#8221;destacat_plafo&#8221;]Gaud\u00ed portait toujours dans sa poche une poign\u00e9e de noisettes de Riudoms. Ils lui rappelaient le village, la ferme, les paysans, les gens. Gaud\u00ed s&#8217;est toujours senti riudomenc.[\/vc_message]<div  class=\"wpb_content_element   clearfix\"><style type=\"text\/css\" scoped>#ut_am_69d027118a503 { opacity: 1; }<\/style><div id=\"ut_am_wrap_69d027118a504\" class=\"ut-image-gallery-image \" style=\"text-align:center;\"><div class=\"ut-animated-image-item ut-image-gallery-item ut-animation-done\"><a class=\"ut-deactivated-link\" href=\"#\"><img loading=\"lazy\" decoding=\"async\" title=\"rgr-avellanes-1000\" id=\"ut_am_69d027118a503\" style=\"\" src=\"https:\/\/rutagaudiriudoms.cat\/wp-content\/uploads\/2019\/06\/rgr-avellanes-1000.png\" width=\"1000\" height=\"742\" alt=\"Trencador d&#039;avellanes\"\/><\/a><\/div><\/div><\/div>[\/vc_column][vc_column width=&#8221;1\/12&#8243;][\/vc_column][\/vc_row][\/vc_section][vc_section css=&#8221;.vc_custom_1548862675626{background-color: #faebcc !important;}&#8221;][vc_row][vc_column width=&#8221;1\/12&#8243;][\/vc_column][vc_column width=&#8221;5\/6&#8243;][vc_row_inner el_class=&#8221;exc&#8221;][vc_column_inner][vc_column_text]<strong style=\"color: #3cb5d4!important;\">Le vocabulaire de Gaud\u00ed :<\/strong><\/p>\n<p>Que veut dire Pacifier ? Qu&#8217;est-ce que le rebordonit ? Quand quelque chose est devenu valve, qu&#8217;est-ce que cela signifiait ? Et le xiquet ? Qu&#8217;est-ce qu&#8217;un moixo ? Et un xupiller ? Et les frettes ? Et avoir beaucoup de destin? Qu\u2019est-ce qu\u2019un rodabasses? Que veut dire g\u00e2cher ? S&#8217;ils disent que c&#8217;est un clin d&#8217;\u0153il, qu&#8217;est-ce qu&#8217;ils veulent dire\u00a0?<\/p>\n<p><strong style=\"color: #3cb5d4!important;\">Les plats pr\u00e9f\u00e9r\u00e9s de Gaud\u00ed:<\/strong><\/p>\n<p>Le cassoulet. Coca de recapte et Coca avec oeuf dessus. Un bon pain paysan, tartin\u00e9 de tomacons du terroir et d&#8217;huile d&#8217;olive vierge de Riudoms. Et les noisettes ! Il en portait toujours une poign\u00e9e dans la poche de sa veste.[\/vc_column_text][\/vc_column_inner][\/vc_row_inner][\/vc_column][vc_column width=&#8221;1\/12&#8243;][\/vc_column][\/vc_row][\/vc_section]<\/p>\n","protected":false},"excerpt":{"rendered":"<p>[vc_section css=&#8221;.vc_custom_1548946330315{padding-top: 80px !important;}&#8221;][vc_row css=&#8221;.vc_custom_1548862315669{margin-bottom: 0px !important;}&#8221;][vc_column][vc_column_text el_class=&#8221;numPlafo&#8221;] Penneau 11\u00a0 [\/vc_column_text][\/vc_column][\/vc_row][vc_row css=&#8221;.vc_custom_1548862319912{margin-top: 0px !important;}&#8221;][vc_column width=&#8221;1\/12&#8243;][\/vc_column][vc_column width=&#8221;5\/6&#8243;][vc_empty_space height=&#8221;30px&#8221;][vc_column_text el_class=&#8221;destacat_plafo&#8221;] &#8220;Au monde, rien n\u2019a \u00e9t\u00e9 invent\u00e9. Les mouches volent depuis des milliers d\u2019ann\u00e9es; les hommes ont seulement construit les avions jusqu\u2019\u00e0 pr\u00e9sent.&#8221; Antoni Gaud\u00ed [\/vc_column_text][vc_column_text]Antoni Gaud\u00ed i Cornet est n\u00e9 \u00e0 Riudoms le 25 juin 1852 et [&hellip;]<\/p>\n","protected":false},"author":1,"featured_media":0,"parent":8,"menu_order":0,"comment_status":"closed","ping_status":"closed","template":"","meta":{"footnotes":""},"class_list":["post-3393","page","type-page","status-publish","hentry"],"translation":{"provider":"WPGlobus","version":"3.0.2","language":"fr","enabled_languages":["at","es","en","fr"],"languages":{"at":{"title":true,"content":true,"excerpt":false},"es":{"title":true,"content":true,"excerpt":false},"en":{"title":true,"content":true,"excerpt":false},"fr":{"title":true,"content":true,"excerpt":false}}},"yoast_head":"<!-- This site is optimized with the Yoast SEO plugin v24.1 - https:\/\/yoast.com\/wordpress\/plugins\/seo\/ -->\n<title>Panneau 11 - Gaud\u00ed et Riudoms | Ruta Riudoms Gaud\u00ed<\/title>\n<meta name=\"robots\" content=\"index, follow, max-snippet:-1, max-image-preview:large, max-video-preview:-1\" \/>\n<link rel=\"canonical\" href=\"https:\/\/rutagaudiriudoms.cat\/ca\/plafo-11\/\" \/>\n<meta property=\"og:locale\" content=\"fr_FR\" \/>\n<meta property=\"og:type\" content=\"article\" \/>\n<meta property=\"og:title\" content=\"Panneau 11 - Gaud\u00ed et Riudoms | Ruta Riudoms Gaud\u00ed\" \/>\n<meta property=\"og:url\" content=\"https:\/\/rutagaudiriudoms.cat\/ca\/plafo-11\/\" \/>\n<meta property=\"og:site_name\" content=\"Ruta Riudoms Gaud\u00ed\" \/>\n<meta property=\"article:modified_time\" content=\"2022-08-03T22:35:42+00:00\" \/>\n<meta property=\"og:image\" content=\"https:\/\/rutagaudiriudoms.cat\/wp-content\/uploads\/2019\/04\/Mesa-de-trabajo-11.png\" \/>\n<meta name=\"twitter:card\" content=\"summary_large_image\" \/>\n<meta name=\"twitter:label1\" content=\"Est. reading time\" \/>\n\t<meta name=\"twitter:data1\" content=\"4 minutes\" \/>\n<script type=\"application\/ld+json\" class=\"yoast-schema-graph\">{\"@context\":\"https:\/\/schema.org\",\"@graph\":[{\"@type\":\"WebPage\",\"@id\":\"https:\/\/rutagaudiriudoms.cat\/ca\/plafo-11\/\",\"url\":\"https:\/\/rutagaudiriudoms.cat\/ca\/plafo-11\/\",\"name\":\"Panneau 11 - Gaud\u00ed et Riudoms | Ruta Riudoms Gaud\u00ed\",\"isPartOf\":{\"@id\":\"https:\/\/rutagaudiriudoms.cat\/#website\"},\"primaryImageOfPage\":{\"@id\":\"https:\/\/rutagaudiriudoms.cat\/ca\/plafo-11\/#primaryimage\"},\"image\":{\"@id\":\"https:\/\/rutagaudiriudoms.cat\/ca\/plafo-11\/#primaryimage\"},\"thumbnailUrl\":\"https:\/\/rutagaudiriudoms.cat\/wp-content\/uploads\/2019\/04\/Mesa-de-trabajo-11.png\",\"datePublished\":\"2019-02-12T11:13:06+00:00\",\"dateModified\":\"2022-08-03T22:35:42+00:00\",\"breadcrumb\":{\"@id\":\"https:\/\/rutagaudiriudoms.cat\/ca\/plafo-11\/#breadcrumb\"},\"inLanguage\":\"fr-FR\",\"potentialAction\":[{\"@type\":\"ReadAction\",\"target\":[\"https:\/\/rutagaudiriudoms.cat\/ca\/plafo-11\/\"]}]},{\"@type\":\"ImageObject\",\"inLanguage\":\"fr-FR\",\"@id\":\"https:\/\/rutagaudiriudoms.cat\/ca\/plafo-11\/#primaryimage\",\"url\":\"https:\/\/rutagaudiriudoms.cat\/wp-content\/uploads\/2019\/04\/Mesa-de-trabajo-11.png\",\"contentUrl\":\"https:\/\/rutagaudiriudoms.cat\/wp-content\/uploads\/2019\/04\/Mesa-de-trabajo-11.png\"},{\"@type\":\"BreadcrumbList\",\"@id\":\"https:\/\/rutagaudiriudoms.cat\/ca\/plafo-11\/#breadcrumb\",\"itemListElement\":[{\"@type\":\"ListItem\",\"position\":1,\"name\":\"Inici\",\"item\":\"https:\/\/rutagaudiriudoms.cat\/\"},{\"@type\":\"ListItem\",\"position\":2,\"name\":\"Inici\",\"item\":\"https:\/\/rutagaudiriudoms.cat\/\"},{\"@type\":\"ListItem\",\"position\":3,\"name\":\"Plaf\u00f3 11 &#8211; Gaud\u00ed i Riudoms\"}]},{\"@type\":\"WebSite\",\"@id\":\"https:\/\/rutagaudiriudoms.cat\/#website\",\"url\":\"https:\/\/rutagaudiriudoms.cat\/\",\"name\":\"Ruta Riudoms Gaud\u00ed\",\"description\":\"Espai a internet de la ruta de Gaud\u00ed a Riudoms\",\"publisher\":{\"@id\":\"https:\/\/rutagaudiriudoms.cat\/#organization\"},\"potentialAction\":[{\"@type\":\"SearchAction\",\"target\":{\"@type\":\"EntryPoint\",\"urlTemplate\":\"https:\/\/rutagaudiriudoms.cat\/?s={search_term_string}\"},\"query-input\":{\"@type\":\"PropertyValueSpecification\",\"valueRequired\":true,\"valueName\":\"search_term_string\"}}],\"inLanguage\":\"fr-FR\"},{\"@type\":\"Organization\",\"@id\":\"https:\/\/rutagaudiriudoms.cat\/#organization\",\"name\":\"Ruta Riudoms Gaud\u00ed\",\"url\":\"https:\/\/rutagaudiriudoms.cat\/\",\"logo\":{\"@type\":\"ImageObject\",\"inLanguage\":\"fr-FR\",\"@id\":\"https:\/\/rutagaudiriudoms.cat\/#\/schema\/logo\/image\/\",\"url\":\"https:\/\/rutagaudiriudoms.cat\/wp-content\/uploads\/2019\/04\/rgr-logo-002-101.png\",\"contentUrl\":\"https:\/\/rutagaudiriudoms.cat\/wp-content\/uploads\/2019\/04\/rgr-logo-002-101.png\",\"width\":101,\"height\":60,\"caption\":\"Ruta Riudoms Gaud\u00ed\"},\"image\":{\"@id\":\"https:\/\/rutagaudiriudoms.cat\/#\/schema\/logo\/image\/\"}}]}<\/script>\n<!-- \/ Yoast SEO plugin. -->","yoast_head_json":{"title":"Panneau 11 - Gaud\u00ed et Riudoms | Ruta Riudoms Gaud\u00ed","robots":{"index":"index","follow":"follow","max-snippet":"max-snippet:-1","max-image-preview":"max-image-preview:large","max-video-preview":"max-video-preview:-1"},"canonical":"https:\/\/rutagaudiriudoms.cat\/ca\/plafo-11\/","og_locale":"fr_FR","og_type":"article","og_title":"Panneau 11 - Gaud\u00ed et Riudoms | Ruta Riudoms Gaud\u00ed","og_url":"https:\/\/rutagaudiriudoms.cat\/ca\/plafo-11\/","og_site_name":"Ruta Riudoms Gaud\u00ed","article_modified_time":"2022-08-03T22:35:42+00:00","og_image":[{"url":"https:\/\/rutagaudiriudoms.cat\/wp-content\/uploads\/2019\/04\/Mesa-de-trabajo-11.png","type":"","width":"","height":""}],"twitter_card":"summary_large_image","twitter_misc":{"Est. reading time":"4 minutes"},"schema":{"@context":"https:\/\/schema.org","@graph":[{"@type":"WebPage","@id":"https:\/\/rutagaudiriudoms.cat\/ca\/plafo-11\/","url":"https:\/\/rutagaudiriudoms.cat\/ca\/plafo-11\/","name":"Panneau 11 - Gaud\u00ed et Riudoms | Ruta Riudoms Gaud\u00ed","isPartOf":{"@id":"https:\/\/rutagaudiriudoms.cat\/#website"},"primaryImageOfPage":{"@id":"https:\/\/rutagaudiriudoms.cat\/ca\/plafo-11\/#primaryimage"},"image":{"@id":"https:\/\/rutagaudiriudoms.cat\/ca\/plafo-11\/#primaryimage"},"thumbnailUrl":"https:\/\/rutagaudiriudoms.cat\/wp-content\/uploads\/2019\/04\/Mesa-de-trabajo-11.png","datePublished":"2019-02-12T11:13:06+00:00","dateModified":"2022-08-03T22:35:42+00:00","breadcrumb":{"@id":"https:\/\/rutagaudiriudoms.cat\/ca\/plafo-11\/#breadcrumb"},"inLanguage":"fr-FR","potentialAction":[{"@type":"ReadAction","target":["https:\/\/rutagaudiriudoms.cat\/ca\/plafo-11\/"]}]},{"@type":"ImageObject","inLanguage":"fr-FR","@id":"https:\/\/rutagaudiriudoms.cat\/ca\/plafo-11\/#primaryimage","url":"https:\/\/rutagaudiriudoms.cat\/wp-content\/uploads\/2019\/04\/Mesa-de-trabajo-11.png","contentUrl":"https:\/\/rutagaudiriudoms.cat\/wp-content\/uploads\/2019\/04\/Mesa-de-trabajo-11.png"},{"@type":"BreadcrumbList","@id":"https:\/\/rutagaudiriudoms.cat\/ca\/plafo-11\/#breadcrumb","itemListElement":[{"@type":"ListItem","position":1,"name":"Inici","item":"https:\/\/rutagaudiriudoms.cat\/"},{"@type":"ListItem","position":2,"name":"Inici","item":"https:\/\/rutagaudiriudoms.cat\/"},{"@type":"ListItem","position":3,"name":"Plaf\u00f3 11 &#8211; Gaud\u00ed i Riudoms"}]},{"@type":"WebSite","@id":"https:\/\/rutagaudiriudoms.cat\/#website","url":"https:\/\/rutagaudiriudoms.cat\/","name":"Ruta Riudoms Gaud\u00ed","description":"Espai a internet de la ruta de Gaud\u00ed a Riudoms","publisher":{"@id":"https:\/\/rutagaudiriudoms.cat\/#organization"},"potentialAction":[{"@type":"SearchAction","target":{"@type":"EntryPoint","urlTemplate":"https:\/\/rutagaudiriudoms.cat\/?s={search_term_string}"},"query-input":{"@type":"PropertyValueSpecification","valueRequired":true,"valueName":"search_term_string"}}],"inLanguage":"fr-FR"},{"@type":"Organization","@id":"https:\/\/rutagaudiriudoms.cat\/#organization","name":"Ruta Riudoms Gaud\u00ed","url":"https:\/\/rutagaudiriudoms.cat\/","logo":{"@type":"ImageObject","inLanguage":"fr-FR","@id":"https:\/\/rutagaudiriudoms.cat\/#\/schema\/logo\/image\/","url":"https:\/\/rutagaudiriudoms.cat\/wp-content\/uploads\/2019\/04\/rgr-logo-002-101.png","contentUrl":"https:\/\/rutagaudiriudoms.cat\/wp-content\/uploads\/2019\/04\/rgr-logo-002-101.png","width":101,"height":60,"caption":"Ruta Riudoms Gaud\u00ed"},"image":{"@id":"https:\/\/rutagaudiriudoms.cat\/#\/schema\/logo\/image\/"}}]}},"_links":{"self":[{"href":"https:\/\/rutagaudiriudoms.cat\/fr\/wp-json\/wp\/v2\/pages\/3393","targetHints":{"allow":["GET"]}}],"collection":[{"href":"https:\/\/rutagaudiriudoms.cat\/fr\/wp-json\/wp\/v2\/pages"}],"about":[{"href":"https:\/\/rutagaudiriudoms.cat\/fr\/wp-json\/wp\/v2\/types\/page"}],"author":[{"embeddable":true,"href":"https:\/\/rutagaudiriudoms.cat\/fr\/wp-json\/wp\/v2\/users\/1"}],"replies":[{"embeddable":true,"href":"https:\/\/rutagaudiriudoms.cat\/fr\/wp-json\/wp\/v2\/comments?post=3393"}],"version-history":[{"count":0,"href":"https:\/\/rutagaudiriudoms.cat\/fr\/wp-json\/wp\/v2\/pages\/3393\/revisions"}],"up":[{"embeddable":true,"href":"https:\/\/rutagaudiriudoms.cat\/fr\/wp-json\/wp\/v2\/pages\/8"}],"wp:attachment":[{"href":"https:\/\/rutagaudiriudoms.cat\/fr\/wp-json\/wp\/v2\/media?parent=3393"}],"curies":[{"name":"wp","href":"https:\/\/api.w.org\/{rel}","templated":true}]}}