{"id":3379,"date":"2019-02-12T13:05:03","date_gmt":"2019-02-12T11:05:03","guid":{"rendered":"http:\/\/tgd.info\/riudoms\/?page_id=3379"},"modified":"2022-08-03T14:23:56","modified_gmt":"2022-08-03T12:23:56","slug":"plafo-06","status":"publish","type":"page","link":"https:\/\/rutagaudiriudoms.cat\/fr\/ca\/plafo-06\/","title":{"rendered":"Panneau 06 &#8211; Le trencad\u00eds"},"content":{"rendered":"<p>[vc_section css=&#8221;.vc_custom_1548946330315{padding-top: 80px !important;}&#8221;][vc_row css=&#8221;.vc_custom_1548862315669{margin-bottom: 0px !important;}&#8221;][vc_column][vc_column_text el_class=&#8221;numPlafo&#8221;]<\/p>\n<table style=\"width: 100%; border: 0px solid white;\">\n<tbody>\n<tr style=\"border: 0px solid white;\">\n<td style=\"min-width: 102px; padding: 0px;\"><img loading=\"lazy\" decoding=\"async\" class=\"aligncenter wp-image-3498 size-full\" src=\"https:\/\/rutagaudiriudoms.cat\/wp-content\/uploads\/2019\/04\/Mesa-de-trabajo-6.png\" alt=\"\" width=\"101\" height=\"100\" \/><\/td>\n<td style=\"width: 100%; text-align: left;\"><strong>Panneau 6\u00a0<\/strong><\/td>\n<\/tr>\n<\/tbody>\n<\/table>\n<p>[\/vc_column_text][\/vc_column][\/vc_row][vc_row css=&#8221;.vc_custom_1548862319912{margin-top: 0px !important;}&#8221;][vc_column width=&#8221;1\/12&#8243;][\/vc_column][vc_column width=&#8221;5\/6&#8243;]<div class=\"wpb_content_element  vc_custom_1659529117577\"><style type=\"text\/css\" scoped>#ut_header_69d26b798783a h2 span { color:; }<\/style><header id=\"ut_header_69d26b798783a\" class=\"section-header pt-style-7 header-center\"><h2  class=\"section-title \"><span>Le trencad\u00eds<\/span><\/h2><\/header><\/div>[vc_empty_space height=&#8221;30px&#8221;][vc_column_text el_class=&#8221;destacat_plafo&#8221;]<\/p>\n<p style=\"text-align: center;\"><em><big>&#8220;L&#8217;art est la beaut\u00e9. La Beaut\u00e9 est l\u2019\u00e9clat de la v\u00e9rit\u00e9. La V\u00e9rit\u00e9 est connue par une \u00e9tude approfondie de la vie et la vie se manifeste principalement par la couleur et, si exceptionnellement elle ne perd pas, nous disons qu\u2019elle semble vivante.&#8221;<\/big><\/em><br \/>\nAntoni Gaud\u00ed<\/p>\n<p>[\/vc_column_text][vc_column_text]C\u00e9sar Martinell expliquait que Gaud\u00ed aimait jouer avec les couleurs, l\u2019\u00e9l\u00e9ment devait donner vie \u00e0 ses \u0153uvres. La nature est color\u00e9e: des fleurs les plus luxuriantes aux minuscules morceaux de c\u00e9ramique et aux cailloux du ruisseau; des reflets des \u00e9clats de verre bris\u00e9, au vert des montagnes, au bleu du ciel et \u00e0 son reflet dans la mer.[\/vc_column_text][vc_message message_box_color=&#8221;white&#8221; icon_fontawesome=&#8221;fa fa-comment-o&#8221; el_class=&#8221;destacat_plafo&#8221;]Il confiait certaines de ces \u0153uvres \u00e0 son principal collaborateur: l\u2019architecte tarragonais Josep Maria Jujol.[\/vc_message]<div  class=\"wpb_content_element   clearfix\"><style type=\"text\/css\" scoped>#ut_am_69d26b7987fa9 { opacity: 1; }<\/style><div id=\"ut_am_wrap_69d26b7987faa\" class=\"ut-image-gallery-image \" style=\"text-align:center;\"><div class=\"ut-animated-image-item ut-image-gallery-item ut-animation-done\"><a class=\"ut-deactivated-link\" href=\"#\"><img loading=\"lazy\" decoding=\"async\" title=\"rgr-policromia-960\" id=\"ut_am_69d26b7987fa9\" style=\"\" src=\"https:\/\/rutagaudiriudoms.cat\/wp-content\/uploads\/2019\/04\/rgr-policromia-960.jpg\" width=\"960\" height=\"962\" alt=\"Trencad\u00eds policrom\u00e0tic\"\/><\/a><\/div><\/div><\/div>[vc_column_text]<\/p>\n<h4>La blague du trencad\u00eds<\/h4>\n<p>\u00c0 la porte du parc G\u00fcell, il y avait trente truelles \u00e0 casser les tuiles et en haut il y en a une trentaine d\u2019autres qui les joignent (Revue Cu-Cut). Mais pour quelle raison ? Tout simplement parce que Gaud\u00ed a con\u00e7u des formes d\u00e9form\u00e9es qui ne pouvaient pas \u00eatre aplaties avec des pi\u00e8ces enti\u00e8res. Pour r\u00e9aliser les courbes, la tuile doit \u00eatre cass\u00e9e et les morceaux doivent \u00e9pouser la forme dans l&#8217;espace.[\/vc_column_text][vc_message message_box_color=&#8221;white&#8221; icon_fontawesome=&#8221;fa fa-comment-o&#8221; el_class=&#8221;destacat_plafo&#8221;]Prenez des petits morceaux de carreaux de c\u00e9ramique de diff\u00e9rentes couleurs et assemblez-les. Vous obtiendrez un trencad\u00eds. Jouez comme un enfant de Gaud\u00ed et faites des dessins comme lui.[\/vc_message]<div  class=\"wpb_content_element   clearfix\"><style type=\"text\/css\" scoped>#ut_am_69d26b7988606 { opacity: 1; }<\/style><div id=\"ut_am_wrap_69d26b7988607\" class=\"ut-image-gallery-image \" style=\"text-align:center;\"><div class=\"ut-animated-image-item ut-image-gallery-item ut-animation-done\"><a class=\"ut-deactivated-link\" href=\"#\"><img loading=\"lazy\" decoding=\"async\" title=\"rgr-beat-bonaventura-gran-203\" id=\"ut_am_69d26b7988606\" style=\"\" src=\"https:\/\/rutagaudiriudoms.cat\/wp-content\/uploads\/2019\/04\/rgr-beat-bonaventura-gran-203.png\" width=\"203\" height=\"205\" alt=\"Perfil de Beat Bionaventura\"\/><\/a><\/div><\/div><\/div>[vc_column_text el_class=&#8221;zona_dest&#8221;]<strong>Bienheureux Bonaventura Gran <\/strong><br \/>\n<em>(Riudoms 1620- Rome 1684)<\/em><\/p>\n<p>La v\u00e9n\u00e9ration des riudomencs pour le franciscain Bonaventura Gran commence quand il fut envoy\u00e9 \u00e0 Rome en 1658 o\u00f9 il fonda le Sant Retir. Il a \u00e9t\u00e9 conseiller de quatre papes: Alexandre VII, Cl\u00e9ment IX, Cl\u00e9ment X i Inocencci XI.<\/p>\n<p>En 1679, \u00e0 la demande des jur\u00e9s de Riudoms, parmi lesquels se trouvait Josep Gaud\u00ed Oriol, il envoya de Rome les reliques de Sant Bonifaci, Sant Juli\u00e0 et Sant Vicen\u00e7. Depuis lors, le deuxi\u00e8me dimanche de mai est c\u00e9l\u00e9br\u00e9e \u00e0 Riudoms la f\u00eate des Saintes Reliques.<\/p>\n<p>Il est mort \u00e0 Rome le 11 septembre 1684. En 1775, il a \u00e9t\u00e9 d\u00e9clar\u00e9 v\u00e9n\u00e9rable et en 1906, il a \u00e9t\u00e9 b\u00e9atifi\u00e9 par le Pape Pie X.<\/p>\n<p>Les d\u00e9votions populaires d&#8217;un peuple sont v\u00e9cues intens\u00e9ment m\u00eame par les plus agnostiques du lieu.\u00a0 S\u00fbrement, pendant l&#8217;enfance d&#8217;Antoni Gaud\u00ed, dans sa maison a \u00e9t\u00e9 suivie de mani\u00e8re fervente cette d\u00e9votion qui s&#8217;enracinait intens\u00e9ment dans le jeune Gaud\u00ed.[\/vc_column_text][\/vc_column][vc_column width=&#8221;1\/12&#8243;][\/vc_column][\/vc_row][\/vc_section][vc_section css=&#8221;.vc_custom_1555398638551{background-color: #f6efe5 !important;}&#8221;][vc_row][vc_column width=&#8221;1\/12&#8243;][\/vc_column][vc_column width=&#8221;5\/6&#8243;]<div  class=\"wpb_content_element   clearfix\"><style type=\"text\/css\" scoped>#ut_am_69d26b7988c00 { opacity: 1; }<\/style><div id=\"ut_am_wrap_69d26b7988c01\" class=\"ut-image-gallery-image \" style=\"text-align:center;\"><div class=\"ut-animated-image-item ut-image-gallery-item ut-animation-done\"><a class=\"ut-deactivated-link\" href=\"#\"><img loading=\"lazy\" decoding=\"async\" title=\"rgr-gaudi-perfil-gris-203\" id=\"ut_am_69d26b7988c00\" style=\"\" src=\"https:\/\/rutagaudiriudoms.cat\/wp-content\/uploads\/2019\/04\/rgr-gaudi-perfil-gris-203.png\" width=\"203\" height=\"205\" alt=\"Perfil de Gaud\u00ed\"\/><\/a><\/div><\/div><\/div><div  class=\"wpb_content_element   clearfix\"><style type=\"text\/css\" scoped>#ut_am_69d26b79891ce { opacity: 1; }<\/style><div id=\"ut_am_wrap_69d26b79891cf\" class=\"ut-image-gallery-image \" style=\"text-align:center;\"><div class=\"ut-animated-image-item ut-image-gallery-item ut-animation-done\"><a class=\"ut-deactivated-link\" href=\"#\"><img loading=\"lazy\" decoding=\"async\" title=\"rgr-numeral6-133\" id=\"ut_am_69d26b79891ce\" style=\"\" src=\"https:\/\/rutagaudiriudoms.cat\/wp-content\/uploads\/2019\/06\/rgr-numeral6-133.png\" width=\"133\" height=\"53\" alt=\"6 de 12\"\/><\/a><\/div><\/div><\/div><div class=\"wpb_content_element \"><style type=\"text\/css\" scoped>#ut_header_69d26b7989215 h2 span { color:#a52a2a; }#ut_header_69d26b7989215 h2.section-title { font-size: 24px; }<\/style><header id=\"ut_header_69d26b7989215\" class=\"section-header pt-style-7 header-center\"><h2  class=\"section-title \"><span>Les Gaud\u00ed et Riudoms <\/span><\/h2><\/header><\/div>[vc_row_inner][vc_column_inner][vc_column_text]Josep Gaud\u00ed Oriol est n\u00e9 du mariage de Joan Gaud\u00ed Escura avec Maria Oriol Giner. Il a continu\u00e9 le m\u00e9tier de tisserand de lin et est devenu un propri\u00e9taire important. Il a h\u00e9rit\u00e9 de la maison de son grand-p\u00e8re maternel, Joan Escura, qui achetait et pr\u00e9parait la laine, dans la rue Avall, en 1672. Sa position sociale le conduisit \u00e0 faire partie de l\u2019administration locale de Riudoms dont il fut juge (1671-1715) et administrateur en 1687. Pendant la guerre de Succession d\u2019Espagne ou des Faucheurs (1640-1652), les Gaud\u00ed se sont align\u00e9s contre les Bourbons, ou ce qui nous indique leur sentiment d\u2019enracinement dans leur terre qui les avait choisis. Lors de la guerre de Succession (1705-1714), les Gaud\u00ed avaient choisi le camp autrichien, mais leurs successeurs se produiraient \u00abbotiflers\u00bb \u00e0 partir de la d\u00e9faite catalane de 1714.[\/vc_column_text][\/vc_column_inner][\/vc_row_inner][\/vc_column][vc_column width=&#8221;1\/12&#8243;][\/vc_column][\/vc_row][\/vc_section]<\/p>\n","protected":false},"excerpt":{"rendered":"<p>[vc_section css=&#8221;.vc_custom_1548946330315{padding-top: 80px !important;}&#8221;][vc_row css=&#8221;.vc_custom_1548862315669{margin-bottom: 0px !important;}&#8221;][vc_column][vc_column_text el_class=&#8221;numPlafo&#8221;] Panneau 6\u00a0 [\/vc_column_text][\/vc_column][\/vc_row][vc_row css=&#8221;.vc_custom_1548862319912{margin-top: 0px !important;}&#8221;][vc_column width=&#8221;1\/12&#8243;][\/vc_column][vc_column width=&#8221;5\/6&#8243;][vc_empty_space height=&#8221;30px&#8221;][vc_column_text el_class=&#8221;destacat_plafo&#8221;] &#8220;L&#8217;art est la beaut\u00e9. La Beaut\u00e9 est l\u2019\u00e9clat de la v\u00e9rit\u00e9. La V\u00e9rit\u00e9 est connue par une \u00e9tude approfondie de la vie et la vie se manifeste principalement par la couleur et, si exceptionnellement elle ne perd [&hellip;]<\/p>\n","protected":false},"author":1,"featured_media":0,"parent":8,"menu_order":0,"comment_status":"closed","ping_status":"closed","template":"","meta":{"footnotes":""},"class_list":["post-3379","page","type-page","status-publish","hentry"],"translation":{"provider":"WPGlobus","version":"3.0.2","language":"fr","enabled_languages":["at","es","en","fr"],"languages":{"at":{"title":true,"content":true,"excerpt":false},"es":{"title":true,"content":true,"excerpt":false},"en":{"title":true,"content":true,"excerpt":false},"fr":{"title":true,"content":true,"excerpt":false}}},"yoast_head":"<!-- This site is optimized with the Yoast SEO plugin v24.1 - https:\/\/yoast.com\/wordpress\/plugins\/seo\/ -->\n<title>Panneau 06 - Le trencad\u00eds | Ruta Riudoms Gaud\u00ed<\/title>\n<meta name=\"robots\" content=\"index, follow, max-snippet:-1, max-image-preview:large, max-video-preview:-1\" \/>\n<link rel=\"canonical\" href=\"https:\/\/rutagaudiriudoms.cat\/ca\/plafo-06\/\" \/>\n<meta property=\"og:locale\" content=\"fr_FR\" \/>\n<meta property=\"og:type\" content=\"article\" \/>\n<meta property=\"og:title\" content=\"Panneau 06 - Le trencad\u00eds | Ruta Riudoms Gaud\u00ed\" \/>\n<meta property=\"og:url\" content=\"https:\/\/rutagaudiriudoms.cat\/ca\/plafo-06\/\" \/>\n<meta property=\"og:site_name\" content=\"Ruta Riudoms Gaud\u00ed\" \/>\n<meta property=\"article:modified_time\" content=\"2022-08-03T12:23:56+00:00\" \/>\n<meta property=\"og:image\" content=\"https:\/\/rutagaudiriudoms.cat\/wp-content\/uploads\/2019\/04\/Mesa-de-trabajo-6.png\" \/>\n<meta name=\"twitter:card\" content=\"summary_large_image\" \/>\n<meta name=\"twitter:label1\" content=\"Est. reading time\" \/>\n\t<meta name=\"twitter:data1\" content=\"4 minutes\" \/>\n<script type=\"application\/ld+json\" class=\"yoast-schema-graph\">{\"@context\":\"https:\/\/schema.org\",\"@graph\":[{\"@type\":\"WebPage\",\"@id\":\"https:\/\/rutagaudiriudoms.cat\/ca\/plafo-06\/\",\"url\":\"https:\/\/rutagaudiriudoms.cat\/ca\/plafo-06\/\",\"name\":\"Panneau 06 - Le trencad\u00eds | Ruta Riudoms Gaud\u00ed\",\"isPartOf\":{\"@id\":\"https:\/\/rutagaudiriudoms.cat\/#website\"},\"primaryImageOfPage\":{\"@id\":\"https:\/\/rutagaudiriudoms.cat\/ca\/plafo-06\/#primaryimage\"},\"image\":{\"@id\":\"https:\/\/rutagaudiriudoms.cat\/ca\/plafo-06\/#primaryimage\"},\"thumbnailUrl\":\"https:\/\/rutagaudiriudoms.cat\/wp-content\/uploads\/2019\/04\/Mesa-de-trabajo-6.png\",\"datePublished\":\"2019-02-12T11:05:03+00:00\",\"dateModified\":\"2022-08-03T12:23:56+00:00\",\"breadcrumb\":{\"@id\":\"https:\/\/rutagaudiriudoms.cat\/ca\/plafo-06\/#breadcrumb\"},\"inLanguage\":\"fr-FR\",\"potentialAction\":[{\"@type\":\"ReadAction\",\"target\":[\"https:\/\/rutagaudiriudoms.cat\/ca\/plafo-06\/\"]}]},{\"@type\":\"ImageObject\",\"inLanguage\":\"fr-FR\",\"@id\":\"https:\/\/rutagaudiriudoms.cat\/ca\/plafo-06\/#primaryimage\",\"url\":\"https:\/\/rutagaudiriudoms.cat\/wp-content\/uploads\/2019\/04\/Mesa-de-trabajo-6.png\",\"contentUrl\":\"https:\/\/rutagaudiriudoms.cat\/wp-content\/uploads\/2019\/04\/Mesa-de-trabajo-6.png\"},{\"@type\":\"BreadcrumbList\",\"@id\":\"https:\/\/rutagaudiriudoms.cat\/ca\/plafo-06\/#breadcrumb\",\"itemListElement\":[{\"@type\":\"ListItem\",\"position\":1,\"name\":\"Inici\",\"item\":\"https:\/\/rutagaudiriudoms.cat\/\"},{\"@type\":\"ListItem\",\"position\":2,\"name\":\"Inici\",\"item\":\"https:\/\/rutagaudiriudoms.cat\/\"},{\"@type\":\"ListItem\",\"position\":3,\"name\":\"Plaf\u00f3 06 &#8211; El trencad\u00eds\"}]},{\"@type\":\"WebSite\",\"@id\":\"https:\/\/rutagaudiriudoms.cat\/#website\",\"url\":\"https:\/\/rutagaudiriudoms.cat\/\",\"name\":\"Ruta Riudoms Gaud\u00ed\",\"description\":\"Espai a internet de la ruta de Gaud\u00ed a Riudoms\",\"publisher\":{\"@id\":\"https:\/\/rutagaudiriudoms.cat\/#organization\"},\"potentialAction\":[{\"@type\":\"SearchAction\",\"target\":{\"@type\":\"EntryPoint\",\"urlTemplate\":\"https:\/\/rutagaudiriudoms.cat\/?s={search_term_string}\"},\"query-input\":{\"@type\":\"PropertyValueSpecification\",\"valueRequired\":true,\"valueName\":\"search_term_string\"}}],\"inLanguage\":\"fr-FR\"},{\"@type\":\"Organization\",\"@id\":\"https:\/\/rutagaudiriudoms.cat\/#organization\",\"name\":\"Ruta Riudoms Gaud\u00ed\",\"url\":\"https:\/\/rutagaudiriudoms.cat\/\",\"logo\":{\"@type\":\"ImageObject\",\"inLanguage\":\"fr-FR\",\"@id\":\"https:\/\/rutagaudiriudoms.cat\/#\/schema\/logo\/image\/\",\"url\":\"https:\/\/rutagaudiriudoms.cat\/wp-content\/uploads\/2019\/04\/rgr-logo-002-101.png\",\"contentUrl\":\"https:\/\/rutagaudiriudoms.cat\/wp-content\/uploads\/2019\/04\/rgr-logo-002-101.png\",\"width\":101,\"height\":60,\"caption\":\"Ruta Riudoms Gaud\u00ed\"},\"image\":{\"@id\":\"https:\/\/rutagaudiriudoms.cat\/#\/schema\/logo\/image\/\"}}]}<\/script>\n<!-- \/ Yoast SEO plugin. -->","yoast_head_json":{"title":"Panneau 06 - Le trencad\u00eds | Ruta Riudoms Gaud\u00ed","robots":{"index":"index","follow":"follow","max-snippet":"max-snippet:-1","max-image-preview":"max-image-preview:large","max-video-preview":"max-video-preview:-1"},"canonical":"https:\/\/rutagaudiriudoms.cat\/ca\/plafo-06\/","og_locale":"fr_FR","og_type":"article","og_title":"Panneau 06 - Le trencad\u00eds | Ruta Riudoms Gaud\u00ed","og_url":"https:\/\/rutagaudiriudoms.cat\/ca\/plafo-06\/","og_site_name":"Ruta Riudoms Gaud\u00ed","article_modified_time":"2022-08-03T12:23:56+00:00","og_image":[{"url":"https:\/\/rutagaudiriudoms.cat\/wp-content\/uploads\/2019\/04\/Mesa-de-trabajo-6.png","type":"","width":"","height":""}],"twitter_card":"summary_large_image","twitter_misc":{"Est. reading time":"4 minutes"},"schema":{"@context":"https:\/\/schema.org","@graph":[{"@type":"WebPage","@id":"https:\/\/rutagaudiriudoms.cat\/ca\/plafo-06\/","url":"https:\/\/rutagaudiriudoms.cat\/ca\/plafo-06\/","name":"Panneau 06 - Le trencad\u00eds | Ruta Riudoms Gaud\u00ed","isPartOf":{"@id":"https:\/\/rutagaudiriudoms.cat\/#website"},"primaryImageOfPage":{"@id":"https:\/\/rutagaudiriudoms.cat\/ca\/plafo-06\/#primaryimage"},"image":{"@id":"https:\/\/rutagaudiriudoms.cat\/ca\/plafo-06\/#primaryimage"},"thumbnailUrl":"https:\/\/rutagaudiriudoms.cat\/wp-content\/uploads\/2019\/04\/Mesa-de-trabajo-6.png","datePublished":"2019-02-12T11:05:03+00:00","dateModified":"2022-08-03T12:23:56+00:00","breadcrumb":{"@id":"https:\/\/rutagaudiriudoms.cat\/ca\/plafo-06\/#breadcrumb"},"inLanguage":"fr-FR","potentialAction":[{"@type":"ReadAction","target":["https:\/\/rutagaudiriudoms.cat\/ca\/plafo-06\/"]}]},{"@type":"ImageObject","inLanguage":"fr-FR","@id":"https:\/\/rutagaudiriudoms.cat\/ca\/plafo-06\/#primaryimage","url":"https:\/\/rutagaudiriudoms.cat\/wp-content\/uploads\/2019\/04\/Mesa-de-trabajo-6.png","contentUrl":"https:\/\/rutagaudiriudoms.cat\/wp-content\/uploads\/2019\/04\/Mesa-de-trabajo-6.png"},{"@type":"BreadcrumbList","@id":"https:\/\/rutagaudiriudoms.cat\/ca\/plafo-06\/#breadcrumb","itemListElement":[{"@type":"ListItem","position":1,"name":"Inici","item":"https:\/\/rutagaudiriudoms.cat\/"},{"@type":"ListItem","position":2,"name":"Inici","item":"https:\/\/rutagaudiriudoms.cat\/"},{"@type":"ListItem","position":3,"name":"Plaf\u00f3 06 &#8211; El trencad\u00eds"}]},{"@type":"WebSite","@id":"https:\/\/rutagaudiriudoms.cat\/#website","url":"https:\/\/rutagaudiriudoms.cat\/","name":"Ruta Riudoms Gaud\u00ed","description":"Espai a internet de la ruta de Gaud\u00ed a Riudoms","publisher":{"@id":"https:\/\/rutagaudiriudoms.cat\/#organization"},"potentialAction":[{"@type":"SearchAction","target":{"@type":"EntryPoint","urlTemplate":"https:\/\/rutagaudiriudoms.cat\/?s={search_term_string}"},"query-input":{"@type":"PropertyValueSpecification","valueRequired":true,"valueName":"search_term_string"}}],"inLanguage":"fr-FR"},{"@type":"Organization","@id":"https:\/\/rutagaudiriudoms.cat\/#organization","name":"Ruta Riudoms Gaud\u00ed","url":"https:\/\/rutagaudiriudoms.cat\/","logo":{"@type":"ImageObject","inLanguage":"fr-FR","@id":"https:\/\/rutagaudiriudoms.cat\/#\/schema\/logo\/image\/","url":"https:\/\/rutagaudiriudoms.cat\/wp-content\/uploads\/2019\/04\/rgr-logo-002-101.png","contentUrl":"https:\/\/rutagaudiriudoms.cat\/wp-content\/uploads\/2019\/04\/rgr-logo-002-101.png","width":101,"height":60,"caption":"Ruta Riudoms Gaud\u00ed"},"image":{"@id":"https:\/\/rutagaudiriudoms.cat\/#\/schema\/logo\/image\/"}}]}},"_links":{"self":[{"href":"https:\/\/rutagaudiriudoms.cat\/fr\/wp-json\/wp\/v2\/pages\/3379","targetHints":{"allow":["GET"]}}],"collection":[{"href":"https:\/\/rutagaudiriudoms.cat\/fr\/wp-json\/wp\/v2\/pages"}],"about":[{"href":"https:\/\/rutagaudiriudoms.cat\/fr\/wp-json\/wp\/v2\/types\/page"}],"author":[{"embeddable":true,"href":"https:\/\/rutagaudiriudoms.cat\/fr\/wp-json\/wp\/v2\/users\/1"}],"replies":[{"embeddable":true,"href":"https:\/\/rutagaudiriudoms.cat\/fr\/wp-json\/wp\/v2\/comments?post=3379"}],"version-history":[{"count":0,"href":"https:\/\/rutagaudiriudoms.cat\/fr\/wp-json\/wp\/v2\/pages\/3379\/revisions"}],"up":[{"embeddable":true,"href":"https:\/\/rutagaudiriudoms.cat\/fr\/wp-json\/wp\/v2\/pages\/8"}],"wp:attachment":[{"href":"https:\/\/rutagaudiriudoms.cat\/fr\/wp-json\/wp\/v2\/media?parent=3379"}],"curies":[{"name":"wp","href":"https:\/\/api.w.org\/{rel}","templated":true}]}}