{"id":3377,"date":"2019-02-12T13:02:07","date_gmt":"2019-02-12T11:02:07","guid":{"rendered":"http:\/\/tgd.info\/riudoms\/?page_id=3377"},"modified":"2022-08-03T14:18:01","modified_gmt":"2022-08-03T12:18:01","slug":"plafo-05","status":"publish","type":"page","link":"https:\/\/rutagaudiriudoms.cat\/fr\/ca\/plafo-05\/","title":{"rendered":"Panneau 05 &#8211; Pour mon peuple, tout!"},"content":{"rendered":"<p>[vc_section css=&#8221;.vc_custom_1548946330315{padding-top: 80px !important;}&#8221;][vc_row css=&#8221;.vc_custom_1548862315669{margin-bottom: 0px !important;}&#8221;][vc_column][vc_column_text el_class=&#8221;numPlafo&#8221;]<\/p>\n<table style=\"width: 100%; border: 0px solid white;\">\n<tbody>\n<tr style=\"border: 0px solid white;\">\n<td style=\"min-width: 102px; padding: 0px;\"><img loading=\"lazy\" decoding=\"async\" class=\"aligncenter wp-image-3498 size-full\" src=\"https:\/\/rutagaudiriudoms.cat\/wp-content\/uploads\/2019\/04\/Mesa-de-trabajo-5.png\" alt=\"\" width=\"101\" height=\"100\" \/><\/td>\n<td style=\"width: 100%; text-align: left;\"><strong>Panneau 5\u00a0<\/strong><\/td>\n<\/tr>\n<\/tbody>\n<\/table>\n<p>[\/vc_column_text][\/vc_column][\/vc_row][vc_row css=&#8221;.vc_custom_1548862319912{margin-top: 0px !important;}&#8221;][vc_column width=&#8221;1\/12&#8243;][\/vc_column][vc_column width=&#8221;5\/6&#8243;]<div class=\"wpb_content_element  vc_custom_1659528690486\"><style type=\"text\/css\" scoped>#ut_header_69d26bb47fd54 h2 span { color:; }<\/style><header id=\"ut_header_69d26bb47fd54\" class=\"section-header pt-style-7 header-center\"><h2  class=\"section-title \"><span>``Pour mon peuple, tout!``<\/span><\/h2><div data-delay=\"0\" class=\"lead \"><p>Antoni Gaud\u00ed<\/p>\n<\/div><\/header><\/div>[vc_empty_space height=&#8221;30px&#8221;]<div  class=\"wpb_content_element   clearfix\"><style type=\"text\/css\" scoped>#ut_am_69d26bb48135c { opacity: 1; }<\/style><div id=\"ut_am_wrap_69d26bb48135d\" class=\"ut-image-gallery-image \" style=\"text-align:center;\"><div class=\"ut-animated-image-item ut-image-gallery-item ut-animation-done\"><a data-exthumbimage=\"https:\/\/rutagaudiriudoms.cat\/wp-content\/uploads\/2019\/04\/rgr-escut-riudoms-960-150x150.jpg\" href=\"https:\/\/rutagaudiriudoms.cat\/wp-content\/uploads\/2019\/04\/rgr-escut-riudoms-960.jpg\" class=\"ut-vc-images-lightbox\"><img loading=\"lazy\" decoding=\"async\" title=\"rgr-escut-riudoms-960\" id=\"ut_am_69d26bb48135c\" style=\"\" src=\"https:\/\/rutagaudiriudoms.cat\/wp-content\/uploads\/2019\/04\/rgr-escut-riudoms-960.jpg\" width=\"960\" height=\"657\" alt=\"Escut de Riudoms\"\/><\/a><\/div><\/div><\/div>[vc_message message_box_color=&#8221;white&#8221; icon_fontawesome=&#8221;fa fa-comment-o&#8221; el_class=&#8221;destacat_plafo&#8221;]Celui de Riudoms est un blason parl\u00e9 dans lequel sont repr\u00e9sent\u00e9s une rivi\u00e8re et deux ormes.[\/vc_message]<div  class=\"wpb_content_element   clearfix\"><style type=\"text\/css\" scoped>#ut_am_69d26bb4824b9 { opacity: 1; }#ut_am_wrap_69d26bb4824ba .ut-gallery-slider-caption { font-weight: normal; }<\/style><div id=\"ut_am_wrap_69d26bb4824ba\" class=\"ut-image-gallery-image \" style=\"text-align:center;\"><div class=\"ut-animated-image-item ut-image-gallery-item ut-animation-done\"><a data-exthumbimage=\"https:\/\/rutagaudiriudoms.cat\/wp-content\/uploads\/2019\/04\/rgr-postal-placa-960-150x150.jpg\" href=\"https:\/\/rutagaudiriudoms.cat\/wp-content\/uploads\/2019\/04\/rgr-postal-placa-960.jpg\" class=\"ut-vc-images-lightbox\"><img loading=\"lazy\" decoding=\"async\" title=\"rgr-postal-placa-960\" id=\"ut_am_69d26bb4824b9\" style=\"\" src=\"https:\/\/rutagaudiriudoms.cat\/wp-content\/uploads\/2019\/04\/rgr-postal-placa-960.jpg\" width=\"960\" height=\"605\" alt=\"La Pla\u00e7a de l\u2019Esgl\u00e9sia\"\/><\/a><div class=\"ut-gallery-slider-caption\">La Pla\u00e7a de l\u2019Esgl\u00e9sia<\/div><\/div><\/div><\/div><div  class=\"wpb_content_element   clearfix\"><style type=\"text\/css\" scoped>#ut_am_69d26bb482cdf { opacity: 1; }#ut_am_wrap_69d26bb482ce1 .ut-gallery-slider-caption { font-weight: normal; }<\/style><div id=\"ut_am_wrap_69d26bb482ce1\" class=\"ut-image-gallery-image \" style=\"text-align:center;\"><div class=\"ut-animated-image-item ut-image-gallery-item ut-animation-done\"><a data-exthumbimage=\"https:\/\/rutagaudiriudoms.cat\/wp-content\/uploads\/2019\/04\/rgr-postal-placa-om-960-150x150.jpg\" href=\"https:\/\/rutagaudiriudoms.cat\/wp-content\/uploads\/2019\/04\/rgr-postal-placa-om-960.jpg\" class=\"ut-vc-images-lightbox\"><img loading=\"lazy\" decoding=\"async\" title=\"rgr-postal-placa-om-960\" id=\"ut_am_69d26bb482cdf\" style=\"\" src=\"https:\/\/rutagaudiriudoms.cat\/wp-content\/uploads\/2019\/04\/rgr-postal-placa-om-960.jpg\" width=\"960\" height=\"617\" alt=\"La Pla\u00e7a de l\u2019Om.\"\/><\/a><div class=\"ut-gallery-slider-caption\">La Pla\u00e7a de l\u2019Om.<\/div><\/div><\/div><\/div>[vc_message message_box_color=&#8221;white&#8221; icon_fontawesome=&#8221;fa fa-comment-o&#8221; el_class=&#8221;destacat_plafo&#8221;]Gaud\u00ed venait \u00e0 Riudoms pour se d\u00e9lecter de la nature et de la campagne, pour discuter avec ses amis d\u2019enfance, qui s\u2019\u00e9merveillaient de l\u2019entendre raconter des anecdotes de la grande capitale. Lorsqu&#8217;un groupe de jeunes est all\u00e9 lui rendre visite pour le remercier du don d&#8217;une propri\u00e9t\u00e9 pour la construction du premier terrain de football de Riudoms, <strong>Gaud\u00ed leur a r\u00e9pondu : &#8220;Tout pour mon peuple!&#8221;.<\/strong>[\/vc_message][vc_column_text]<\/p>\n<h4>Riudoms, le village de Gaud\u00ed<\/h4>\n<p>Riudoms est un village agricole du Camp de Tarragone, ancr\u00e9 dans ses origines ancestrales. Toutes les cultures de l&#8217;histoire ont laiss\u00e9 leur empreinte. Le terme de Riudoms est riche en sites ib\u00e9riques, romains et wisigoths.<\/p>\n<p>Au XIIe si\u00e8cle, Robert de Aguil\u00f3 a donn\u00e9 Riudoms au chevalier Arnau de Palomar, et la ville est pass\u00e9e au si\u00e8ge archi\u00e9piscopal de Tarragone.<\/p>\n<p>Au XIIIe si\u00e8cle, l&#8217;\u00e9glise primitive de Sant Jaume a \u00e9t\u00e9 construite. Au XVIe si\u00e8cle, la muraille a \u00e9t\u00e9 pav\u00e9e et le couvent franciscain de Sant Joan a \u00e9t\u00e9 construit.<br \/>\n[\/vc_column_text][vc_message message_box_color=&#8221;white&#8221; icon_fontawesome=&#8221;fa fa-comment-o&#8221; el_class=&#8221;destacat_plafo&#8221;]Les Gaud\u00ed, comme d\u2019autres Occitans, arrivent \u00e0 Riudoms au XVIIe si\u00e8cle attir\u00e9s par l\u2019importante activit\u00e9 industrielle. En 1737, \u00e0 Riudoms, il y avait 16 pots d&#8217;eau-de-vie et en 1751, Riudoms a pay\u00e9 3,102 livres pour les imp\u00f4ts sur cette activit\u00e9, derri\u00e8re Reus, Vila-seca et Valls.[\/vc_message][vc_column_text]L\u2019\u00e9glise de Sant Jaume se compose d\u2019une nef centrale tr\u00e8s large et d\u2019une hauteur impressionnante. Les travaux commenc\u00e8rent en 1593 sous la direction du ma\u00eetre fran\u00e7ais Joan Mas et furent inaugur\u00e9s en 1617. \u00c0 la fin du XIXe si\u00e8cle, les vignes an\u00e9anties par le phyllox\u00e9ra, la culture du noisetier commence \u00e0 prolif\u00e9rer. Aujourd\u2019hui, Riudoms est un village essentiellement agricole. La construction du barrage de Riudecanyes favorise les cultures irrigu\u00e9es.<\/p>\n<p>Un certain nombre de f\u00eates locales sont actuellement organis\u00e9es, parmi lesquelles la Foire de la noisette. Bien que son origine soit dat\u00e9e de 1599, c\u2019est \u00e0 partir de 1981 qu\u2019elle se consacre particuli\u00e8rement \u00e0 la noisette et \u00e0 d\u2019autres produits agricoles comme l\u2019huile.[\/vc_column_text][vc_column_text]<\/p>\n<h4>F\u00eates et traditions<\/h4>\n<p>[\/vc_column_text]<div  class=\"wpb_content_element   clearfix\"><style type=\"text\/css\" scoped>#ut_am_69d26bb4833c0 { opacity: 1; }<\/style><div id=\"ut_am_wrap_69d26bb4833c1\" class=\"ut-image-gallery-image \" style=\"text-align:center;\"><div class=\"ut-animated-image-item ut-image-gallery-item ut-animation-done\"><a data-exthumbimage=\"https:\/\/rutagaudiriudoms.cat\/wp-content\/uploads\/2019\/04\/rgr-festes-960-150x150.jpg\" href=\"https:\/\/rutagaudiriudoms.cat\/wp-content\/uploads\/2019\/04\/rgr-festes-960.jpg\" class=\"ut-vc-images-lightbox\"><img loading=\"lazy\" decoding=\"async\" title=\"rgr-festes-960\" id=\"ut_am_69d26bb4833c0\" style=\"\" src=\"https:\/\/rutagaudiriudoms.cat\/wp-content\/uploads\/2019\/04\/rgr-festes-960.jpg\" width=\"960\" height=\"573\" alt=\"Gegants, bestiari popular i deguici de Riudoms\"\/><\/a><\/div><\/div><\/div>[vc_column_text el_class=&#8221;zona_dest&#8221;]<strong>San Sebasti\u00e0<\/strong> <em>(20 janvier)<\/em>. Grand festival d&#8217;hiver.<\/p>\n<p><strong>Semaine sainte<\/strong> <em>(mars ou avril)<\/em>. Les &#8220;Tableaux de la Passion de J\u00e9sus&#8221;, sept moments des derniers jours du Christ, sont pr\u00e9sent\u00e9s. Le Vendredi saint est la mise en sc\u00e8ne de l&#8217;Agonie ou des Sept Paroles et la procession du Saint Enterrement.<\/p>\n<p><strong>F\u00eate des Reliques<\/strong> <em>(deuxi\u00e8me dimanche de mai)<\/em>. N\u00e9e d&#8217;une rogation que le village a faite \u00e0 la suite d&#8217;une s\u00e9cheresse au XVIIe si\u00e8cle.<\/p>\n<p><strong>F\u00eate des quartiers<\/strong> <em>(premier week-end de juillet)<\/em>. Les habitants de chaque quartier se d\u00e9guisent et d\u00e9filent avec leurs chars. L&#8217;h\u00e9ritier et l&#8217;h\u00e9riti\u00e8re sont choisis parmi les candidats pr\u00e9sent\u00e9s par chaque quartier.<\/p>\n<p><strong>San Jaime<\/strong> <em>(25 juillet)<\/em>. Principal festival d&#8217;\u00e9t\u00e9.<\/p>\n<p><strong>Foire aux noisettes<\/strong> <em>(deuxi\u00e8me week-end d&#8217;ao\u00fbt)<\/em>. Elle trouve son origine dans la foire de San Lorenzo, qui remonte \u00e0 1559. Aujourd&#8217;hui, il s&#8217;agit d&#8217;une foire agricole consacr\u00e9e \u00e0 la promotion des noisettes et des produits locaux.<\/p>\n<p><strong>F\u00eate du Bienheureux <\/strong> <em>(24 novembre)<\/em>. F\u00eate religieuse et r\u00e9cr\u00e9ative d\u00e9di\u00e9e au Bienheureux Bonaventura Gran. Tous les cinq ans ont lieu les Quinquenals, au cours desquels les rues sont d\u00e9cor\u00e9es de fleurs.[\/vc_column_text][\/vc_column][vc_column width=&#8221;1\/12&#8243;][\/vc_column][\/vc_row][\/vc_section][vc_section css=&#8221;.vc_custom_1555399027083{background-color: #f6efe5 !important;}&#8221;][vc_row][vc_column width=&#8221;1\/12&#8243;][\/vc_column][vc_column width=&#8221;5\/6&#8243;]<div  class=\"wpb_content_element   clearfix\"><style type=\"text\/css\" scoped>#ut_am_69d26bb483fc5 { opacity: 1; }<\/style><div id=\"ut_am_wrap_69d26bb483fc7\" class=\"ut-image-gallery-image \" style=\"text-align:center;\"><div class=\"ut-animated-image-item ut-image-gallery-item ut-animation-done\"><a class=\"ut-deactivated-link\" href=\"#\"><img loading=\"lazy\" decoding=\"async\" title=\"rgr-numeral5-133\" id=\"ut_am_69d26bb483fc5\" style=\"\" src=\"https:\/\/rutagaudiriudoms.cat\/wp-content\/uploads\/2019\/06\/rgr-numeral5-133.png\" width=\"133\" height=\"53\" alt=\"5 de 12\"\/><\/a><\/div><\/div><\/div><div class=\"wpb_content_element \"><style type=\"text\/css\" scoped>#ut_header_69d26bb48401c h2 span { color:#33a79b; }#ut_header_69d26bb48401c h2.section-title { font-size: 24px; }<\/style><header id=\"ut_header_69d26bb48401c\" class=\"section-header pt-style-7 header-center\"><h2  class=\"section-title \"><span>Genis de Riudoms <\/span><\/h2><\/header><\/div>[vc_row_inner][vc_column_inner width=&#8221;2\/12&#8243;]<div  class=\"wpb_content_element   clearfix\"><style type=\"text\/css\" scoped>#ut_am_69d26bb485321 { opacity: 1; }<\/style><div id=\"ut_am_wrap_69d26bb485322\" class=\"ut-image-gallery-image \" style=\"text-align:center;\"><div class=\"ut-animated-image-item ut-image-gallery-item ut-animation-done\"><a class=\"ut-deactivated-link\" href=\"#\"><img loading=\"lazy\" decoding=\"async\" title=\"rgr-gaudi-perfil-203\" id=\"ut_am_69d26bb485321\" style=\"\" src=\"https:\/\/rutagaudiriudoms.cat\/wp-content\/uploads\/2019\/04\/rgr-gaudi-perfil-203.png\" width=\"203\" height=\"205\" alt=\"Perfil de Gaud\u00ed\"\/><\/a><\/div><\/div><\/div>[\/vc_column_inner][vc_column_inner width=&#8221;4\/12&#8243;][vc_column_text el_class=&#8221;zona_dest&#8221;]<strong>Antoni Gaud\u00ed i Cornet <\/strong><br \/>\n<em>(Riudoms, 1852 &#8211; Barcelone, 1926)<\/em><\/p>\n<p>Architecte catalan internationalement reconnu comme l&#8217;un des plus grands architectes de tous les temps. Il a \u00e9tudi\u00e9 l&#8217;architecture \u00e0 Barcelone (1873-1878). Sa premi\u00e8re \u0153uvre fut la Casa Vicens, \u00e0 Barcelone, et sa derni\u00e8re, la Sagrada Fam\u00edlia.[\/vc_column_text][\/vc_column_inner][vc_column_inner width=&#8221;2\/12&#8243;]<div  class=\"wpb_content_element   clearfix\"><style type=\"text\/css\" scoped>#ut_am_69d26bb485e63 { opacity: 1; }<\/style><div id=\"ut_am_wrap_69d26bb485e64\" class=\"ut-image-gallery-image \" style=\"text-align:center;\"><div class=\"ut-animated-image-item ut-image-gallery-item ut-animation-done\"><a class=\"ut-deactivated-link\" href=\"#\"><img loading=\"lazy\" decoding=\"async\" title=\"rgr-guinjoan-perfil-203\" id=\"ut_am_69d26bb485e63\" style=\"\" src=\"https:\/\/rutagaudiriudoms.cat\/wp-content\/uploads\/2019\/04\/rgr-guinjoan-perfil-203.png\" width=\"203\" height=\"205\" alt=\"Perfil de Guinjoan\"\/><\/a><\/div><\/div><\/div>[\/vc_column_inner][vc_column_inner width=&#8221;4\/12&#8243;][vc_column_text el_class=&#8221;zona_dest&#8221;]<strong>Joan Guinjoan i Gispert <\/strong><br \/>\n<em>(Riudoms, 1931 &#8211; Barcelone, 2019) <\/em><\/p>\n<p>Compositeur et pianiste. Il a \u00e9tudi\u00e9 \u00e0 Barcelone et \u00e0 Paris. Membre de l\u2019Acad\u00e9mie royale catalane des Beaux-Arts. Docteur Honoris Causa par l&#8217;URV. Prix national de la musique. En 2004, il a cr\u00e9\u00e9 au Gran Teatre del Liceu l&#8217;op\u00e9ra Gaud\u00ed, en l&#8217;honneur de son compatriote.[\/vc_column_text][\/vc_column_inner][\/vc_row_inner][\/vc_column][vc_column width=&#8221;1\/12&#8243;][\/vc_column][\/vc_row][\/vc_section]<\/p>\n","protected":false},"excerpt":{"rendered":"<p>[vc_section css=&#8221;.vc_custom_1548946330315{padding-top: 80px !important;}&#8221;][vc_row css=&#8221;.vc_custom_1548862315669{margin-bottom: 0px !important;}&#8221;][vc_column][vc_column_text el_class=&#8221;numPlafo&#8221;] Panneau 5\u00a0 [\/vc_column_text][\/vc_column][\/vc_row][vc_row css=&#8221;.vc_custom_1548862319912{margin-top: 0px !important;}&#8221;][vc_column width=&#8221;1\/12&#8243;][\/vc_column][vc_column width=&#8221;5\/6&#8243;][vc_empty_space height=&#8221;30px&#8221;][vc_message message_box_color=&#8221;white&#8221; icon_fontawesome=&#8221;fa fa-comment-o&#8221; el_class=&#8221;destacat_plafo&#8221;]Celui de Riudoms est un blason parl\u00e9 dans lequel sont repr\u00e9sent\u00e9s une rivi\u00e8re et deux ormes.[\/vc_message][vc_message message_box_color=&#8221;white&#8221; icon_fontawesome=&#8221;fa fa-comment-o&#8221; el_class=&#8221;destacat_plafo&#8221;]Gaud\u00ed venait \u00e0 Riudoms pour se d\u00e9lecter de la nature et de la campagne, pour discuter [&hellip;]<\/p>\n","protected":false},"author":1,"featured_media":0,"parent":8,"menu_order":0,"comment_status":"closed","ping_status":"closed","template":"","meta":{"footnotes":""},"class_list":["post-3377","page","type-page","status-publish","hentry"],"translation":{"provider":"WPGlobus","version":"3.0.2","language":"fr","enabled_languages":["at","es","en","fr"],"languages":{"at":{"title":true,"content":true,"excerpt":false},"es":{"title":true,"content":true,"excerpt":false},"en":{"title":true,"content":true,"excerpt":false},"fr":{"title":true,"content":true,"excerpt":false}}},"yoast_head":"<!-- This site is optimized with the Yoast SEO plugin v24.1 - https:\/\/yoast.com\/wordpress\/plugins\/seo\/ -->\n<title>Panneau 05 - Pour mon peuple, tout! | Ruta Riudoms Gaud\u00ed<\/title>\n<meta name=\"robots\" content=\"index, follow, max-snippet:-1, max-image-preview:large, max-video-preview:-1\" \/>\n<link rel=\"canonical\" href=\"https:\/\/rutagaudiriudoms.cat\/ca\/plafo-05\/\" \/>\n<meta property=\"og:locale\" content=\"fr_FR\" \/>\n<meta property=\"og:type\" content=\"article\" \/>\n<meta property=\"og:title\" content=\"Panneau 05 - Pour mon peuple, tout! | Ruta Riudoms Gaud\u00ed\" \/>\n<meta property=\"og:url\" content=\"https:\/\/rutagaudiriudoms.cat\/ca\/plafo-05\/\" \/>\n<meta property=\"og:site_name\" content=\"Ruta Riudoms Gaud\u00ed\" \/>\n<meta property=\"article:modified_time\" content=\"2022-08-03T12:18:01+00:00\" \/>\n<meta property=\"og:image\" content=\"https:\/\/rutagaudiriudoms.cat\/wp-content\/uploads\/2019\/04\/Mesa-de-trabajo-5.png\" \/>\n<meta name=\"twitter:card\" content=\"summary_large_image\" \/>\n<meta name=\"twitter:label1\" content=\"Est. reading time\" \/>\n\t<meta name=\"twitter:data1\" content=\"5 minutes\" \/>\n<script type=\"application\/ld+json\" class=\"yoast-schema-graph\">{\"@context\":\"https:\/\/schema.org\",\"@graph\":[{\"@type\":\"WebPage\",\"@id\":\"https:\/\/rutagaudiriudoms.cat\/ca\/plafo-05\/\",\"url\":\"https:\/\/rutagaudiriudoms.cat\/ca\/plafo-05\/\",\"name\":\"Panneau 05 - Pour mon peuple, tout! | Ruta Riudoms Gaud\u00ed\",\"isPartOf\":{\"@id\":\"https:\/\/rutagaudiriudoms.cat\/#website\"},\"primaryImageOfPage\":{\"@id\":\"https:\/\/rutagaudiriudoms.cat\/ca\/plafo-05\/#primaryimage\"},\"image\":{\"@id\":\"https:\/\/rutagaudiriudoms.cat\/ca\/plafo-05\/#primaryimage\"},\"thumbnailUrl\":\"https:\/\/rutagaudiriudoms.cat\/wp-content\/uploads\/2019\/04\/Mesa-de-trabajo-5.png\",\"datePublished\":\"2019-02-12T11:02:07+00:00\",\"dateModified\":\"2022-08-03T12:18:01+00:00\",\"breadcrumb\":{\"@id\":\"https:\/\/rutagaudiriudoms.cat\/ca\/plafo-05\/#breadcrumb\"},\"inLanguage\":\"fr-FR\",\"potentialAction\":[{\"@type\":\"ReadAction\",\"target\":[\"https:\/\/rutagaudiriudoms.cat\/ca\/plafo-05\/\"]}]},{\"@type\":\"ImageObject\",\"inLanguage\":\"fr-FR\",\"@id\":\"https:\/\/rutagaudiriudoms.cat\/ca\/plafo-05\/#primaryimage\",\"url\":\"https:\/\/rutagaudiriudoms.cat\/wp-content\/uploads\/2019\/04\/Mesa-de-trabajo-5.png\",\"contentUrl\":\"https:\/\/rutagaudiriudoms.cat\/wp-content\/uploads\/2019\/04\/Mesa-de-trabajo-5.png\"},{\"@type\":\"BreadcrumbList\",\"@id\":\"https:\/\/rutagaudiriudoms.cat\/ca\/plafo-05\/#breadcrumb\",\"itemListElement\":[{\"@type\":\"ListItem\",\"position\":1,\"name\":\"Inici\",\"item\":\"https:\/\/rutagaudiriudoms.cat\/\"},{\"@type\":\"ListItem\",\"position\":2,\"name\":\"Inici\",\"item\":\"https:\/\/rutagaudiriudoms.cat\/\"},{\"@type\":\"ListItem\",\"position\":3,\"name\":\"Plaf\u00f3 05 &#8211; Per al meu poble, tot!\"}]},{\"@type\":\"WebSite\",\"@id\":\"https:\/\/rutagaudiriudoms.cat\/#website\",\"url\":\"https:\/\/rutagaudiriudoms.cat\/\",\"name\":\"Ruta Riudoms Gaud\u00ed\",\"description\":\"Espai a internet de la ruta de Gaud\u00ed a Riudoms\",\"publisher\":{\"@id\":\"https:\/\/rutagaudiriudoms.cat\/#organization\"},\"potentialAction\":[{\"@type\":\"SearchAction\",\"target\":{\"@type\":\"EntryPoint\",\"urlTemplate\":\"https:\/\/rutagaudiriudoms.cat\/?s={search_term_string}\"},\"query-input\":{\"@type\":\"PropertyValueSpecification\",\"valueRequired\":true,\"valueName\":\"search_term_string\"}}],\"inLanguage\":\"fr-FR\"},{\"@type\":\"Organization\",\"@id\":\"https:\/\/rutagaudiriudoms.cat\/#organization\",\"name\":\"Ruta Riudoms Gaud\u00ed\",\"url\":\"https:\/\/rutagaudiriudoms.cat\/\",\"logo\":{\"@type\":\"ImageObject\",\"inLanguage\":\"fr-FR\",\"@id\":\"https:\/\/rutagaudiriudoms.cat\/#\/schema\/logo\/image\/\",\"url\":\"https:\/\/rutagaudiriudoms.cat\/wp-content\/uploads\/2019\/04\/rgr-logo-002-101.png\",\"contentUrl\":\"https:\/\/rutagaudiriudoms.cat\/wp-content\/uploads\/2019\/04\/rgr-logo-002-101.png\",\"width\":101,\"height\":60,\"caption\":\"Ruta Riudoms Gaud\u00ed\"},\"image\":{\"@id\":\"https:\/\/rutagaudiriudoms.cat\/#\/schema\/logo\/image\/\"}}]}<\/script>\n<!-- \/ Yoast SEO plugin. -->","yoast_head_json":{"title":"Panneau 05 - Pour mon peuple, tout! | Ruta Riudoms Gaud\u00ed","robots":{"index":"index","follow":"follow","max-snippet":"max-snippet:-1","max-image-preview":"max-image-preview:large","max-video-preview":"max-video-preview:-1"},"canonical":"https:\/\/rutagaudiriudoms.cat\/ca\/plafo-05\/","og_locale":"fr_FR","og_type":"article","og_title":"Panneau 05 - Pour mon peuple, tout! | Ruta Riudoms Gaud\u00ed","og_url":"https:\/\/rutagaudiriudoms.cat\/ca\/plafo-05\/","og_site_name":"Ruta Riudoms Gaud\u00ed","article_modified_time":"2022-08-03T12:18:01+00:00","og_image":[{"url":"https:\/\/rutagaudiriudoms.cat\/wp-content\/uploads\/2019\/04\/Mesa-de-trabajo-5.png","type":"","width":"","height":""}],"twitter_card":"summary_large_image","twitter_misc":{"Est. reading time":"5 minutes"},"schema":{"@context":"https:\/\/schema.org","@graph":[{"@type":"WebPage","@id":"https:\/\/rutagaudiriudoms.cat\/ca\/plafo-05\/","url":"https:\/\/rutagaudiriudoms.cat\/ca\/plafo-05\/","name":"Panneau 05 - Pour mon peuple, tout! | Ruta Riudoms Gaud\u00ed","isPartOf":{"@id":"https:\/\/rutagaudiriudoms.cat\/#website"},"primaryImageOfPage":{"@id":"https:\/\/rutagaudiriudoms.cat\/ca\/plafo-05\/#primaryimage"},"image":{"@id":"https:\/\/rutagaudiriudoms.cat\/ca\/plafo-05\/#primaryimage"},"thumbnailUrl":"https:\/\/rutagaudiriudoms.cat\/wp-content\/uploads\/2019\/04\/Mesa-de-trabajo-5.png","datePublished":"2019-02-12T11:02:07+00:00","dateModified":"2022-08-03T12:18:01+00:00","breadcrumb":{"@id":"https:\/\/rutagaudiriudoms.cat\/ca\/plafo-05\/#breadcrumb"},"inLanguage":"fr-FR","potentialAction":[{"@type":"ReadAction","target":["https:\/\/rutagaudiriudoms.cat\/ca\/plafo-05\/"]}]},{"@type":"ImageObject","inLanguage":"fr-FR","@id":"https:\/\/rutagaudiriudoms.cat\/ca\/plafo-05\/#primaryimage","url":"https:\/\/rutagaudiriudoms.cat\/wp-content\/uploads\/2019\/04\/Mesa-de-trabajo-5.png","contentUrl":"https:\/\/rutagaudiriudoms.cat\/wp-content\/uploads\/2019\/04\/Mesa-de-trabajo-5.png"},{"@type":"BreadcrumbList","@id":"https:\/\/rutagaudiriudoms.cat\/ca\/plafo-05\/#breadcrumb","itemListElement":[{"@type":"ListItem","position":1,"name":"Inici","item":"https:\/\/rutagaudiriudoms.cat\/"},{"@type":"ListItem","position":2,"name":"Inici","item":"https:\/\/rutagaudiriudoms.cat\/"},{"@type":"ListItem","position":3,"name":"Plaf\u00f3 05 &#8211; Per al meu poble, tot!"}]},{"@type":"WebSite","@id":"https:\/\/rutagaudiriudoms.cat\/#website","url":"https:\/\/rutagaudiriudoms.cat\/","name":"Ruta Riudoms Gaud\u00ed","description":"Espai a internet de la ruta de Gaud\u00ed a Riudoms","publisher":{"@id":"https:\/\/rutagaudiriudoms.cat\/#organization"},"potentialAction":[{"@type":"SearchAction","target":{"@type":"EntryPoint","urlTemplate":"https:\/\/rutagaudiriudoms.cat\/?s={search_term_string}"},"query-input":{"@type":"PropertyValueSpecification","valueRequired":true,"valueName":"search_term_string"}}],"inLanguage":"fr-FR"},{"@type":"Organization","@id":"https:\/\/rutagaudiriudoms.cat\/#organization","name":"Ruta Riudoms Gaud\u00ed","url":"https:\/\/rutagaudiriudoms.cat\/","logo":{"@type":"ImageObject","inLanguage":"fr-FR","@id":"https:\/\/rutagaudiriudoms.cat\/#\/schema\/logo\/image\/","url":"https:\/\/rutagaudiriudoms.cat\/wp-content\/uploads\/2019\/04\/rgr-logo-002-101.png","contentUrl":"https:\/\/rutagaudiriudoms.cat\/wp-content\/uploads\/2019\/04\/rgr-logo-002-101.png","width":101,"height":60,"caption":"Ruta Riudoms Gaud\u00ed"},"image":{"@id":"https:\/\/rutagaudiriudoms.cat\/#\/schema\/logo\/image\/"}}]}},"_links":{"self":[{"href":"https:\/\/rutagaudiriudoms.cat\/fr\/wp-json\/wp\/v2\/pages\/3377","targetHints":{"allow":["GET"]}}],"collection":[{"href":"https:\/\/rutagaudiriudoms.cat\/fr\/wp-json\/wp\/v2\/pages"}],"about":[{"href":"https:\/\/rutagaudiriudoms.cat\/fr\/wp-json\/wp\/v2\/types\/page"}],"author":[{"embeddable":true,"href":"https:\/\/rutagaudiriudoms.cat\/fr\/wp-json\/wp\/v2\/users\/1"}],"replies":[{"embeddable":true,"href":"https:\/\/rutagaudiriudoms.cat\/fr\/wp-json\/wp\/v2\/comments?post=3377"}],"version-history":[{"count":0,"href":"https:\/\/rutagaudiriudoms.cat\/fr\/wp-json\/wp\/v2\/pages\/3377\/revisions"}],"up":[{"embeddable":true,"href":"https:\/\/rutagaudiriudoms.cat\/fr\/wp-json\/wp\/v2\/pages\/8"}],"wp:attachment":[{"href":"https:\/\/rutagaudiriudoms.cat\/fr\/wp-json\/wp\/v2\/media?parent=3377"}],"curies":[{"name":"wp","href":"https:\/\/api.w.org\/{rel}","templated":true}]}}