{"id":3374,"date":"2019-02-12T13:00:46","date_gmt":"2019-02-12T11:00:46","guid":{"rendered":"http:\/\/tgd.info\/riudoms\/?page_id=3374"},"modified":"2022-08-03T14:10:18","modified_gmt":"2022-08-03T12:10:18","slug":"plafo-04","status":"publish","type":"page","link":"https:\/\/rutagaudiriudoms.cat\/fr\/ca\/plafo-04\/","title":{"rendered":"Panneau 04 &#8211; Arcs Gaudiniens"},"content":{"rendered":"<p>[vc_section css=&#8221;.vc_custom_1548946330315{padding-top: 80px !important;}&#8221;][vc_row css=&#8221;.vc_custom_1548862315669{margin-bottom: 0px !important;}&#8221;][vc_column][vc_column_text el_class=&#8221;numPlafo&#8221;]<\/p>\n<table style=\"width: 100%; border: 0px solid white;\">\n<tbody>\n<tr style=\"border: 0px solid white;\">\n<td style=\"min-width: 102px; padding: 0px;\"><img loading=\"lazy\" decoding=\"async\" class=\"aligncenter wp-image-3498 size-full\" src=\"https:\/\/rutagaudiriudoms.cat\/wp-content\/uploads\/2019\/04\/Mesa-de-trabajo-4.png\" alt=\"\" width=\"101\" height=\"100\" \/><\/td>\n<td style=\"width: 100%; text-align: left;\"><strong>Panneau 4\u00a0<\/strong><\/td>\n<\/tr>\n<\/tbody>\n<\/table>\n<p>[\/vc_column_text][\/vc_column][\/vc_row][vc_row css=&#8221;.vc_custom_1548862319912{margin-top: 0px !important;}&#8221;][vc_column width=&#8221;1\/12&#8243;][\/vc_column][vc_column width=&#8221;5\/6&#8243;]<div class=\"wpb_content_element  vc_custom_1659528495402\"><style type=\"text\/css\" scoped>#ut_header_69d26c0c7f02b h2 span { color:; }<\/style><header id=\"ut_header_69d26c0c7f02b\" class=\"section-header pt-style-7 header-center\"><h2  class=\"section-title \"><span>Arcs gaudiniens<\/span><\/h2><\/header><\/div>[vc_empty_space][vc_column_text el_class=&#8221;destacat_plafo&#8221;]<\/p>\n<p style=\"text-align: center;\"><em><big>&#8220;Les parabolo\u00efdes, les hyperbolo\u00efdes et les h\u00e9lico\u00efdes, en variant constamment l&#8217;incidence de la lumi\u00e8re, ont leur propre richesse de nuances, qui rendent inutiles l&#8217;ornementation et m\u00eame la mod\u00e9lisation.&#8221;<\/big><\/em><\/p>\n<p style=\"text-align: center;\"><small>Antoni Gaud\u00ed<\/small><\/p>\n<p>[\/vc_column_text]<div  class=\"wpb_content_element   clearfix\"><style type=\"text\/css\" scoped>#ut_am_69d26c0c7f56b { opacity: 1; }<\/style><div id=\"ut_am_wrap_69d26c0c7f56c\" class=\"ut-image-gallery-image \" style=\"text-align:center;\"><div class=\"ut-animated-image-item ut-image-gallery-item ut-animation-done\"><a class=\"ut-deactivated-link\" href=\"#\"><img loading=\"lazy\" decoding=\"async\" title=\"rgr-cadenes-001-600\" id=\"ut_am_69d26c0c7f56b\" style=\"\" src=\"https:\/\/rutagaudiriudoms.cat\/wp-content\/uploads\/2019\/04\/rgr-cadenes-001-600.jpg\" width=\"600\" height=\"1027\" alt=\"Arcs catenaris\"\/><\/a><\/div><\/div><\/div>[vc_column_text]L\u2019arc cat\u00e9naire l\u2019emp\u00eache d\u2019avoir \u00e0 \u00eatre renforc\u00e9 de l\u2019ext\u00e9rieur pour contrer la force qu\u2019il supporte. Il a une caract\u00e9ristique tr\u00e8s sp\u00e9ciale: il peut supporter beaucoup plus de poids que les autres. Gaud\u00ed a d\u00e9couvert la facilit\u00e9 de construction des parabolo\u00efdes hyperboliques, pour lesquels les ma\u00e7ons n\u2019avaient besoin que de deux r\u00e8gles et d&#8217;une ficelle.<\/p>\n<p>Les arcs cat\u00e9naires permettent un espace large et diaphane, ils s&#8217;ouvrent vers la lumi\u00e8re. Il les utilise d&#8217;abord \u00e0 Matar\u00f3, puis au Palau G\u00fcell, dans le grenier de la Casa Mil\u00e0 et au Coll\u00e8ge des Teresianas. Entre arc et arc, il n&#8217;y a pas de poutres, juste le sol et, de plus, comme les fen\u00eatres et les murs alternent, il y a des zones d&#8217;ombre et de lumi\u00e8re qui lui conf\u00e8rent une qualit\u00e9 de composition. Avec des parabolo\u00efdes hyperboliques, il r\u00e9p\u00e8te ceux qu&#8217;il concevra \u00e0 la Sagrada Fam\u00edlia. Les arcs paraboliques caract\u00e9risent l&#8217;\u0153uvre de Gaud\u00ed.[\/vc_column_text][vc_message message_box_color=&#8221;white&#8221; icon_fontawesome=&#8221;fa fa-comment-o&#8221; el_class=&#8221;destacat_plafo&#8221;]<\/p>\n<h4>Dans l&#8217;hyperbolo\u00efde, il a vu une synth\u00e8se de lumi\u00e8re projet\u00e9e dans toutes les directions.<\/h4>\n<p>[\/vc_message][vc_message message_box_color=&#8221;white&#8221; icon_fontawesome=&#8221;fa fa-comment-o&#8221; el_class=&#8221;destacat_plafo&#8221;]Imaginez deux balcons sur la rue principale. Si vous tenez une cha\u00eene par les deux extr\u00e9mit\u00e9s, vous verrez qu&#8217;elle forme une courbe. Si cette courbe \u00e9tait orient\u00e9e vers le haut plut\u00f4t que vers le bas, il s&#8217;agirait d&#8217;un arc cat\u00e9naire. Pour v\u00e9rifier son aspect, Gaud\u00ed a suspendu au plafond des fils auxquels \u00e9taient accroch\u00e9s des sacs de sable en guise de contrepoids. Les cordes \u00e9taient arqu\u00e9es et, \u00e0 l&#8217;aide d&#8217;un miroir plac\u00e9 en dessous, l&#8217;image \u00e9tait invers\u00e9e et les arcs cat\u00e9naires apparaissaient.[\/vc_message][vc_message message_box_color=&#8221;white&#8221; icon_fontawesome=&#8221;fa fa-comment-o&#8221; el_class=&#8221;destacat_plafo&#8221;]<\/p>\n<h4>L&#8217;h\u00e9lico\u00efde est une synth\u00e8se du mouvement. Ce sont les surfaces les plus simples.<\/h4>\n<p>[\/vc_message]<div  class=\"wpb_content_element   clearfix\"><style type=\"text\/css\" scoped>#ut_am_69d26c0c7fa50 { opacity: 1; }<\/style><div id=\"ut_am_wrap_69d26c0c7fa51\" class=\"ut-image-gallery-image \" style=\"text-align:center;\"><div class=\"ut-animated-image-item ut-image-gallery-item ut-animation-done\"><a data-exthumbimage=\"https:\/\/rutagaudiriudoms.cat\/wp-content\/uploads\/2019\/04\/rgr-arc-catenari-960-150x150.jpg\" href=\"https:\/\/rutagaudiriudoms.cat\/wp-content\/uploads\/2019\/04\/rgr-arc-catenari-960.jpg\" class=\"ut-vc-images-lightbox\"><img loading=\"lazy\" decoding=\"async\" title=\"rgr-arc-catenari-960\" id=\"ut_am_69d26c0c7fa50\" style=\"\" src=\"https:\/\/rutagaudiriudoms.cat\/wp-content\/uploads\/2019\/04\/rgr-arc-catenari-960.jpg\" width=\"960\" height=\"640\" alt=\"Arcs catenaris\"\/><\/a><\/div><\/div><\/div>[\/vc_column][vc_column width=&#8221;1\/12&#8243;][\/vc_column][\/vc_row][\/vc_section][vc_section css=&#8221;.vc_custom_1548862675626{background-color: #faebcc !important;}&#8221;][vc_row][vc_column width=&#8221;1\/12&#8243;][\/vc_column][vc_column width=&#8221;5\/6&#8243;]<div  class=\"wpb_content_element   clearfix\"><style type=\"text\/css\" scoped>#ut_am_69d26c0c7ff5f { opacity: 1; }<\/style><div id=\"ut_am_wrap_69d26c0c7ff60\" class=\"ut-image-gallery-image \" style=\"text-align:center;\"><div class=\"ut-animated-image-item ut-image-gallery-item ut-animation-done\"><a class=\"ut-deactivated-link\" href=\"#\"><img loading=\"lazy\" decoding=\"async\" title=\"rgr-gaudi-perfil-marro2-203\" id=\"ut_am_69d26c0c7ff5f\" style=\"\" src=\"https:\/\/rutagaudiriudoms.cat\/wp-content\/uploads\/2019\/04\/rgr-gaudi-perfil-marro2-203.png\" width=\"203\" height=\"205\" alt=\"Perfil de Gaud\u00ed\"\/><\/a><\/div><\/div><\/div><div  class=\"wpb_content_element   clearfix\"><style type=\"text\/css\" scoped>#ut_am_69d26c0c80366 { opacity: 1; }<\/style><div id=\"ut_am_wrap_69d26c0c80367\" class=\"ut-image-gallery-image \" style=\"text-align:center;\"><div class=\"ut-animated-image-item ut-image-gallery-item ut-animation-done\"><a class=\"ut-deactivated-link\" href=\"#\"><img loading=\"lazy\" decoding=\"async\" title=\"rgr-numeral4-133\" id=\"ut_am_69d26c0c80366\" style=\"\" src=\"https:\/\/rutagaudiriudoms.cat\/wp-content\/uploads\/2019\/06\/rgr-numeral4-133.png\" width=\"133\" height=\"53\" alt=\"4 de 12\"\/><\/a><\/div><\/div><\/div><div class=\"wpb_content_element \"><style type=\"text\/css\" scoped>#ut_header_69d26c0c803a2 h2 span { color:#b56e25; }#ut_header_69d26c0c803a2 h2.section-title { font-size: 24px; }<\/style><header id=\"ut_header_69d26c0c803a2\" class=\"section-header pt-style-7 header-center\"><h2  class=\"section-title \"><span>Le Gaud\u00ed et Riudoms <\/span><\/h2><\/header><\/div>[vc_column_text]Ce jeune Fran\u00e7ais, Joan Gaud\u00ed d\u2019Auv\u00e8rnia, devint veuf et \u00e9pousa Catherine Esquer en 1647. Les deux \u00e9pouses, par leurs noms de famille, \u00e9taient d\u2019origine occitane. Les mariages se sont succ\u00e9d\u00e9s au fil des si\u00e8cles. Joan Gaud\u00ed Escura, fils du premier mariage de Gaud\u00ed venu de France, \u00e9tait tisserand de lin et \u00e9pousa Maria Oriol Giner, fille d&#8217;un paysan ais\u00e9 poss\u00e9dant des biens.[\/vc_column_text][\/vc_column][vc_column width=&#8221;1\/12&#8243;][\/vc_column][\/vc_row][\/vc_section]<\/p>\n","protected":false},"excerpt":{"rendered":"<p>[vc_section css=&#8221;.vc_custom_1548946330315{padding-top: 80px !important;}&#8221;][vc_row css=&#8221;.vc_custom_1548862315669{margin-bottom: 0px !important;}&#8221;][vc_column][vc_column_text el_class=&#8221;numPlafo&#8221;] Panneau 4\u00a0 [\/vc_column_text][\/vc_column][\/vc_row][vc_row css=&#8221;.vc_custom_1548862319912{margin-top: 0px !important;}&#8221;][vc_column width=&#8221;1\/12&#8243;][\/vc_column][vc_column width=&#8221;5\/6&#8243;][vc_empty_space][vc_column_text el_class=&#8221;destacat_plafo&#8221;] &#8220;Les parabolo\u00efdes, les hyperbolo\u00efdes et les h\u00e9lico\u00efdes, en variant constamment l&#8217;incidence de la lumi\u00e8re, ont leur propre richesse de nuances, qui rendent inutiles l&#8217;ornementation et m\u00eame la mod\u00e9lisation.&#8221; Antoni Gaud\u00ed [\/vc_column_text][vc_column_text]L\u2019arc cat\u00e9naire l\u2019emp\u00eache d\u2019avoir \u00e0 \u00eatre renforc\u00e9 de [&hellip;]<\/p>\n","protected":false},"author":1,"featured_media":0,"parent":8,"menu_order":0,"comment_status":"closed","ping_status":"closed","template":"","meta":{"footnotes":""},"class_list":["post-3374","page","type-page","status-publish","hentry"],"translation":{"provider":"WPGlobus","version":"3.0.2","language":"fr","enabled_languages":["at","es","en","fr"],"languages":{"at":{"title":true,"content":true,"excerpt":false},"es":{"title":true,"content":true,"excerpt":false},"en":{"title":true,"content":true,"excerpt":false},"fr":{"title":true,"content":true,"excerpt":false}}},"yoast_head":"<!-- This site is optimized with the Yoast SEO plugin v24.1 - https:\/\/yoast.com\/wordpress\/plugins\/seo\/ -->\n<title>Panneau 04 - Arcs Gaudiniens | Ruta Riudoms Gaud\u00ed<\/title>\n<meta name=\"robots\" content=\"index, follow, max-snippet:-1, max-image-preview:large, max-video-preview:-1\" \/>\n<link rel=\"canonical\" href=\"https:\/\/rutagaudiriudoms.cat\/ca\/plafo-04\/\" \/>\n<meta property=\"og:locale\" content=\"fr_FR\" \/>\n<meta property=\"og:type\" content=\"article\" \/>\n<meta property=\"og:title\" content=\"Panneau 04 - Arcs Gaudiniens | Ruta Riudoms Gaud\u00ed\" \/>\n<meta property=\"og:url\" content=\"https:\/\/rutagaudiriudoms.cat\/ca\/plafo-04\/\" \/>\n<meta property=\"og:site_name\" content=\"Ruta Riudoms Gaud\u00ed\" \/>\n<meta property=\"article:modified_time\" content=\"2022-08-03T12:10:18+00:00\" \/>\n<meta property=\"og:image\" content=\"https:\/\/rutagaudiriudoms.cat\/wp-content\/uploads\/2019\/04\/Mesa-de-trabajo-4.png\" \/>\n<meta name=\"twitter:card\" content=\"summary_large_image\" \/>\n<meta name=\"twitter:label1\" content=\"Est. reading time\" \/>\n\t<meta name=\"twitter:data1\" content=\"3 minutes\" \/>\n<script type=\"application\/ld+json\" class=\"yoast-schema-graph\">{\"@context\":\"https:\/\/schema.org\",\"@graph\":[{\"@type\":\"WebPage\",\"@id\":\"https:\/\/rutagaudiriudoms.cat\/ca\/plafo-04\/\",\"url\":\"https:\/\/rutagaudiriudoms.cat\/ca\/plafo-04\/\",\"name\":\"Panneau 04 - Arcs Gaudiniens | Ruta Riudoms Gaud\u00ed\",\"isPartOf\":{\"@id\":\"https:\/\/rutagaudiriudoms.cat\/#website\"},\"primaryImageOfPage\":{\"@id\":\"https:\/\/rutagaudiriudoms.cat\/ca\/plafo-04\/#primaryimage\"},\"image\":{\"@id\":\"https:\/\/rutagaudiriudoms.cat\/ca\/plafo-04\/#primaryimage\"},\"thumbnailUrl\":\"https:\/\/rutagaudiriudoms.cat\/wp-content\/uploads\/2019\/04\/Mesa-de-trabajo-4.png\",\"datePublished\":\"2019-02-12T11:00:46+00:00\",\"dateModified\":\"2022-08-03T12:10:18+00:00\",\"breadcrumb\":{\"@id\":\"https:\/\/rutagaudiriudoms.cat\/ca\/plafo-04\/#breadcrumb\"},\"inLanguage\":\"fr-FR\",\"potentialAction\":[{\"@type\":\"ReadAction\",\"target\":[\"https:\/\/rutagaudiriudoms.cat\/ca\/plafo-04\/\"]}]},{\"@type\":\"ImageObject\",\"inLanguage\":\"fr-FR\",\"@id\":\"https:\/\/rutagaudiriudoms.cat\/ca\/plafo-04\/#primaryimage\",\"url\":\"https:\/\/rutagaudiriudoms.cat\/wp-content\/uploads\/2019\/04\/Mesa-de-trabajo-4.png\",\"contentUrl\":\"https:\/\/rutagaudiriudoms.cat\/wp-content\/uploads\/2019\/04\/Mesa-de-trabajo-4.png\"},{\"@type\":\"BreadcrumbList\",\"@id\":\"https:\/\/rutagaudiriudoms.cat\/ca\/plafo-04\/#breadcrumb\",\"itemListElement\":[{\"@type\":\"ListItem\",\"position\":1,\"name\":\"Inici\",\"item\":\"https:\/\/rutagaudiriudoms.cat\/\"},{\"@type\":\"ListItem\",\"position\":2,\"name\":\"Inici\",\"item\":\"https:\/\/rutagaudiriudoms.cat\/\"},{\"@type\":\"ListItem\",\"position\":3,\"name\":\"Plaf\u00f3 04 &#8211; Els arcs Gaudinians\"}]},{\"@type\":\"WebSite\",\"@id\":\"https:\/\/rutagaudiriudoms.cat\/#website\",\"url\":\"https:\/\/rutagaudiriudoms.cat\/\",\"name\":\"Ruta Riudoms Gaud\u00ed\",\"description\":\"Espai a internet de la ruta de Gaud\u00ed a Riudoms\",\"publisher\":{\"@id\":\"https:\/\/rutagaudiriudoms.cat\/#organization\"},\"potentialAction\":[{\"@type\":\"SearchAction\",\"target\":{\"@type\":\"EntryPoint\",\"urlTemplate\":\"https:\/\/rutagaudiriudoms.cat\/?s={search_term_string}\"},\"query-input\":{\"@type\":\"PropertyValueSpecification\",\"valueRequired\":true,\"valueName\":\"search_term_string\"}}],\"inLanguage\":\"fr-FR\"},{\"@type\":\"Organization\",\"@id\":\"https:\/\/rutagaudiriudoms.cat\/#organization\",\"name\":\"Ruta Riudoms Gaud\u00ed\",\"url\":\"https:\/\/rutagaudiriudoms.cat\/\",\"logo\":{\"@type\":\"ImageObject\",\"inLanguage\":\"fr-FR\",\"@id\":\"https:\/\/rutagaudiriudoms.cat\/#\/schema\/logo\/image\/\",\"url\":\"https:\/\/rutagaudiriudoms.cat\/wp-content\/uploads\/2019\/04\/rgr-logo-002-101.png\",\"contentUrl\":\"https:\/\/rutagaudiriudoms.cat\/wp-content\/uploads\/2019\/04\/rgr-logo-002-101.png\",\"width\":101,\"height\":60,\"caption\":\"Ruta Riudoms Gaud\u00ed\"},\"image\":{\"@id\":\"https:\/\/rutagaudiriudoms.cat\/#\/schema\/logo\/image\/\"}}]}<\/script>\n<!-- \/ Yoast SEO plugin. -->","yoast_head_json":{"title":"Panneau 04 - Arcs Gaudiniens | Ruta Riudoms Gaud\u00ed","robots":{"index":"index","follow":"follow","max-snippet":"max-snippet:-1","max-image-preview":"max-image-preview:large","max-video-preview":"max-video-preview:-1"},"canonical":"https:\/\/rutagaudiriudoms.cat\/ca\/plafo-04\/","og_locale":"fr_FR","og_type":"article","og_title":"Panneau 04 - Arcs Gaudiniens | Ruta Riudoms Gaud\u00ed","og_url":"https:\/\/rutagaudiriudoms.cat\/ca\/plafo-04\/","og_site_name":"Ruta Riudoms Gaud\u00ed","article_modified_time":"2022-08-03T12:10:18+00:00","og_image":[{"url":"https:\/\/rutagaudiriudoms.cat\/wp-content\/uploads\/2019\/04\/Mesa-de-trabajo-4.png","type":"","width":"","height":""}],"twitter_card":"summary_large_image","twitter_misc":{"Est. reading time":"3 minutes"},"schema":{"@context":"https:\/\/schema.org","@graph":[{"@type":"WebPage","@id":"https:\/\/rutagaudiriudoms.cat\/ca\/plafo-04\/","url":"https:\/\/rutagaudiriudoms.cat\/ca\/plafo-04\/","name":"Panneau 04 - Arcs Gaudiniens | Ruta Riudoms Gaud\u00ed","isPartOf":{"@id":"https:\/\/rutagaudiriudoms.cat\/#website"},"primaryImageOfPage":{"@id":"https:\/\/rutagaudiriudoms.cat\/ca\/plafo-04\/#primaryimage"},"image":{"@id":"https:\/\/rutagaudiriudoms.cat\/ca\/plafo-04\/#primaryimage"},"thumbnailUrl":"https:\/\/rutagaudiriudoms.cat\/wp-content\/uploads\/2019\/04\/Mesa-de-trabajo-4.png","datePublished":"2019-02-12T11:00:46+00:00","dateModified":"2022-08-03T12:10:18+00:00","breadcrumb":{"@id":"https:\/\/rutagaudiriudoms.cat\/ca\/plafo-04\/#breadcrumb"},"inLanguage":"fr-FR","potentialAction":[{"@type":"ReadAction","target":["https:\/\/rutagaudiriudoms.cat\/ca\/plafo-04\/"]}]},{"@type":"ImageObject","inLanguage":"fr-FR","@id":"https:\/\/rutagaudiriudoms.cat\/ca\/plafo-04\/#primaryimage","url":"https:\/\/rutagaudiriudoms.cat\/wp-content\/uploads\/2019\/04\/Mesa-de-trabajo-4.png","contentUrl":"https:\/\/rutagaudiriudoms.cat\/wp-content\/uploads\/2019\/04\/Mesa-de-trabajo-4.png"},{"@type":"BreadcrumbList","@id":"https:\/\/rutagaudiriudoms.cat\/ca\/plafo-04\/#breadcrumb","itemListElement":[{"@type":"ListItem","position":1,"name":"Inici","item":"https:\/\/rutagaudiriudoms.cat\/"},{"@type":"ListItem","position":2,"name":"Inici","item":"https:\/\/rutagaudiriudoms.cat\/"},{"@type":"ListItem","position":3,"name":"Plaf\u00f3 04 &#8211; Els arcs Gaudinians"}]},{"@type":"WebSite","@id":"https:\/\/rutagaudiriudoms.cat\/#website","url":"https:\/\/rutagaudiriudoms.cat\/","name":"Ruta Riudoms Gaud\u00ed","description":"Espai a internet de la ruta de Gaud\u00ed a Riudoms","publisher":{"@id":"https:\/\/rutagaudiriudoms.cat\/#organization"},"potentialAction":[{"@type":"SearchAction","target":{"@type":"EntryPoint","urlTemplate":"https:\/\/rutagaudiriudoms.cat\/?s={search_term_string}"},"query-input":{"@type":"PropertyValueSpecification","valueRequired":true,"valueName":"search_term_string"}}],"inLanguage":"fr-FR"},{"@type":"Organization","@id":"https:\/\/rutagaudiriudoms.cat\/#organization","name":"Ruta Riudoms Gaud\u00ed","url":"https:\/\/rutagaudiriudoms.cat\/","logo":{"@type":"ImageObject","inLanguage":"fr-FR","@id":"https:\/\/rutagaudiriudoms.cat\/#\/schema\/logo\/image\/","url":"https:\/\/rutagaudiriudoms.cat\/wp-content\/uploads\/2019\/04\/rgr-logo-002-101.png","contentUrl":"https:\/\/rutagaudiriudoms.cat\/wp-content\/uploads\/2019\/04\/rgr-logo-002-101.png","width":101,"height":60,"caption":"Ruta Riudoms Gaud\u00ed"},"image":{"@id":"https:\/\/rutagaudiriudoms.cat\/#\/schema\/logo\/image\/"}}]}},"_links":{"self":[{"href":"https:\/\/rutagaudiriudoms.cat\/fr\/wp-json\/wp\/v2\/pages\/3374","targetHints":{"allow":["GET"]}}],"collection":[{"href":"https:\/\/rutagaudiriudoms.cat\/fr\/wp-json\/wp\/v2\/pages"}],"about":[{"href":"https:\/\/rutagaudiriudoms.cat\/fr\/wp-json\/wp\/v2\/types\/page"}],"author":[{"embeddable":true,"href":"https:\/\/rutagaudiriudoms.cat\/fr\/wp-json\/wp\/v2\/users\/1"}],"replies":[{"embeddable":true,"href":"https:\/\/rutagaudiriudoms.cat\/fr\/wp-json\/wp\/v2\/comments?post=3374"}],"version-history":[{"count":0,"href":"https:\/\/rutagaudiriudoms.cat\/fr\/wp-json\/wp\/v2\/pages\/3374\/revisions"}],"up":[{"embeddable":true,"href":"https:\/\/rutagaudiriudoms.cat\/fr\/wp-json\/wp\/v2\/pages\/8"}],"wp:attachment":[{"href":"https:\/\/rutagaudiriudoms.cat\/fr\/wp-json\/wp\/v2\/media?parent=3374"}],"curies":[{"name":"wp","href":"https:\/\/api.w.org\/{rel}","templated":true}]}}