{"id":3168,"date":"2019-01-31T10:03:06","date_gmt":"2019-01-31T08:03:06","guid":{"rendered":"http:\/\/tgd.info\/riudoms\/?page_id=3168"},"modified":"2022-08-03T14:07:40","modified_gmt":"2022-08-03T12:07:40","slug":"plafo-03","status":"publish","type":"page","link":"https:\/\/rutagaudiriudoms.cat\/fr\/ca\/plafo-03\/","title":{"rendered":"Panneau 03 &#8211; Les formes chez Gaud\u00ed"},"content":{"rendered":"<p>[vc_section css=&#8221;.vc_custom_1548946330315{padding-top: 80px !important;}&#8221;][vc_row css=&#8221;.vc_custom_1548862315669{margin-bottom: 0px !important;}&#8221;][vc_column][vc_column_text el_class=&#8221;numPlafo&#8221;]<\/p>\n<table style=\"width: 100%; border: 0px solid white;\">\n<tbody>\n<tr style=\"border: 0px solid white;\">\n<td style=\"min-width: 102px; padding: 0px;\"><img loading=\"lazy\" decoding=\"async\" class=\"aligncenter wp-image-3498 size-full\" src=\"https:\/\/rutagaudiriudoms.cat\/wp-content\/uploads\/2019\/04\/Mesa-de-trabajo-3.png\" alt=\"\" width=\"101\" height=\"100\" \/><\/td>\n<td style=\"width: 100%; text-align: left;\"><strong>Panneau 3\u00a0<\/strong><\/td>\n<\/tr>\n<\/tbody>\n<\/table>\n<p>[\/vc_column_text][\/vc_column][\/vc_row][vc_row css=&#8221;.vc_custom_1548862319912{margin-top: 0px !important;}&#8221;][vc_column width=&#8221;1\/12&#8243;][\/vc_column][vc_column width=&#8221;5\/6&#8243;]<div class=\"wpb_content_element  vc_custom_1659528290912\"><style type=\"text\/css\" scoped>#ut_header_69d2676280d51 h2 span { color:; }<\/style><header id=\"ut_header_69d2676280d51\" class=\"section-header pt-style-7 header-center\"><h2  class=\"section-title \"><span>Les formes chez Gaud\u00ed<\/span><\/h2><\/header><\/div>[vc_empty_space][vc_column_text el_class=&#8221;destacat_plafo&#8221;]<\/p>\n<p style=\"text-align: center;\"><em><big>&#8220;Nous poss\u00e9dons l&#8217;image. La fantaisie vient des fant\u00f4mes.\u00a0 La fantaisie vient des gens du nord. Nous sommes concrets. L&#8217;image est celle de la M\u00e9diterran\u00e9e. Oreste sait o\u00f9 il va, tandis qu&#8217;Hamlet erre perdu dans le doute.&#8221;\u00a0<\/big><\/em><br \/>\n<small>Antoni Gaud\u00ed<\/small><\/p>\n<p>[\/vc_column_text][vc_message message_box_color=&#8221;white&#8221; icon_fontawesome=&#8221;fa fa-comment-o&#8221; el_class=&#8221;destacat_plafo&#8221;]Cherchez un escargot et imaginez-le dans les mains de Gaud\u00ed. Un escargot sugg\u00e8re de multiples id\u00e9es pour travailler le fer forg\u00e9, pour placer les lumi\u00e8res sur les plafonds, pour les escaliers en colima\u00e7on. Les escargots font d&#8217;excellents pinacles.[\/vc_message][vc_message message_box_color=&#8221;white&#8221; icon_fontawesome=&#8221;fa fa-comment-o&#8221; el_class=&#8221;destacat_plafo&#8221;]Avec ces images de l&#8217;enfance, \u00e0 travers les rues et le village de Riudoms, Gaud\u00ed a archicompos\u00e9 la nature.[\/vc_message]<div  class=\"wpb_content_element   clearfix\"><style type=\"text\/css\" scoped>#ut_am_69d2676281571 { opacity: 1; }<\/style><div id=\"ut_am_wrap_69d2676281573\" class=\"ut-image-gallery-image \" style=\"text-align:center;\"><div class=\"ut-animated-image-item ut-image-gallery-item ut-animation-done\"><a class=\"ut-deactivated-link\" href=\"#\"><img loading=\"lazy\" decoding=\"async\" title=\"rgr-caragol-001-960\" id=\"ut_am_69d2676281571\" style=\"\" src=\"https:\/\/rutagaudiriudoms.cat\/wp-content\/uploads\/2019\/04\/rgr-caragol-001-960.png\" width=\"960\" height=\"640\" alt=\"Caragol al teulat de la casa Batll\u00f3\"\/><\/a><\/div><\/div><\/div>[vc_column_text]Antoni Gaud\u00ed, pour ses conditions de vie: mauvaise sant\u00e9, affections pulmonaires et rhumatismes articulaires, devient un homme cultiv\u00e9. Il a beaucoup lu et tant sa m\u00e9moire que sa capacit\u00e9 d\u2019observation privil\u00e9gi\u00e9e et g\u00e9niale conservent les images que la raison a retenues.<\/p>\n<p>Les formes de l&#8217;\u0153uvre de Gaud\u00ed sont le fruit de ces impacts vitaux : des lignes d&#8217;inspiration arabe ou nasride de la Casa Vicens aux sinuosit\u00e9s de La Pedrera, Gaud\u00ed s&#8217;inspire de formes simples et d&#8217;extraits d&#8217;\u00e9l\u00e9ments qui n&#8217;ob\u00e9issent \u00e0 aucune raison constructive. Ils sont logiques, vraiment. C\u2019est pour \u00e7a qu\u2019ils se comprennent.[\/vc_column_text]<div  class=\"wpb_content_element   clearfix\"><style type=\"text\/css\" scoped>#ut_am_69d267628259f { opacity: 1; }<\/style><div id=\"ut_am_wrap_69d26762825a1\" class=\"ut-image-gallery-image \" style=\"text-align:center;\"><div class=\"ut-animated-image-item ut-image-gallery-item ut-animation-done\"><a class=\"ut-deactivated-link\" href=\"#\"><img loading=\"lazy\" decoding=\"async\" title=\"rgr-sostre-960\" id=\"ut_am_69d267628259f\" style=\"\" src=\"https:\/\/rutagaudiriudoms.cat\/wp-content\/uploads\/2019\/04\/rgr-sostre-960.jpg\" width=\"960\" height=\"570\" alt=\"Llum de sostre en forma de caragol\"\/><\/a><\/div><\/div><\/div>[vc_column_text]<\/p>\n<h4>La maison natale des Nebot<\/h4>\n<p>[\/vc_column_text]<div  class=\"wpb_content_element   clearfix\"><style type=\"text\/css\" scoped>#ut_am_69d26762834e1 { opacity: 1; }<\/style><div id=\"ut_am_wrap_69d26762834e2\" class=\"ut-image-gallery-image \" style=\"text-align:center;\"><div class=\"ut-animated-image-item ut-image-gallery-item ut-animation-done\"><a class=\"ut-deactivated-link\" href=\"#\"><img loading=\"lazy\" decoding=\"async\" title=\"rgr-casa-nebot-600-001\" id=\"ut_am_69d26762834e1\" style=\"\" src=\"https:\/\/rutagaudiriudoms.cat\/wp-content\/uploads\/2019\/04\/rgr-casa-nebot-600-001.png\" width=\"600\" height=\"748\" alt=\"Quadre de la casa Nebot\"\/><\/a><\/div><\/div><\/div>[vc_column_text]Maison natale des militaires anti-bourboniens de la lign\u00e9e Nebot qui ont particip\u00e9 \u00e0 la guerre de Succession, parmi lesquels le g\u00e9n\u00e9ral Rapha\u00ebl de Nebot Font (1665-1733).<\/p>\n<p>Apr\u00e8s de nombreuses ann\u00e9es de d\u00e9cadence, le b\u00e2timent a \u00e9t\u00e9 r\u00e9habilit\u00e9 \u00e0 partir de 1880 en tant que complexe ludique, fonction qu\u2019il a conserv\u00e9e jusqu\u2019en 1960. L\u2019ensemble de construction a \u00e9t\u00e9 refaite dans les ann\u00e9es cinquante du XXe si\u00e8cle par l\u2019architecte Francesc Adell Ferr\u00e9 et se distingue par les fen\u00eatres gothiques de la fa\u00e7ade et de la tribune.<\/p>\n<p>Antoni Gaud\u00ed passait devant ce b\u00e2timent singulier, o\u00f9 se trouvait \u00e0 l\u2019\u00e9poque le Caf\u00e9 de Cal Gallis\u00e0. Il connaissait le Joanet qui tenait le caf\u00e9 pendant la jeunesse de Gaud\u00ed. Dans quelle mesure \u00e9taient-ils li\u00e9s?[\/vc_column_text][\/vc_column][vc_column width=&#8221;1\/12&#8243;][\/vc_column][\/vc_row][\/vc_section][vc_section css=&#8221;.vc_custom_1548862675626{background-color: #faebcc !important;}&#8221;][vc_row][vc_column width=&#8221;1\/12&#8243;][\/vc_column][vc_column width=&#8221;5\/6&#8243;]<div  class=\"wpb_content_element   clearfix\"><style type=\"text\/css\" scoped>#ut_am_69d2676284353 { opacity: 1; }<\/style><div id=\"ut_am_wrap_69d2676284354\" class=\"ut-image-gallery-image \" style=\"text-align:center;\"><div class=\"ut-animated-image-item ut-image-gallery-item ut-animation-done\"><a class=\"ut-deactivated-link\" href=\"#\"><img loading=\"lazy\" decoding=\"async\" title=\"rgr-gaudi-perfil-invers-203\" id=\"ut_am_69d2676284353\" style=\"\" src=\"https:\/\/rutagaudiriudoms.cat\/wp-content\/uploads\/2019\/04\/rgr-gaudi-perfil-invers-203.png\" width=\"203\" height=\"205\" alt=\"Perfil de Gaud\u00ed\"\/><\/a><\/div><\/div><\/div><div  class=\"wpb_content_element   clearfix\"><style type=\"text\/css\" scoped>#ut_am_69d26762847f0 { opacity: 1; }<\/style><div id=\"ut_am_wrap_69d26762847f1\" class=\"ut-image-gallery-image \" style=\"text-align:center;\"><div class=\"ut-animated-image-item ut-image-gallery-item ut-animation-done\"><a class=\"ut-deactivated-link\" href=\"#\"><img loading=\"lazy\" decoding=\"async\" title=\"rgr-numeral3-133\" id=\"ut_am_69d26762847f0\" style=\"\" src=\"https:\/\/rutagaudiriudoms.cat\/wp-content\/uploads\/2019\/06\/rgr-numeral3-133.png\" width=\"133\" height=\"53\" alt=\"3 de 12\"\/><\/a><\/div><\/div><\/div><div class=\"wpb_content_element \"><style type=\"text\/css\" scoped>#ut_header_69d267628483a h2 span { color:#0e2f98; }#ut_header_69d267628483a h2.section-title { font-size: 24px; }<\/style><header id=\"ut_header_69d267628483a\" class=\"section-header pt-style-7 header-center\"><h2  class=\"section-title \"><span>Le Gaud\u00ed et Riudoms <\/span><\/h2><\/header><\/div>[vc_column_text]En 1634, un jeune vendeur d&#8217;origine occitane, Joan Gaud\u00ed &#8211; \u00e0 l\u2019origine Gaudin-, se marie \u00e0 Riudoms avec Maria Escura Ferr\u00e9. Il \u00e9tait le fils d&#8217;Antoni et de Joana et \u00e9tait connu sous le nom de Joan Gaud\u00ed d&#8217;Auv\u00e8rnia. Les migrations occitanes en Catalogne \u00e9taient fr\u00e9quentes. La surpopulation dans le sud de la France, la recherche de r\u00e9gions plus riches o\u00f9 les gens manquaient et o\u00f9 les salaires \u00e9taient plus \u00e9lev\u00e9s, les guerres entre catholiques et huguenots&#8230;, pouss\u00e8rent les Gaud\u00ed \u00e0 quitter Saint Quentin-sur-Sioule, \u00e0 l\u2019\u00e9v\u00each\u00e9 de Clermont-Ferrand, et \u00e0 s\u2019\u00e9tablir \u00e0 Riudoms, au Champ de Tarragone.<\/p>\n<p><small><em>*Clarmont d&#8217;Alv\u00e8rnia, Clermont-Ferrand (fr), Clarmont d&#8217;Auvernha (oc) Ville de l&#8217;Alv\u00e8rnia, Occit\u00e0nia, capitale du d\u00e9partement de Pu\u00e8i Domat, France.<\/em><\/small>[\/vc_column_text][\/vc_column][vc_column width=&#8221;1\/12&#8243;][\/vc_column][\/vc_row][\/vc_section]<\/p>\n","protected":false},"excerpt":{"rendered":"<p>[vc_section css=&#8221;.vc_custom_1548946330315{padding-top: 80px !important;}&#8221;][vc_row css=&#8221;.vc_custom_1548862315669{margin-bottom: 0px !important;}&#8221;][vc_column][vc_column_text el_class=&#8221;numPlafo&#8221;] Panneau 3\u00a0 [\/vc_column_text][\/vc_column][\/vc_row][vc_row css=&#8221;.vc_custom_1548862319912{margin-top: 0px !important;}&#8221;][vc_column width=&#8221;1\/12&#8243;][\/vc_column][vc_column width=&#8221;5\/6&#8243;][vc_empty_space][vc_column_text el_class=&#8221;destacat_plafo&#8221;] &#8220;Nous poss\u00e9dons l&#8217;image. La fantaisie vient des fant\u00f4mes.\u00a0 La fantaisie vient des gens du nord. Nous sommes concrets. L&#8217;image est celle de la M\u00e9diterran\u00e9e. Oreste sait o\u00f9 il va, tandis qu&#8217;Hamlet erre perdu dans le doute.&#8221;\u00a0 Antoni Gaud\u00ed [&hellip;]<\/p>\n","protected":false},"author":1,"featured_media":0,"parent":8,"menu_order":0,"comment_status":"closed","ping_status":"closed","template":"","meta":{"footnotes":""},"class_list":["post-3168","page","type-page","status-publish","hentry"],"translation":{"provider":"WPGlobus","version":"3.0.2","language":"fr","enabled_languages":["at","es","en","fr"],"languages":{"at":{"title":true,"content":true,"excerpt":false},"es":{"title":true,"content":true,"excerpt":false},"en":{"title":true,"content":true,"excerpt":false},"fr":{"title":true,"content":true,"excerpt":false}}},"yoast_head":"<!-- This site is optimized with the Yoast SEO plugin v24.1 - https:\/\/yoast.com\/wordpress\/plugins\/seo\/ -->\n<title>Panneau 03 - Les formes chez Gaud\u00ed | Ruta Riudoms Gaud\u00ed<\/title>\n<meta name=\"robots\" content=\"index, follow, max-snippet:-1, max-image-preview:large, max-video-preview:-1\" \/>\n<link rel=\"canonical\" href=\"https:\/\/rutagaudiriudoms.cat\/ca\/plafo-03\/\" \/>\n<meta property=\"og:locale\" content=\"fr_FR\" \/>\n<meta property=\"og:type\" content=\"article\" \/>\n<meta property=\"og:title\" content=\"Panneau 03 - Les formes chez Gaud\u00ed | Ruta Riudoms Gaud\u00ed\" \/>\n<meta property=\"og:url\" content=\"https:\/\/rutagaudiriudoms.cat\/ca\/plafo-03\/\" \/>\n<meta property=\"og:site_name\" content=\"Ruta Riudoms Gaud\u00ed\" \/>\n<meta property=\"article:modified_time\" content=\"2022-08-03T12:07:40+00:00\" \/>\n<meta property=\"og:image\" content=\"https:\/\/rutagaudiriudoms.cat\/wp-content\/uploads\/2019\/04\/Mesa-de-trabajo-3.png\" \/>\n<meta name=\"twitter:card\" content=\"summary_large_image\" \/>\n<meta name=\"twitter:label1\" content=\"Est. reading time\" \/>\n\t<meta name=\"twitter:data1\" content=\"3 minutes\" \/>\n<script type=\"application\/ld+json\" class=\"yoast-schema-graph\">{\"@context\":\"https:\/\/schema.org\",\"@graph\":[{\"@type\":\"WebPage\",\"@id\":\"https:\/\/rutagaudiriudoms.cat\/ca\/plafo-03\/\",\"url\":\"https:\/\/rutagaudiriudoms.cat\/ca\/plafo-03\/\",\"name\":\"Panneau 03 - Les formes chez Gaud\u00ed | Ruta Riudoms Gaud\u00ed\",\"isPartOf\":{\"@id\":\"https:\/\/rutagaudiriudoms.cat\/#website\"},\"primaryImageOfPage\":{\"@id\":\"https:\/\/rutagaudiriudoms.cat\/ca\/plafo-03\/#primaryimage\"},\"image\":{\"@id\":\"https:\/\/rutagaudiriudoms.cat\/ca\/plafo-03\/#primaryimage\"},\"thumbnailUrl\":\"https:\/\/rutagaudiriudoms.cat\/wp-content\/uploads\/2019\/04\/Mesa-de-trabajo-3.png\",\"datePublished\":\"2019-01-31T08:03:06+00:00\",\"dateModified\":\"2022-08-03T12:07:40+00:00\",\"breadcrumb\":{\"@id\":\"https:\/\/rutagaudiriudoms.cat\/ca\/plafo-03\/#breadcrumb\"},\"inLanguage\":\"fr-FR\",\"potentialAction\":[{\"@type\":\"ReadAction\",\"target\":[\"https:\/\/rutagaudiriudoms.cat\/ca\/plafo-03\/\"]}]},{\"@type\":\"ImageObject\",\"inLanguage\":\"fr-FR\",\"@id\":\"https:\/\/rutagaudiriudoms.cat\/ca\/plafo-03\/#primaryimage\",\"url\":\"https:\/\/rutagaudiriudoms.cat\/wp-content\/uploads\/2019\/04\/Mesa-de-trabajo-3.png\",\"contentUrl\":\"https:\/\/rutagaudiriudoms.cat\/wp-content\/uploads\/2019\/04\/Mesa-de-trabajo-3.png\"},{\"@type\":\"BreadcrumbList\",\"@id\":\"https:\/\/rutagaudiriudoms.cat\/ca\/plafo-03\/#breadcrumb\",\"itemListElement\":[{\"@type\":\"ListItem\",\"position\":1,\"name\":\"Inici\",\"item\":\"https:\/\/rutagaudiriudoms.cat\/\"},{\"@type\":\"ListItem\",\"position\":2,\"name\":\"Inici\",\"item\":\"https:\/\/rutagaudiriudoms.cat\/\"},{\"@type\":\"ListItem\",\"position\":3,\"name\":\"Plaf\u00f3 03 &#8211; Les formes en Gaud\u00ed\"}]},{\"@type\":\"WebSite\",\"@id\":\"https:\/\/rutagaudiriudoms.cat\/#website\",\"url\":\"https:\/\/rutagaudiriudoms.cat\/\",\"name\":\"Ruta Riudoms Gaud\u00ed\",\"description\":\"Espai a internet de la ruta de Gaud\u00ed a Riudoms\",\"publisher\":{\"@id\":\"https:\/\/rutagaudiriudoms.cat\/#organization\"},\"potentialAction\":[{\"@type\":\"SearchAction\",\"target\":{\"@type\":\"EntryPoint\",\"urlTemplate\":\"https:\/\/rutagaudiriudoms.cat\/?s={search_term_string}\"},\"query-input\":{\"@type\":\"PropertyValueSpecification\",\"valueRequired\":true,\"valueName\":\"search_term_string\"}}],\"inLanguage\":\"fr-FR\"},{\"@type\":\"Organization\",\"@id\":\"https:\/\/rutagaudiriudoms.cat\/#organization\",\"name\":\"Ruta Riudoms Gaud\u00ed\",\"url\":\"https:\/\/rutagaudiriudoms.cat\/\",\"logo\":{\"@type\":\"ImageObject\",\"inLanguage\":\"fr-FR\",\"@id\":\"https:\/\/rutagaudiriudoms.cat\/#\/schema\/logo\/image\/\",\"url\":\"https:\/\/rutagaudiriudoms.cat\/wp-content\/uploads\/2019\/04\/rgr-logo-002-101.png\",\"contentUrl\":\"https:\/\/rutagaudiriudoms.cat\/wp-content\/uploads\/2019\/04\/rgr-logo-002-101.png\",\"width\":101,\"height\":60,\"caption\":\"Ruta Riudoms Gaud\u00ed\"},\"image\":{\"@id\":\"https:\/\/rutagaudiriudoms.cat\/#\/schema\/logo\/image\/\"}}]}<\/script>\n<!-- \/ Yoast SEO plugin. -->","yoast_head_json":{"title":"Panneau 03 - Les formes chez Gaud\u00ed | Ruta Riudoms Gaud\u00ed","robots":{"index":"index","follow":"follow","max-snippet":"max-snippet:-1","max-image-preview":"max-image-preview:large","max-video-preview":"max-video-preview:-1"},"canonical":"https:\/\/rutagaudiriudoms.cat\/ca\/plafo-03\/","og_locale":"fr_FR","og_type":"article","og_title":"Panneau 03 - Les formes chez Gaud\u00ed | Ruta Riudoms Gaud\u00ed","og_url":"https:\/\/rutagaudiriudoms.cat\/ca\/plafo-03\/","og_site_name":"Ruta Riudoms Gaud\u00ed","article_modified_time":"2022-08-03T12:07:40+00:00","og_image":[{"url":"https:\/\/rutagaudiriudoms.cat\/wp-content\/uploads\/2019\/04\/Mesa-de-trabajo-3.png","type":"","width":"","height":""}],"twitter_card":"summary_large_image","twitter_misc":{"Est. reading time":"3 minutes"},"schema":{"@context":"https:\/\/schema.org","@graph":[{"@type":"WebPage","@id":"https:\/\/rutagaudiriudoms.cat\/ca\/plafo-03\/","url":"https:\/\/rutagaudiriudoms.cat\/ca\/plafo-03\/","name":"Panneau 03 - Les formes chez Gaud\u00ed | Ruta Riudoms Gaud\u00ed","isPartOf":{"@id":"https:\/\/rutagaudiriudoms.cat\/#website"},"primaryImageOfPage":{"@id":"https:\/\/rutagaudiriudoms.cat\/ca\/plafo-03\/#primaryimage"},"image":{"@id":"https:\/\/rutagaudiriudoms.cat\/ca\/plafo-03\/#primaryimage"},"thumbnailUrl":"https:\/\/rutagaudiriudoms.cat\/wp-content\/uploads\/2019\/04\/Mesa-de-trabajo-3.png","datePublished":"2019-01-31T08:03:06+00:00","dateModified":"2022-08-03T12:07:40+00:00","breadcrumb":{"@id":"https:\/\/rutagaudiriudoms.cat\/ca\/plafo-03\/#breadcrumb"},"inLanguage":"fr-FR","potentialAction":[{"@type":"ReadAction","target":["https:\/\/rutagaudiriudoms.cat\/ca\/plafo-03\/"]}]},{"@type":"ImageObject","inLanguage":"fr-FR","@id":"https:\/\/rutagaudiriudoms.cat\/ca\/plafo-03\/#primaryimage","url":"https:\/\/rutagaudiriudoms.cat\/wp-content\/uploads\/2019\/04\/Mesa-de-trabajo-3.png","contentUrl":"https:\/\/rutagaudiriudoms.cat\/wp-content\/uploads\/2019\/04\/Mesa-de-trabajo-3.png"},{"@type":"BreadcrumbList","@id":"https:\/\/rutagaudiriudoms.cat\/ca\/plafo-03\/#breadcrumb","itemListElement":[{"@type":"ListItem","position":1,"name":"Inici","item":"https:\/\/rutagaudiriudoms.cat\/"},{"@type":"ListItem","position":2,"name":"Inici","item":"https:\/\/rutagaudiriudoms.cat\/"},{"@type":"ListItem","position":3,"name":"Plaf\u00f3 03 &#8211; Les formes en Gaud\u00ed"}]},{"@type":"WebSite","@id":"https:\/\/rutagaudiriudoms.cat\/#website","url":"https:\/\/rutagaudiriudoms.cat\/","name":"Ruta Riudoms Gaud\u00ed","description":"Espai a internet de la ruta de Gaud\u00ed a Riudoms","publisher":{"@id":"https:\/\/rutagaudiriudoms.cat\/#organization"},"potentialAction":[{"@type":"SearchAction","target":{"@type":"EntryPoint","urlTemplate":"https:\/\/rutagaudiriudoms.cat\/?s={search_term_string}"},"query-input":{"@type":"PropertyValueSpecification","valueRequired":true,"valueName":"search_term_string"}}],"inLanguage":"fr-FR"},{"@type":"Organization","@id":"https:\/\/rutagaudiriudoms.cat\/#organization","name":"Ruta Riudoms Gaud\u00ed","url":"https:\/\/rutagaudiriudoms.cat\/","logo":{"@type":"ImageObject","inLanguage":"fr-FR","@id":"https:\/\/rutagaudiriudoms.cat\/#\/schema\/logo\/image\/","url":"https:\/\/rutagaudiriudoms.cat\/wp-content\/uploads\/2019\/04\/rgr-logo-002-101.png","contentUrl":"https:\/\/rutagaudiriudoms.cat\/wp-content\/uploads\/2019\/04\/rgr-logo-002-101.png","width":101,"height":60,"caption":"Ruta Riudoms Gaud\u00ed"},"image":{"@id":"https:\/\/rutagaudiriudoms.cat\/#\/schema\/logo\/image\/"}}]}},"_links":{"self":[{"href":"https:\/\/rutagaudiriudoms.cat\/fr\/wp-json\/wp\/v2\/pages\/3168","targetHints":{"allow":["GET"]}}],"collection":[{"href":"https:\/\/rutagaudiriudoms.cat\/fr\/wp-json\/wp\/v2\/pages"}],"about":[{"href":"https:\/\/rutagaudiriudoms.cat\/fr\/wp-json\/wp\/v2\/types\/page"}],"author":[{"embeddable":true,"href":"https:\/\/rutagaudiriudoms.cat\/fr\/wp-json\/wp\/v2\/users\/1"}],"replies":[{"embeddable":true,"href":"https:\/\/rutagaudiriudoms.cat\/fr\/wp-json\/wp\/v2\/comments?post=3168"}],"version-history":[{"count":0,"href":"https:\/\/rutagaudiriudoms.cat\/fr\/wp-json\/wp\/v2\/pages\/3168\/revisions"}],"up":[{"embeddable":true,"href":"https:\/\/rutagaudiriudoms.cat\/fr\/wp-json\/wp\/v2\/pages\/8"}],"wp:attachment":[{"href":"https:\/\/rutagaudiriudoms.cat\/fr\/wp-json\/wp\/v2\/media?parent=3168"}],"curies":[{"name":"wp","href":"https:\/\/api.w.org\/{rel}","templated":true}]}}