{"id":3158,"date":"2019-01-31T09:49:04","date_gmt":"2019-01-31T07:49:04","guid":{"rendered":"http:\/\/tgd.info\/riudoms\/?page_id=3158"},"modified":"2022-08-03T14:58:46","modified_gmt":"2022-08-03T12:58:46","slug":"plafo-01","status":"publish","type":"page","link":"https:\/\/rutagaudiriudoms.cat\/fr\/ca\/plafo-01\/","title":{"rendered":"Panneau 01 &#8211; Gaud\u00ed et la nature"},"content":{"rendered":"<p>[vc_section css=&#8221;.vc_custom_1548946330315{padding-top: 80px !important;}&#8221;][vc_row css=&#8221;.vc_custom_1548862315669{margin-bottom: 0px !important;}&#8221;][vc_column][vc_column_text]<\/p>\n<table style=\"width: 100%; border: 0px solid white;\">\n<tbody>\n<tr style=\"border: 0px solid white;\">\n<td style=\"min-width: 102px; padding: 0px;\"><img loading=\"lazy\" decoding=\"async\" class=\"aligncenter size-full\" src=\"https:\/\/rutagaudiriudoms.cat\/wp-content\/uploads\/2019\/04\/Mesa-de-trabajo-1.png\" alt=\"\" width=\"101\" height=\"100\" \/><\/td>\n<td style=\"width: 100%; text-align: left;\"><strong>Panneau 1\u00a0<\/strong><\/td>\n<\/tr>\n<\/tbody>\n<\/table>\n<p>[\/vc_column_text][\/vc_column][\/vc_row][vc_row css=&#8221;.vc_custom_1548862319912{margin-top: 0px !important;}&#8221;][vc_column width=&#8221;1\/12&#8243;][\/vc_column][vc_column width=&#8221;5\/6&#8243;]<div class=\"wpb_content_element  vc_custom_1659526173121\"><style type=\"text\/css\" scoped>#ut_header_69d26d7ea1424 h2 span { color:; }<\/style><header id=\"ut_header_69d26d7ea1424\" class=\"section-header pt-style-7 header-center\"><h2  class=\"section-title \"><span>Gaud\u00ed et la nature<\/span><\/h2><\/header><\/div>[vc_empty_space][vc_column_text el_class=&#8221;destacat_plafo&#8221;]<\/p>\n<p style=\"text-align: center;\"><em><big>&#8220;Tout sort du grand livre de la nature, les \u0153uvres des Hommes sont un livre imprim\u00e9.&#8221;<\/big><\/em><br \/>\n<small>Antoni Gaud\u00ed<\/small><\/p>\n<p>[\/vc_column_text]<div  class=\"wpb_content_element   clearfix\"><style type=\"text\/css\" scoped>#ut_am_69d26d7ea1c37 { opacity: 1; }<\/style><div id=\"ut_am_wrap_69d26d7ea1c39\" class=\"ut-image-gallery-image \" style=\"text-align:center;\"><div class=\"ut-animated-image-item ut-image-gallery-item ut-animation-done\"><a class=\"ut-deactivated-link\" href=\"#\"><img loading=\"lazy\" decoding=\"async\" title=\"rgr-img-inicial-960-002\" id=\"ut_am_69d26d7ea1c37\" style=\"\" src=\"https:\/\/rutagaudiriudoms.cat\/wp-content\/uploads\/2019\/04\/rgr-img-inicial-960-002.jpg\" width=\"960\" height=\"615\" alt=\"Riudoms\"\/><\/a><\/div><\/div><\/div>[vc_message message_box_color=&#8221;white&#8221; icon_fontawesome=&#8221;fa fa-comment-o&#8221; el_class=&#8221;destacat_plafo&#8221;]\u00c0 quatre pas d&#8217;ici se trouve la maison de campagne de Gaud\u00ed. Quand j\u2019\u00e9tais petit, je jouais ici.[\/vc_message][vc_message message_box_color=&#8221;white&#8221; icon_fontawesome=&#8221;fa fa-comment-o&#8221; el_class=&#8221;destacat_plafo&#8221;]D\u00e9couvrez, en marchant, la nature de Gaud\u00ed en faisant le parcours balis\u00e9 vers le ruisseau de Maspujols et le Mas de la Calderera.[\/vc_message][vc_message message_box_color=&#8221;white&#8221; icon_fontawesome=&#8221;fa fa-comment-o&#8221; el_class=&#8221;destacat_plafo&#8221;]<\/p>\n<h4>Suivez les pas de Gaud\u00ed dans les rues de Riudoms.<br \/>\nObservez et trouvez des r\u00e9ponses \u00e0 son inspiration. La nature et les Riudoms \u00e9taient son livre d&#8217;\u00e9tude.<\/h4>\n<p>[\/vc_message]<div  class=\"wpb_content_element   clearfix\"><style type=\"text\/css\" scoped>#ut_am_69d26d7ea236e { opacity: 1; }<\/style><div id=\"ut_am_wrap_69d26d7ea236f\" class=\"ut-image-gallery-image \" style=\"text-align:center;\"><div class=\"ut-animated-image-item ut-image-gallery-item ut-animation-done\"><a class=\"ut-deactivated-link\" href=\"#\"><img loading=\"lazy\" decoding=\"async\" title=\"rgr-logo-002-500\" id=\"ut_am_69d26d7ea236e\" style=\"\" src=\"https:\/\/rutagaudiriudoms.cat\/wp-content\/uploads\/2019\/04\/rgr-logo-002-500.png\" width=\"501\" height=\"400\" alt=\"Logotip Ruta Gaud\u00ed Riudoms\"\/><\/a><\/div><\/div><\/div>[vc_column_text]La <strong>Route Gaud\u00ed Riudoms<\/strong> est la seule route au monde qui vous permet de conna\u00eetre la personnalit\u00e9 sociale, culturelle et spirituelle de ce g\u00e9nial architecte, dans les m\u00eames lieux naturels o\u00f9 il jouait quand il \u00e9tait enfant. Gaud\u00ed engendre une architecture totalement nouvelle. Gr\u00e2ce \u00e0 ce parcours, vous comprendrez comment il extrait les formes de la nature et les transporte dans l\u2019architecture.<\/p>\n<p>L&#8217;\u00e9corce des arbres, les troncs des platanes, les escaliers aux couleurs et aux formes diff\u00e9rentes, les lichens accroch\u00e9s \u00e0 une pierre dans un endroit ombrag\u00e9 lui sont insinu\u00e9s comme un recueil de formes et de couleurs qui inspirent Gaud\u00ed. Les feuilles du palmier \u00e9ventail, si habituel et m\u00e9pris\u00e9 sur nos terres, sugg\u00e8rent \u00e0 Gaud\u00ed le dessin des grilles de la maison Vicens. M\u00eame une mauvaise herbe comme le crespinell, de la tige \u00e0 la fleur, lui a inspir\u00e9 la conception des tours de la Sagrada Fam\u00edlia.[\/vc_column_text][vc_column_text]<\/p>\n<h4>Le ruisseau Maspujols<\/h4>\n<p>[\/vc_column_text]<div  class=\"wpb_content_element   clearfix\"><style type=\"text\/css\" scoped>#ut_am_69d26d7ea2913 { opacity: 1; }<\/style><div id=\"ut_am_wrap_69d26d7ea2915\" class=\"ut-image-gallery-image \" style=\"text-align:center;\"><div class=\"ut-animated-image-item ut-image-gallery-item ut-animation-done\"><a class=\"ut-deactivated-link\" href=\"#\"><img loading=\"lazy\" decoding=\"async\" title=\"rgr-Riera-Maspujols-960\" id=\"ut_am_69d26d7ea2913\" style=\"\" src=\"https:\/\/rutagaudiriudoms.cat\/wp-content\/uploads\/2019\/04\/rgr-Riera-Maspujols-960.jpg\" width=\"960\" height=\"631\" alt=\"Riera de Maspujols\"\/><\/a><\/div><\/div><\/div>[vc_column_text]Dans ses crues intermittentes, il a emport\u00e9 toutes sortes de mat\u00e9riaux qui se sont d\u00e9pos\u00e9s sur son parcours. L\u2019enfant Antoni Gaud\u00ed joue en remuant les s\u00e9diments \u00e0 la recherche de mat\u00e9riaux qui lui servent d\u2019inspiration Le ruisseau devient l\u2019\u00e9pine dorsale de diff\u00e9rents \u00e9tablissements humains au fil des si\u00e8cles. Des vestiges arch\u00e9ologiques ont \u00e9t\u00e9 d\u00e9couverts de part et d\u2019autre de son cours.[\/vc_column_text][vc_empty_space height=&#8221;20px&#8221;][vc_column_text]<\/p>\n<h4>Le mas de la Calderera<\/h4>\n<p>[\/vc_column_text]<div  class=\"wpb_content_element   clearfix\"><style type=\"text\/css\" scoped>#ut_am_69d26d7ea2e7a { opacity: 1; }<\/style><div id=\"ut_am_wrap_69d26d7ea2e7c\" class=\"ut-image-gallery-image \" style=\"text-align:center;\"><div class=\"ut-animated-image-item ut-image-gallery-item ut-animation-done\"><a class=\"ut-deactivated-link\" href=\"#\"><img loading=\"lazy\" decoding=\"async\" title=\"rgr-Mas-de-la-Calderera-960\" id=\"ut_am_69d26d7ea2e7a\" style=\"\" src=\"https:\/\/rutagaudiriudoms.cat\/wp-content\/uploads\/2019\/04\/rgr-Mas-de-la-Calderera-960.jpg\" width=\"960\" height=\"720\" alt=\"Mas de la calderera\"\/><\/a><\/div><\/div><\/div>[vc_column_text]Gaud\u00ed est n\u00e9 dans la ferme de la Calderera le 25 juin 1852. La propri\u00e9t\u00e9 appartenait \u00e0 la famille d\u2019Antoni Gaud\u00ed depuis le XVIIIe si\u00e8cle. Situ\u00e9e \u00e0 environ trois kilom\u00e8tres du village, pr\u00e8s du ruisseau de Maspujols, travers\u00e9e par la mine de Sant Isidro ou du Mas de Pep. L\u2019une des nombreuses qui traversent le territoire de Riudoms du nord au sud. Les deux platanes centenaires situ\u00e9s devant la mas\u00eda et l\u2019era \u00e9taient parmi les espaces les plus fr\u00e9quent\u00e9s par l&#8217;enfant Antoni Gaud\u00ed.[\/vc_column_text][\/vc_column][vc_column width=&#8221;1\/12&#8243;][\/vc_column][\/vc_row][\/vc_section][vc_section css=&#8221;.vc_custom_1555335860768{background-color: #e2e7dc !important;}&#8221;][vc_row][vc_column width=&#8221;1\/12&#8243;][\/vc_column][vc_column width=&#8221;5\/6&#8243;]<div  class=\"wpb_content_element   clearfix\"><style type=\"text\/css\" scoped>#ut_am_69d26d7ea3385 { opacity: 1; }<\/style><div id=\"ut_am_wrap_69d26d7ea3387\" class=\"ut-image-gallery-image \" style=\"text-align:center;\"><div class=\"ut-animated-image-item ut-image-gallery-item ut-animation-done\"><a class=\"ut-deactivated-link\" href=\"#\"><img loading=\"lazy\" decoding=\"async\" title=\"rgr-gaudi-verd-perfil-203\" id=\"ut_am_69d26d7ea3385\" style=\"\" src=\"https:\/\/rutagaudiriudoms.cat\/wp-content\/uploads\/2019\/04\/rgr-gaudi-verd-perfil-203.png\" width=\"203\" height=\"205\" alt=\"Perfil de Gaud\u00ed\"\/><\/a><\/div><\/div><\/div><div  class=\"wpb_content_element   clearfix\"><style type=\"text\/css\" scoped>#ut_am_69d26d7ea3804 { opacity: 1; }<\/style><div id=\"ut_am_wrap_69d26d7ea3806\" class=\"ut-image-gallery-image \" style=\"text-align:center;\"><div class=\"ut-animated-image-item ut-image-gallery-item ut-animation-done\"><a class=\"ut-deactivated-link\" href=\"#\"><img loading=\"lazy\" decoding=\"async\" title=\"rgr-numeral1-120\" id=\"ut_am_69d26d7ea3804\" style=\"\" src=\"https:\/\/rutagaudiriudoms.cat\/wp-content\/uploads\/2019\/06\/rgr-numeral1-120.png\" width=\"120\" height=\"53\" alt=\"1 de 12\"\/><\/a><\/div><\/div><\/div><div class=\"wpb_content_element \"><style type=\"text\/css\" scoped>#ut_header_69d26d7ea384e h2 span { color:#008000; }#ut_header_69d26d7ea384e h2.section-title { font-size: 24px; }<\/style><header id=\"ut_header_69d26d7ea384e\" class=\"section-header pt-style-7 header-center\"><h2  class=\"section-title \"><span>La place de l'arbre de Riudoms. Hommage \u00e0 Gaud\u00ed<\/span><\/h2><\/header><\/div>[vc_column_text]L\u2019architecte Hiroya Tanaka a con\u00e7u pour Riudoms un espace plein d\u2019\u00e9l\u00e9ments gaudiniens o\u00f9 la nature et le symbolisme oriental et occidental se c\u00f4toient. La Plaza De L&#8217;Arbre cache des histoires sur Gaud\u00ed entre une sardane de sakura, le cerisier japonais. Gaud\u00ed aurait \u00e9t\u00e9 heureux d\u2019apprendre que, dans son village, un Japonais cr\u00e9atif continue d\u2019\u00e9voquer le grand livre de la nature. Au milieu, l\u2019eau fait bouger le monde. Observez-le.<\/p>\n<p>Asseyez-vous sur l\u2019un des bancs, quelques minutes seulement, et imaginez un dialogue entre Gaud\u00ed et Tanaka : l&#8217;amour et la passion sont la magie de la communication universelle parce qu&#8217;ils sont r\u00e9els.[\/vc_column_text][\/vc_column][vc_column width=&#8221;1\/12&#8243;][\/vc_column][\/vc_row][\/vc_section]<\/p>\n","protected":false},"excerpt":{"rendered":"<p>[vc_section css=&#8221;.vc_custom_1548946330315{padding-top: 80px !important;}&#8221;][vc_row css=&#8221;.vc_custom_1548862315669{margin-bottom: 0px !important;}&#8221;][vc_column][vc_column_text] Panneau 1\u00a0 [\/vc_column_text][\/vc_column][\/vc_row][vc_row css=&#8221;.vc_custom_1548862319912{margin-top: 0px !important;}&#8221;][vc_column width=&#8221;1\/12&#8243;][\/vc_column][vc_column width=&#8221;5\/6&#8243;][vc_empty_space][vc_column_text el_class=&#8221;destacat_plafo&#8221;] &#8220;Tout sort du grand livre de la nature, les \u0153uvres des Hommes sont un livre imprim\u00e9.&#8221; Antoni Gaud\u00ed [\/vc_column_text][vc_message message_box_color=&#8221;white&#8221; icon_fontawesome=&#8221;fa fa-comment-o&#8221; el_class=&#8221;destacat_plafo&#8221;]\u00c0 quatre pas d&#8217;ici se trouve la maison de campagne de Gaud\u00ed. Quand j\u2019\u00e9tais petit, je jouais [&hellip;]<\/p>\n","protected":false},"author":1,"featured_media":0,"parent":8,"menu_order":0,"comment_status":"closed","ping_status":"closed","template":"","meta":{"footnotes":""},"class_list":["post-3158","page","type-page","status-publish","hentry"],"translation":{"provider":"WPGlobus","version":"3.0.2","language":"fr","enabled_languages":["at","es","en","fr"],"languages":{"at":{"title":true,"content":true,"excerpt":false},"es":{"title":true,"content":true,"excerpt":false},"en":{"title":true,"content":true,"excerpt":false},"fr":{"title":true,"content":true,"excerpt":false}}},"yoast_head":"<!-- This site is optimized with the Yoast SEO plugin v24.1 - https:\/\/yoast.com\/wordpress\/plugins\/seo\/ -->\n<title>Panneau 01 - Gaud\u00ed et la nature | Ruta Riudoms Gaud\u00ed<\/title>\n<meta name=\"robots\" content=\"index, follow, max-snippet:-1, max-image-preview:large, max-video-preview:-1\" \/>\n<link rel=\"canonical\" href=\"https:\/\/rutagaudiriudoms.cat\/ca\/plafo-01\/\" \/>\n<meta property=\"og:locale\" content=\"fr_FR\" \/>\n<meta property=\"og:type\" content=\"article\" \/>\n<meta property=\"og:title\" content=\"Panneau 01 - Gaud\u00ed et la nature | Ruta Riudoms Gaud\u00ed\" \/>\n<meta property=\"og:url\" content=\"https:\/\/rutagaudiriudoms.cat\/ca\/plafo-01\/\" \/>\n<meta property=\"og:site_name\" content=\"Ruta Riudoms Gaud\u00ed\" \/>\n<meta property=\"article:modified_time\" content=\"2022-08-03T12:58:46+00:00\" \/>\n<meta property=\"og:image\" content=\"https:\/\/rutagaudiriudoms.cat\/wp-content\/uploads\/2019\/04\/Mesa-de-trabajo-1.png\" \/>\n<meta name=\"twitter:card\" content=\"summary_large_image\" \/>\n<meta name=\"twitter:label1\" content=\"Est. reading time\" \/>\n\t<meta name=\"twitter:data1\" content=\"4 minutes\" \/>\n<script type=\"application\/ld+json\" class=\"yoast-schema-graph\">{\"@context\":\"https:\/\/schema.org\",\"@graph\":[{\"@type\":\"WebPage\",\"@id\":\"https:\/\/rutagaudiriudoms.cat\/ca\/plafo-01\/\",\"url\":\"https:\/\/rutagaudiriudoms.cat\/ca\/plafo-01\/\",\"name\":\"Panneau 01 - Gaud\u00ed et la nature | Ruta Riudoms Gaud\u00ed\",\"isPartOf\":{\"@id\":\"https:\/\/rutagaudiriudoms.cat\/#website\"},\"primaryImageOfPage\":{\"@id\":\"https:\/\/rutagaudiriudoms.cat\/ca\/plafo-01\/#primaryimage\"},\"image\":{\"@id\":\"https:\/\/rutagaudiriudoms.cat\/ca\/plafo-01\/#primaryimage\"},\"thumbnailUrl\":\"https:\/\/rutagaudiriudoms.cat\/wp-content\/uploads\/2019\/04\/Mesa-de-trabajo-1.png\",\"datePublished\":\"2019-01-31T07:49:04+00:00\",\"dateModified\":\"2022-08-03T12:58:46+00:00\",\"breadcrumb\":{\"@id\":\"https:\/\/rutagaudiriudoms.cat\/ca\/plafo-01\/#breadcrumb\"},\"inLanguage\":\"fr-FR\",\"potentialAction\":[{\"@type\":\"ReadAction\",\"target\":[\"https:\/\/rutagaudiriudoms.cat\/ca\/plafo-01\/\"]}]},{\"@type\":\"ImageObject\",\"inLanguage\":\"fr-FR\",\"@id\":\"https:\/\/rutagaudiriudoms.cat\/ca\/plafo-01\/#primaryimage\",\"url\":\"https:\/\/rutagaudiriudoms.cat\/wp-content\/uploads\/2019\/04\/Mesa-de-trabajo-1.png\",\"contentUrl\":\"https:\/\/rutagaudiriudoms.cat\/wp-content\/uploads\/2019\/04\/Mesa-de-trabajo-1.png\"},{\"@type\":\"BreadcrumbList\",\"@id\":\"https:\/\/rutagaudiriudoms.cat\/ca\/plafo-01\/#breadcrumb\",\"itemListElement\":[{\"@type\":\"ListItem\",\"position\":1,\"name\":\"Inici\",\"item\":\"https:\/\/rutagaudiriudoms.cat\/\"},{\"@type\":\"ListItem\",\"position\":2,\"name\":\"Inici\",\"item\":\"https:\/\/rutagaudiriudoms.cat\/\"},{\"@type\":\"ListItem\",\"position\":3,\"name\":\"Plaf\u00f3 01 &#8211; Gaud\u00ed i la natura\"}]},{\"@type\":\"WebSite\",\"@id\":\"https:\/\/rutagaudiriudoms.cat\/#website\",\"url\":\"https:\/\/rutagaudiriudoms.cat\/\",\"name\":\"Ruta Riudoms Gaud\u00ed\",\"description\":\"Espai a internet de la ruta de Gaud\u00ed a Riudoms\",\"publisher\":{\"@id\":\"https:\/\/rutagaudiriudoms.cat\/#organization\"},\"potentialAction\":[{\"@type\":\"SearchAction\",\"target\":{\"@type\":\"EntryPoint\",\"urlTemplate\":\"https:\/\/rutagaudiriudoms.cat\/?s={search_term_string}\"},\"query-input\":{\"@type\":\"PropertyValueSpecification\",\"valueRequired\":true,\"valueName\":\"search_term_string\"}}],\"inLanguage\":\"fr-FR\"},{\"@type\":\"Organization\",\"@id\":\"https:\/\/rutagaudiriudoms.cat\/#organization\",\"name\":\"Ruta Riudoms Gaud\u00ed\",\"url\":\"https:\/\/rutagaudiriudoms.cat\/\",\"logo\":{\"@type\":\"ImageObject\",\"inLanguage\":\"fr-FR\",\"@id\":\"https:\/\/rutagaudiriudoms.cat\/#\/schema\/logo\/image\/\",\"url\":\"https:\/\/rutagaudiriudoms.cat\/wp-content\/uploads\/2019\/04\/rgr-logo-002-101.png\",\"contentUrl\":\"https:\/\/rutagaudiriudoms.cat\/wp-content\/uploads\/2019\/04\/rgr-logo-002-101.png\",\"width\":101,\"height\":60,\"caption\":\"Ruta Riudoms Gaud\u00ed\"},\"image\":{\"@id\":\"https:\/\/rutagaudiriudoms.cat\/#\/schema\/logo\/image\/\"}}]}<\/script>\n<!-- \/ Yoast SEO plugin. -->","yoast_head_json":{"title":"Panneau 01 - Gaud\u00ed et la nature | Ruta Riudoms Gaud\u00ed","robots":{"index":"index","follow":"follow","max-snippet":"max-snippet:-1","max-image-preview":"max-image-preview:large","max-video-preview":"max-video-preview:-1"},"canonical":"https:\/\/rutagaudiriudoms.cat\/ca\/plafo-01\/","og_locale":"fr_FR","og_type":"article","og_title":"Panneau 01 - Gaud\u00ed et la nature | Ruta Riudoms Gaud\u00ed","og_url":"https:\/\/rutagaudiriudoms.cat\/ca\/plafo-01\/","og_site_name":"Ruta Riudoms Gaud\u00ed","article_modified_time":"2022-08-03T12:58:46+00:00","og_image":[{"url":"https:\/\/rutagaudiriudoms.cat\/wp-content\/uploads\/2019\/04\/Mesa-de-trabajo-1.png","type":"","width":"","height":""}],"twitter_card":"summary_large_image","twitter_misc":{"Est. reading time":"4 minutes"},"schema":{"@context":"https:\/\/schema.org","@graph":[{"@type":"WebPage","@id":"https:\/\/rutagaudiriudoms.cat\/ca\/plafo-01\/","url":"https:\/\/rutagaudiriudoms.cat\/ca\/plafo-01\/","name":"Panneau 01 - Gaud\u00ed et la nature | Ruta Riudoms Gaud\u00ed","isPartOf":{"@id":"https:\/\/rutagaudiriudoms.cat\/#website"},"primaryImageOfPage":{"@id":"https:\/\/rutagaudiriudoms.cat\/ca\/plafo-01\/#primaryimage"},"image":{"@id":"https:\/\/rutagaudiriudoms.cat\/ca\/plafo-01\/#primaryimage"},"thumbnailUrl":"https:\/\/rutagaudiriudoms.cat\/wp-content\/uploads\/2019\/04\/Mesa-de-trabajo-1.png","datePublished":"2019-01-31T07:49:04+00:00","dateModified":"2022-08-03T12:58:46+00:00","breadcrumb":{"@id":"https:\/\/rutagaudiriudoms.cat\/ca\/plafo-01\/#breadcrumb"},"inLanguage":"fr-FR","potentialAction":[{"@type":"ReadAction","target":["https:\/\/rutagaudiriudoms.cat\/ca\/plafo-01\/"]}]},{"@type":"ImageObject","inLanguage":"fr-FR","@id":"https:\/\/rutagaudiriudoms.cat\/ca\/plafo-01\/#primaryimage","url":"https:\/\/rutagaudiriudoms.cat\/wp-content\/uploads\/2019\/04\/Mesa-de-trabajo-1.png","contentUrl":"https:\/\/rutagaudiriudoms.cat\/wp-content\/uploads\/2019\/04\/Mesa-de-trabajo-1.png"},{"@type":"BreadcrumbList","@id":"https:\/\/rutagaudiriudoms.cat\/ca\/plafo-01\/#breadcrumb","itemListElement":[{"@type":"ListItem","position":1,"name":"Inici","item":"https:\/\/rutagaudiriudoms.cat\/"},{"@type":"ListItem","position":2,"name":"Inici","item":"https:\/\/rutagaudiriudoms.cat\/"},{"@type":"ListItem","position":3,"name":"Plaf\u00f3 01 &#8211; Gaud\u00ed i la natura"}]},{"@type":"WebSite","@id":"https:\/\/rutagaudiriudoms.cat\/#website","url":"https:\/\/rutagaudiriudoms.cat\/","name":"Ruta Riudoms Gaud\u00ed","description":"Espai a internet de la ruta de Gaud\u00ed a Riudoms","publisher":{"@id":"https:\/\/rutagaudiriudoms.cat\/#organization"},"potentialAction":[{"@type":"SearchAction","target":{"@type":"EntryPoint","urlTemplate":"https:\/\/rutagaudiriudoms.cat\/?s={search_term_string}"},"query-input":{"@type":"PropertyValueSpecification","valueRequired":true,"valueName":"search_term_string"}}],"inLanguage":"fr-FR"},{"@type":"Organization","@id":"https:\/\/rutagaudiriudoms.cat\/#organization","name":"Ruta Riudoms Gaud\u00ed","url":"https:\/\/rutagaudiriudoms.cat\/","logo":{"@type":"ImageObject","inLanguage":"fr-FR","@id":"https:\/\/rutagaudiriudoms.cat\/#\/schema\/logo\/image\/","url":"https:\/\/rutagaudiriudoms.cat\/wp-content\/uploads\/2019\/04\/rgr-logo-002-101.png","contentUrl":"https:\/\/rutagaudiriudoms.cat\/wp-content\/uploads\/2019\/04\/rgr-logo-002-101.png","width":101,"height":60,"caption":"Ruta Riudoms Gaud\u00ed"},"image":{"@id":"https:\/\/rutagaudiriudoms.cat\/#\/schema\/logo\/image\/"}}]}},"_links":{"self":[{"href":"https:\/\/rutagaudiriudoms.cat\/fr\/wp-json\/wp\/v2\/pages\/3158","targetHints":{"allow":["GET"]}}],"collection":[{"href":"https:\/\/rutagaudiriudoms.cat\/fr\/wp-json\/wp\/v2\/pages"}],"about":[{"href":"https:\/\/rutagaudiriudoms.cat\/fr\/wp-json\/wp\/v2\/types\/page"}],"author":[{"embeddable":true,"href":"https:\/\/rutagaudiriudoms.cat\/fr\/wp-json\/wp\/v2\/users\/1"}],"replies":[{"embeddable":true,"href":"https:\/\/rutagaudiriudoms.cat\/fr\/wp-json\/wp\/v2\/comments?post=3158"}],"version-history":[{"count":0,"href":"https:\/\/rutagaudiriudoms.cat\/fr\/wp-json\/wp\/v2\/pages\/3158\/revisions"}],"up":[{"embeddable":true,"href":"https:\/\/rutagaudiriudoms.cat\/fr\/wp-json\/wp\/v2\/pages\/8"}],"wp:attachment":[{"href":"https:\/\/rutagaudiriudoms.cat\/fr\/wp-json\/wp\/v2\/media?parent=3158"}],"curies":[{"name":"wp","href":"https:\/\/api.w.org\/{rel}","templated":true}]}}