{"id":3393,"date":"2019-02-12T13:13:06","date_gmt":"2019-02-12T11:13:06","guid":{"rendered":"http:\/\/tgd.info\/riudoms\/?page_id=3393"},"modified":"2022-08-04T00:35:42","modified_gmt":"2022-08-03T22:35:42","slug":"plafo-11","status":"publish","type":"page","link":"https:\/\/rutagaudiriudoms.cat\/es\/ca\/plafo-11\/","title":{"rendered":"Plaf\u00f3n 11 &#8211; Gaud\u00ed y Riudoms"},"content":{"rendered":"<p>[vc_section css=&#8221;.vc_custom_1548946330315{padding-top: 80px !important;}&#8221;][vc_row css=&#8221;.vc_custom_1548862315669{margin-bottom: 0px !important;}&#8221;][vc_column][vc_column_text el_class=&#8221;numPlafo&#8221;]<\/p>\n<table style=\"width: 100%; border: 0px solid white;\">\n<tbody>\n<tr style=\"border: 0px solid white;\">\n<td style=\"min-width: 102px; padding: 0px;\"><img loading=\"lazy\" decoding=\"async\" class=\"aligncenter wp-image-3498 size-full\" src=\"https:\/\/rutagaudiriudoms.cat\/wp-content\/uploads\/2019\/04\/Mesa-de-trabajo-11.png\" alt=\"\" width=\"101\" height=\"100\" \/><\/td>\n<td style=\"width: 100%; text-align: left;\"><strong>Plaf\u00f3n 11\u00a0<\/strong><\/td>\n<\/tr>\n<\/tbody>\n<\/table>\n<p>[\/vc_column_text][\/vc_column][\/vc_row][vc_row css=&#8221;.vc_custom_1548862319912{margin-top: 0px !important;}&#8221;][vc_column width=&#8221;1\/12&#8243;][\/vc_column][vc_column width=&#8221;5\/6&#8243;]<div class=\"wpb_content_element  vc_custom_1658838407530\"><style type=\"text\/css\" scoped>#ut_header_69d01240478dc h2 span { color:; }<\/style><header id=\"ut_header_69d01240478dc\" class=\"section-header pt-style-7 header-center\"><h2  class=\"section-title \"><span>Gaud\u00ed y Riudoms<\/span><\/h2><\/header><\/div><div  class=\"wpb_content_element   clearfix\"><style type=\"text\/css\" scoped>#ut_am_69d0124047e7b { opacity: 1; }<\/style><div id=\"ut_am_wrap_69d0124047e7c\" class=\"ut-image-gallery-image \" style=\"text-align:center;\"><div class=\"ut-animated-image-item ut-image-gallery-item ut-animation-done\"><a class=\"ut-deactivated-link\" href=\"#\"><img loading=\"lazy\" decoding=\"async\" title=\"rgr-numeral11-150\" id=\"ut_am_69d0124047e7b\" style=\"\" src=\"https:\/\/rutagaudiriudoms.cat\/wp-content\/uploads\/2019\/06\/rgr-numeral11-150.png\" width=\"150\" height=\"53\" alt=\"11 de 12\"\/><\/a><\/div><\/div><\/div>[vc_empty_space height=&#8221;30px&#8221;][vc_column_text el_class=&#8221;destacat_plafo&#8221;]<\/p>\n<p style=\"text-align: center;\"><em><big>&#8220;En el mundo no se ha inventado nada. Hace miles de a\u00f1os que les moscas vuelan; los hombres solamente hemos construido los aeroplanos hasta ahora.&#8221;<\/big><\/em><br \/>\n<small>Antoni Gaud\u00ed<\/small><\/p>\n<p>[\/vc_column_text][vc_column_text]Antoni Gaud\u00ed i Cornet naci\u00f3 en Riudoms el 25 de junio de 1852 i fue bautizado al d\u00eda siguiente en la Iglesia Prioral de Sant Pere de Reus. Inici\u00f3 sus estudios en Reus.<\/p>\n<p>Antes de los seis a\u00f1os ten\u00eda reumatismo articular y una afecci\u00f3n pulmonar. La enfermedad le dificultaba jugar con ni\u00f1os como \u00e9l; por contra, esto favoreci\u00f3 su capacidad de observaci\u00f3n. Cuando se encontraba bien, hacia largos paseos, des del <em>Mas<\/em> de la Calderera, por la riera de Maspujols, las ruinas de los hornos romanos, al camino de Monterols o al Acueducto dels Capellans.[\/vc_column_text]<div  class=\"wpb_content_element   clearfix\"><style type=\"text\/css\" scoped>#ut_am_69d012404843c { opacity: 1; }<\/style><div id=\"ut_am_wrap_69d012404843d\" class=\"ut-image-gallery-image \" style=\"text-align:center;\"><div class=\"ut-animated-image-item ut-image-gallery-item ut-animation-done\"><a class=\"ut-deactivated-link\" href=\"#\"><img loading=\"lazy\" decoding=\"async\" title=\"rgr-espardenya-1000\" id=\"ut_am_69d012404843c\" style=\"\" src=\"https:\/\/rutagaudiriudoms.cat\/wp-content\/uploads\/2019\/06\/rgr-espardenya-1000.png\" width=\"1000\" height=\"1186\" alt=\"Espardenya\"\/><\/a><\/div><\/div><\/div>[vc_message message_box_color=&#8221;white&#8221; icon_fontawesome=&#8221;fa fa-comment-o&#8221; el_class=&#8221;destacat_plafo&#8221;]Gaud\u00ed calzaba alpargatas de siete vetes que compraba a su primo, alpargatero de Riudoms. La suela est\u00e1 hecha de fibra de esparto o de c\u00e1\u00f1amo dispuesto helicoidalmente, lo cual le confiere el efecto de un muelle o de un resorte.[\/vc_message][vc_column_text]A los once a\u00f1os alternaba sus estancias en Riudoms con los estudios en los Escolapios de Reus, donde curs\u00f3 hasta tercer curso. El 1867, con sus compa\u00f1eros de estudios Eduard Toda y Josep Ribera, fund\u00f3 en Reus una revista escrita a mano denominada &#8220;El Arlequ\u00edn&#8221; en la que Gaud\u00ed se ocupaba de les ilustraciones.<\/p>\n<p>El 1868 se traslad\u00f3 a Barcelona para acabar el bachillerato. El 1872 empez\u00f3 arquitectura. Para poderse pagar los estudios trabaj\u00f3 con alguno de sus profesores, como Josep Fontser\u00e9, con quien realiz\u00f3 la torre de aguas para la Cascada y la puerta de entrada al recinto del Parque de la Ciutadella.<\/p>\n<p>Era miembro de la sociedad estudiantil <em>Nous Guerrers<\/em>, segu\u00eda los debates en el <em>Ateneu<\/em>, asist\u00eda a conferencias sobre est\u00e9tica y filosof\u00eda y a menudo iba <em>Liceu.<\/em><\/p>\n<p>Obtuvo el t\u00edtulo de arquitecto el 1878. El 1881 realiz\u00f3 la capilla del colegio de las monjas francesas de Jes\u00fas y Maria, en Tarragona. Su primera gran obra fue la Casa Vicens, en Barcelona (1883-1885), y la \u00faltima, la Sagrada Fam\u00edlia.<\/p>\n<p>El 7 de junio de 1926 fue atropellado por un tranv\u00eda. Lo ingresaron en el Hospital de la Santa Cruz, donde muri\u00f3 el d\u00eda 10. En Riudoms, las campanas tocaron a muertos. En Reus, no.[\/vc_column_text]<div  class=\"wpb_content_element   clearfix\"><style type=\"text\/css\" scoped>#ut_am_69d0124048c0c { opacity: 1; }<\/style><div id=\"ut_am_wrap_69d0124048c0d\" class=\"ut-image-gallery-image \" style=\"text-align:center;\"><div class=\"ut-animated-image-item ut-image-gallery-item ut-animation-done\"><a class=\"ut-deactivated-link\" href=\"#\"><img loading=\"lazy\" decoding=\"async\" title=\"rgr-estatua-gaudi-960\" id=\"ut_am_69d0124048c0c\" style=\"\" src=\"https:\/\/rutagaudiriudoms.cat\/wp-content\/uploads\/2019\/04\/rgr-estatua-gaudi-960.png\" width=\"960\" height=\"1734\" alt=\"Est\u00e0tua de Gaud\u00ed a Riudoms\"\/><\/a><\/div><\/div><\/div>[vc_message message_box_color=&#8221;white&#8221; icon_fontawesome=&#8221;fa fa-comment-o&#8221; el_class=&#8221;destacat_plafo&#8221;]La escultura de Gaud\u00ed bajando las escaleras de la plaza de la Iglesia de Riudoms es obra del escultor Joan Serrami\u00e0, descendiente de los Gaud\u00ed de Riudoms.[\/vc_message][vc_message message_box_color=&#8221;white&#8221; icon_fontawesome=&#8221;fa fa-comment-o&#8221; el_class=&#8221;destacat_plafo&#8221;]Gaud\u00ed llevaba siempre en el bolsillo un pu\u00f1ado de avellanas de Riudoms. Le recordaban el pueblo, la mas\u00eda, los campesinos, la gente. Gaud\u00ed siempre se sinti\u00f3 riudomenc.[\/vc_message]<div  class=\"wpb_content_element   clearfix\"><style type=\"text\/css\" scoped>#ut_am_69d012404913e { opacity: 1; }<\/style><div id=\"ut_am_wrap_69d0124049140\" class=\"ut-image-gallery-image \" style=\"text-align:center;\"><div class=\"ut-animated-image-item ut-image-gallery-item ut-animation-done\"><a class=\"ut-deactivated-link\" href=\"#\"><img loading=\"lazy\" decoding=\"async\" title=\"rgr-avellanes-1000\" id=\"ut_am_69d012404913e\" style=\"\" src=\"https:\/\/rutagaudiriudoms.cat\/wp-content\/uploads\/2019\/06\/rgr-avellanes-1000.png\" width=\"1000\" height=\"742\" alt=\"Trencador d&#039;avellanes\"\/><\/a><\/div><\/div><\/div>[\/vc_column][vc_column width=&#8221;1\/12&#8243;][\/vc_column][\/vc_row][\/vc_section][vc_section css=&#8221;.vc_custom_1548862675626{background-color: #faebcc !important;}&#8221;][vc_row][vc_column width=&#8221;1\/12&#8243;][\/vc_column][vc_column width=&#8221;5\/6&#8243;][vc_row_inner el_class=&#8221;exc&#8221;][vc_column_inner][vc_column_text]<strong style=\"color: #3cb5d4!important;\">El vocabulario de Gaud\u00ed:<\/strong><\/p>\n<p>\u00bfQu\u00e9 quiere decir <strong>palcigar<\/strong>? \u00bfQu\u00e9 es el <strong>rebordonit<\/strong>? \u00bfCu\u00e1ndo una cosa se hac\u00eda <strong>valv\u00e9<\/strong> que quer\u00eda decir? \u00bfY el <strong>xiquet<\/strong>? \u00bfQu\u00e9 es un <strong>moix\u00f3<\/strong>? \u00bfY un <strong>xupiller<\/strong>? \u00bfY los <strong>trastes<\/strong>? \u00bfY tener mucho <strong>fato<\/strong>? \u00bfQu\u00e9 es un <strong>rodabasses<\/strong>? \u00bfQu\u00e9 quiere decir <strong>entrompicar<\/strong>? \u00a0Si dicen que es un <strong>guino<\/strong>, \u00bfqu\u00e9 quieren decir?<\/p>\n<p><strong style=\"color: #3cb5d4!important;\">Los platos preferidos de Gaud\u00ed:<\/strong><\/p>\n<p><strong>La cassola del tros<\/strong> con una buena picada. La coca con <strong><em>recapte<\/em><\/strong> y la coca <strong>con huevo<\/strong>. Un buen <strong>pan de payes<\/strong>, untado con <strong>tomacons<\/strong> de la tierra y aceite virgen de Riudoms. \u00a1Y las <strong>avellanas<\/strong>! Siempre llevaba un pu\u00f1ado en bolsillo de la chaqueta.[\/vc_column_text][\/vc_column_inner][\/vc_row_inner][\/vc_column][vc_column width=&#8221;1\/12&#8243;][\/vc_column][\/vc_row][\/vc_section]<\/p>\n","protected":false},"excerpt":{"rendered":"<p>[vc_section css=&#8221;.vc_custom_1548946330315{padding-top: 80px !important;}&#8221;][vc_row css=&#8221;.vc_custom_1548862315669{margin-bottom: 0px !important;}&#8221;][vc_column][vc_column_text el_class=&#8221;numPlafo&#8221;] Plaf\u00f3n 11\u00a0 [\/vc_column_text][\/vc_column][\/vc_row][vc_row css=&#8221;.vc_custom_1548862319912{margin-top: 0px !important;}&#8221;][vc_column width=&#8221;1\/12&#8243;][\/vc_column][vc_column width=&#8221;5\/6&#8243;][vc_empty_space height=&#8221;30px&#8221;][vc_column_text el_class=&#8221;destacat_plafo&#8221;] &#8220;En el mundo no se ha inventado nada. Hace miles de a\u00f1os que les moscas vuelan; los hombres solamente hemos construido los aeroplanos hasta ahora.&#8221; Antoni Gaud\u00ed [\/vc_column_text][vc_column_text]Antoni Gaud\u00ed i Cornet naci\u00f3 en Riudoms el 25 de [&hellip;]<\/p>\n","protected":false},"author":1,"featured_media":0,"parent":8,"menu_order":0,"comment_status":"closed","ping_status":"closed","template":"","meta":{"footnotes":""},"class_list":["post-3393","page","type-page","status-publish","hentry"],"translation":{"provider":"WPGlobus","version":"3.0.2","language":"es","enabled_languages":["at","es","en","fr"],"languages":{"at":{"title":true,"content":true,"excerpt":false},"es":{"title":true,"content":true,"excerpt":false},"en":{"title":true,"content":true,"excerpt":false},"fr":{"title":true,"content":true,"excerpt":false}}},"yoast_head":"<!-- This site is optimized with the Yoast SEO plugin v24.1 - https:\/\/yoast.com\/wordpress\/plugins\/seo\/ -->\n<title>Plaf\u00f3n 11 - Gaud\u00ed y Riudoms | Ruta Riudoms Gaud\u00ed<\/title>\n<meta name=\"robots\" content=\"index, follow, max-snippet:-1, max-image-preview:large, max-video-preview:-1\" \/>\n<link rel=\"canonical\" href=\"https:\/\/rutagaudiriudoms.cat\/ca\/plafo-11\/\" \/>\n<meta property=\"og:locale\" content=\"es_ES\" \/>\n<meta property=\"og:type\" content=\"article\" \/>\n<meta property=\"og:title\" content=\"Plaf\u00f3n 11 - Gaud\u00ed y Riudoms | Ruta Riudoms Gaud\u00ed\" \/>\n<meta property=\"og:url\" content=\"https:\/\/rutagaudiriudoms.cat\/ca\/plafo-11\/\" \/>\n<meta property=\"og:site_name\" content=\"Ruta Riudoms Gaud\u00ed\" \/>\n<meta property=\"article:modified_time\" content=\"2022-08-03T22:35:42+00:00\" \/>\n<meta property=\"og:image\" content=\"https:\/\/rutagaudiriudoms.cat\/wp-content\/uploads\/2019\/04\/Mesa-de-trabajo-11.png\" \/>\n<meta name=\"twitter:card\" content=\"summary_large_image\" \/>\n<meta name=\"twitter:label1\" content=\"Est. reading time\" \/>\n\t<meta name=\"twitter:data1\" content=\"4 minutes\" \/>\n<script type=\"application\/ld+json\" class=\"yoast-schema-graph\">{\"@context\":\"https:\/\/schema.org\",\"@graph\":[{\"@type\":\"WebPage\",\"@id\":\"https:\/\/rutagaudiriudoms.cat\/ca\/plafo-11\/\",\"url\":\"https:\/\/rutagaudiriudoms.cat\/ca\/plafo-11\/\",\"name\":\"Plaf\u00f3n 11 - Gaud\u00ed y Riudoms | Ruta Riudoms Gaud\u00ed\",\"isPartOf\":{\"@id\":\"https:\/\/rutagaudiriudoms.cat\/#website\"},\"primaryImageOfPage\":{\"@id\":\"https:\/\/rutagaudiriudoms.cat\/ca\/plafo-11\/#primaryimage\"},\"image\":{\"@id\":\"https:\/\/rutagaudiriudoms.cat\/ca\/plafo-11\/#primaryimage\"},\"thumbnailUrl\":\"https:\/\/rutagaudiriudoms.cat\/wp-content\/uploads\/2019\/04\/Mesa-de-trabajo-11.png\",\"datePublished\":\"2019-02-12T11:13:06+00:00\",\"dateModified\":\"2022-08-03T22:35:42+00:00\",\"breadcrumb\":{\"@id\":\"https:\/\/rutagaudiriudoms.cat\/ca\/plafo-11\/#breadcrumb\"},\"inLanguage\":\"es-ES\",\"potentialAction\":[{\"@type\":\"ReadAction\",\"target\":[\"https:\/\/rutagaudiriudoms.cat\/ca\/plafo-11\/\"]}]},{\"@type\":\"ImageObject\",\"inLanguage\":\"es-ES\",\"@id\":\"https:\/\/rutagaudiriudoms.cat\/ca\/plafo-11\/#primaryimage\",\"url\":\"https:\/\/rutagaudiriudoms.cat\/wp-content\/uploads\/2019\/04\/Mesa-de-trabajo-11.png\",\"contentUrl\":\"https:\/\/rutagaudiriudoms.cat\/wp-content\/uploads\/2019\/04\/Mesa-de-trabajo-11.png\"},{\"@type\":\"BreadcrumbList\",\"@id\":\"https:\/\/rutagaudiriudoms.cat\/ca\/plafo-11\/#breadcrumb\",\"itemListElement\":[{\"@type\":\"ListItem\",\"position\":1,\"name\":\"Inici\",\"item\":\"https:\/\/rutagaudiriudoms.cat\/\"},{\"@type\":\"ListItem\",\"position\":2,\"name\":\"Inici\",\"item\":\"https:\/\/rutagaudiriudoms.cat\/\"},{\"@type\":\"ListItem\",\"position\":3,\"name\":\"Plaf\u00f3 11 &#8211; Gaud\u00ed i Riudoms\"}]},{\"@type\":\"WebSite\",\"@id\":\"https:\/\/rutagaudiriudoms.cat\/#website\",\"url\":\"https:\/\/rutagaudiriudoms.cat\/\",\"name\":\"Ruta Riudoms Gaud\u00ed\",\"description\":\"Espai a internet de la ruta de Gaud\u00ed a Riudoms\",\"publisher\":{\"@id\":\"https:\/\/rutagaudiriudoms.cat\/#organization\"},\"potentialAction\":[{\"@type\":\"SearchAction\",\"target\":{\"@type\":\"EntryPoint\",\"urlTemplate\":\"https:\/\/rutagaudiriudoms.cat\/?s={search_term_string}\"},\"query-input\":{\"@type\":\"PropertyValueSpecification\",\"valueRequired\":true,\"valueName\":\"search_term_string\"}}],\"inLanguage\":\"es-ES\"},{\"@type\":\"Organization\",\"@id\":\"https:\/\/rutagaudiriudoms.cat\/#organization\",\"name\":\"Ruta Riudoms Gaud\u00ed\",\"url\":\"https:\/\/rutagaudiriudoms.cat\/\",\"logo\":{\"@type\":\"ImageObject\",\"inLanguage\":\"es-ES\",\"@id\":\"https:\/\/rutagaudiriudoms.cat\/#\/schema\/logo\/image\/\",\"url\":\"https:\/\/rutagaudiriudoms.cat\/wp-content\/uploads\/2019\/04\/rgr-logo-002-101.png\",\"contentUrl\":\"https:\/\/rutagaudiriudoms.cat\/wp-content\/uploads\/2019\/04\/rgr-logo-002-101.png\",\"width\":101,\"height\":60,\"caption\":\"Ruta Riudoms Gaud\u00ed\"},\"image\":{\"@id\":\"https:\/\/rutagaudiriudoms.cat\/#\/schema\/logo\/image\/\"}}]}<\/script>\n<!-- \/ Yoast SEO plugin. -->","yoast_head_json":{"title":"Plaf\u00f3n 11 - Gaud\u00ed y Riudoms | Ruta Riudoms Gaud\u00ed","robots":{"index":"index","follow":"follow","max-snippet":"max-snippet:-1","max-image-preview":"max-image-preview:large","max-video-preview":"max-video-preview:-1"},"canonical":"https:\/\/rutagaudiriudoms.cat\/ca\/plafo-11\/","og_locale":"es_ES","og_type":"article","og_title":"Plaf\u00f3n 11 - Gaud\u00ed y Riudoms | Ruta Riudoms Gaud\u00ed","og_url":"https:\/\/rutagaudiriudoms.cat\/ca\/plafo-11\/","og_site_name":"Ruta Riudoms Gaud\u00ed","article_modified_time":"2022-08-03T22:35:42+00:00","og_image":[{"url":"https:\/\/rutagaudiriudoms.cat\/wp-content\/uploads\/2019\/04\/Mesa-de-trabajo-11.png","type":"","width":"","height":""}],"twitter_card":"summary_large_image","twitter_misc":{"Est. reading time":"4 minutes"},"schema":{"@context":"https:\/\/schema.org","@graph":[{"@type":"WebPage","@id":"https:\/\/rutagaudiriudoms.cat\/ca\/plafo-11\/","url":"https:\/\/rutagaudiriudoms.cat\/ca\/plafo-11\/","name":"Plaf\u00f3n 11 - Gaud\u00ed y Riudoms | Ruta Riudoms Gaud\u00ed","isPartOf":{"@id":"https:\/\/rutagaudiriudoms.cat\/#website"},"primaryImageOfPage":{"@id":"https:\/\/rutagaudiriudoms.cat\/ca\/plafo-11\/#primaryimage"},"image":{"@id":"https:\/\/rutagaudiriudoms.cat\/ca\/plafo-11\/#primaryimage"},"thumbnailUrl":"https:\/\/rutagaudiriudoms.cat\/wp-content\/uploads\/2019\/04\/Mesa-de-trabajo-11.png","datePublished":"2019-02-12T11:13:06+00:00","dateModified":"2022-08-03T22:35:42+00:00","breadcrumb":{"@id":"https:\/\/rutagaudiriudoms.cat\/ca\/plafo-11\/#breadcrumb"},"inLanguage":"es-ES","potentialAction":[{"@type":"ReadAction","target":["https:\/\/rutagaudiriudoms.cat\/ca\/plafo-11\/"]}]},{"@type":"ImageObject","inLanguage":"es-ES","@id":"https:\/\/rutagaudiriudoms.cat\/ca\/plafo-11\/#primaryimage","url":"https:\/\/rutagaudiriudoms.cat\/wp-content\/uploads\/2019\/04\/Mesa-de-trabajo-11.png","contentUrl":"https:\/\/rutagaudiriudoms.cat\/wp-content\/uploads\/2019\/04\/Mesa-de-trabajo-11.png"},{"@type":"BreadcrumbList","@id":"https:\/\/rutagaudiriudoms.cat\/ca\/plafo-11\/#breadcrumb","itemListElement":[{"@type":"ListItem","position":1,"name":"Inici","item":"https:\/\/rutagaudiriudoms.cat\/"},{"@type":"ListItem","position":2,"name":"Inici","item":"https:\/\/rutagaudiriudoms.cat\/"},{"@type":"ListItem","position":3,"name":"Plaf\u00f3 11 &#8211; Gaud\u00ed i Riudoms"}]},{"@type":"WebSite","@id":"https:\/\/rutagaudiriudoms.cat\/#website","url":"https:\/\/rutagaudiriudoms.cat\/","name":"Ruta Riudoms Gaud\u00ed","description":"Espai a internet de la ruta de Gaud\u00ed a Riudoms","publisher":{"@id":"https:\/\/rutagaudiriudoms.cat\/#organization"},"potentialAction":[{"@type":"SearchAction","target":{"@type":"EntryPoint","urlTemplate":"https:\/\/rutagaudiriudoms.cat\/?s={search_term_string}"},"query-input":{"@type":"PropertyValueSpecification","valueRequired":true,"valueName":"search_term_string"}}],"inLanguage":"es-ES"},{"@type":"Organization","@id":"https:\/\/rutagaudiriudoms.cat\/#organization","name":"Ruta Riudoms Gaud\u00ed","url":"https:\/\/rutagaudiriudoms.cat\/","logo":{"@type":"ImageObject","inLanguage":"es-ES","@id":"https:\/\/rutagaudiriudoms.cat\/#\/schema\/logo\/image\/","url":"https:\/\/rutagaudiriudoms.cat\/wp-content\/uploads\/2019\/04\/rgr-logo-002-101.png","contentUrl":"https:\/\/rutagaudiriudoms.cat\/wp-content\/uploads\/2019\/04\/rgr-logo-002-101.png","width":101,"height":60,"caption":"Ruta Riudoms Gaud\u00ed"},"image":{"@id":"https:\/\/rutagaudiriudoms.cat\/#\/schema\/logo\/image\/"}}]}},"_links":{"self":[{"href":"https:\/\/rutagaudiriudoms.cat\/es\/wp-json\/wp\/v2\/pages\/3393","targetHints":{"allow":["GET"]}}],"collection":[{"href":"https:\/\/rutagaudiriudoms.cat\/es\/wp-json\/wp\/v2\/pages"}],"about":[{"href":"https:\/\/rutagaudiriudoms.cat\/es\/wp-json\/wp\/v2\/types\/page"}],"author":[{"embeddable":true,"href":"https:\/\/rutagaudiriudoms.cat\/es\/wp-json\/wp\/v2\/users\/1"}],"replies":[{"embeddable":true,"href":"https:\/\/rutagaudiriudoms.cat\/es\/wp-json\/wp\/v2\/comments?post=3393"}],"version-history":[{"count":0,"href":"https:\/\/rutagaudiriudoms.cat\/es\/wp-json\/wp\/v2\/pages\/3393\/revisions"}],"up":[{"embeddable":true,"href":"https:\/\/rutagaudiriudoms.cat\/es\/wp-json\/wp\/v2\/pages\/8"}],"wp:attachment":[{"href":"https:\/\/rutagaudiriudoms.cat\/es\/wp-json\/wp\/v2\/media?parent=3393"}],"curies":[{"name":"wp","href":"https:\/\/api.w.org\/{rel}","templated":true}]}}