{"id":3391,"date":"2019-02-12T13:10:01","date_gmt":"2019-02-12T11:10:01","guid":{"rendered":"http:\/\/tgd.info\/riudoms\/?page_id=3391"},"modified":"2022-08-03T14:34:18","modified_gmt":"2022-08-03T12:34:18","slug":"plafo-10","status":"publish","type":"page","link":"https:\/\/rutagaudiriudoms.cat\/es\/ca\/plafo-10\/","title":{"rendered":"Plaf\u00f3n 10 &#8211; Gaud\u00ed y el equilibrio"},"content":{"rendered":"<p>[vc_section css=&#8221;.vc_custom_1548946330315{padding-top: 80px !important;}&#8221;][vc_row css=&#8221;.vc_custom_1548862315669{margin-bottom: 0px !important;}&#8221;][vc_column][vc_column_text el_class=&#8221;numPlafo&#8221;]<\/p>\n<table style=\"width: 100%; border: 0px solid white;\">\n<tbody>\n<tr style=\"border: 0px solid white;\">\n<td style=\"min-width: 102px; padding: 0px;\"><img loading=\"lazy\" decoding=\"async\" class=\"aligncenter wp-image-3498 size-full\" src=\"https:\/\/rutagaudiriudoms.cat\/wp-content\/uploads\/2019\/04\/Mesa-de-trabajo-10.png\" alt=\"\" width=\"101\" height=\"100\" \/><\/td>\n<td style=\"width: 100%; text-align: left;\"><strong>Plaf\u00f3n 10\u00a0<\/strong><\/td>\n<\/tr>\n<\/tbody>\n<\/table>\n<p>[\/vc_column_text][\/vc_column][\/vc_row][vc_row css=&#8221;.vc_custom_1548862319912{margin-top: 0px !important;}&#8221;][vc_column width=&#8221;1\/12&#8243;][\/vc_column][vc_column width=&#8221;5\/6&#8243;]<div class=\"wpb_content_element  vc_custom_1658838163295\"><style type=\"text\/css\" scoped>#ut_header_69d026bae7c62 h2 span { color:; }<\/style><header id=\"ut_header_69d026bae7c62\" class=\"section-header pt-style-7 header-center\"><h2  class=\"section-title \"><span>Gaud\u00ed y el equilibrio<\/span><\/h2><\/header><\/div>[vc_empty_space height=&#8221;30px&#8221;][vc_column_text el_class=&#8221;destacat_plafo&#8221;]<\/p>\n<p style=\"text-align: center;\"><em><big>&#8220;Un \u00e1rbol crece hacia arriba, aguanta las ramas y las ramas, sus branquitas y estas, a su vez, las hojas. Cada una de las partes ha estado creciendo armoniosamente, magn\u00edficamente.&#8221;<\/big><\/em><br \/>\n<small>Antoni Gaud\u00ed<\/small><\/p>\n<p>[\/vc_column_text][vc_column_text]Haz como el ni\u00f1o Antoni Gaud\u00ed, conocido en Riudoms como Anton de la Calderera. \u00c9l jugaba entre los \u00e1rboles de la Pineda del Sec. La inclinaci\u00f3n de aquellos troncos, inmensos a los ojos de un ni\u00f1o, le sugieren como aprovechar aquella naturaleza para evitar las l\u00edneas rectas.[\/vc_column_text]<div  class=\"wpb_content_element   clearfix\"><style type=\"text\/css\" scoped>#ut_am_69d026bae8262 { opacity: 1; }<\/style><div id=\"ut_am_wrap_69d026bae8263\" class=\"ut-image-gallery-image \" style=\"text-align:center;\"><div class=\"ut-animated-image-item ut-image-gallery-item ut-animation-done\"><a class=\"ut-deactivated-link\" href=\"#\"><img loading=\"lazy\" decoding=\"async\" title=\"rgr-pins-1200\" id=\"ut_am_69d026bae8262\" style=\"\" src=\"https:\/\/rutagaudiriudoms.cat\/wp-content\/uploads\/2019\/06\/rgr-pins-1200.jpg\" width=\"1200\" height=\"800\" alt=\"Pineda\"\/><\/a><\/div><\/div><\/div>[vc_message message_box_color=&#8221;white&#8221; icon_fontawesome=&#8221;fa fa-comment-o&#8221; el_class=&#8221;destacat_plafo&#8221;]Alguien le pregunto: \u00bfpor qu\u00e9 hizo las columnas del Parque G\u00fcell inclinadas?<br \/>\n\u201cPor la misma raz\u00f3n que un home grande cansado, en pararse, se apuntala con el bast\u00f3n inclinado. Si lo posara vertical no descansar\u00eda\u201d, respondi\u00f3 Gaud\u00ed.<br \/>\n[\/vc_message]<div  class=\"wpb_content_element   clearfix\"><style type=\"text\/css\" scoped>#ut_am_69d026bae87e1 { opacity: 1; }<\/style><div id=\"ut_am_wrap_69d026bae87e3\" class=\"ut-image-gallery-image \" style=\"text-align:center;\"><div class=\"ut-animated-image-item ut-image-gallery-item ut-animation-done\"><a class=\"ut-deactivated-link\" href=\"#\"><img loading=\"lazy\" decoding=\"async\" title=\"park-guell-5236_1280\" id=\"ut_am_69d026bae87e1\" style=\"\" src=\"https:\/\/rutagaudiriudoms.cat\/wp-content\/uploads\/2019\/01\/park-guell-5236_1280.jpg\" width=\"1280\" height=\"960\" alt=\"Parc G\u00fcell\"\/><\/a><\/div><\/div><\/div>[vc_column_text]<strong>Pinos inclinados por la fuerza del mistral<\/strong>. Disfrut\u00f3 recrea aquella inclinaci\u00f3n en sus obras, como las columnas del Parque G\u00fcell.<\/p>\n<p><strong>El tronco de una palmera<\/strong> le sirve para modelar pilares que, con la forma y las sombras que crea la luz, se convertir\u00e1n en columnas magistrales.<\/p>\n<p><strong>La copa de la palmera<\/strong> vista por debajo le proyecta un pilar con sus nervios para sostener la vuelta en diferentes construcciones. Le plantea dudas de resistencia, de equilibrio y le sugiere soluciones est\u00e9ticas espectaculares.[\/vc_column_text]<div  class=\"wpb_content_element   clearfix\"><style type=\"text\/css\" scoped>#ut_am_69d026bae8cfb { opacity: 1; }<\/style><div id=\"ut_am_wrap_69d026bae8cfc\" class=\"ut-image-gallery-image \" style=\"text-align:center;\"><div class=\"ut-animated-image-item ut-image-gallery-item ut-animation-done\"><a class=\"ut-deactivated-link\" href=\"#\"><img loading=\"lazy\" decoding=\"async\" title=\"rgr-sostre-sagrada-familia-960\" id=\"ut_am_69d026bae8cfb\" style=\"\" src=\"https:\/\/rutagaudiriudoms.cat\/wp-content\/uploads\/2019\/04\/rgr-sostre-sagrada-familia-960.jpg\" width=\"960\" height=\"641\" alt=\"Interior de la nau principal de la Sagrada Fam\u00edlia\"\/><\/a><\/div><\/div><\/div>[\/vc_column][vc_column width=&#8221;1\/12&#8243;][\/vc_column][\/vc_row][\/vc_section][vc_section css=&#8221;.vc_custom_1555327988565{background-color: #eaf6fe !important;}&#8221;][vc_row][vc_column width=&#8221;1\/12&#8243;][\/vc_column][vc_column width=&#8221;5\/6&#8243;]<div  class=\"wpb_content_element   clearfix\"><style type=\"text\/css\" scoped>#ut_am_69d026bae91da { opacity: 1; }<\/style><div id=\"ut_am_wrap_69d026bae91dc\" class=\"ut-image-gallery-image \" style=\"text-align:center;\"><div class=\"ut-animated-image-item ut-image-gallery-item ut-animation-done\"><a class=\"ut-deactivated-link\" href=\"#\"><img loading=\"lazy\" decoding=\"async\" title=\"rgr-gaudi-blau-perfil-203\" id=\"ut_am_69d026bae91da\" style=\"\" src=\"https:\/\/rutagaudiriudoms.cat\/wp-content\/uploads\/2019\/04\/rgr-gaudi-blau-perfil-203.png\" width=\"203\" height=\"205\" alt=\"Perfil de Gaud\u00ed\"\/><\/a><\/div><\/div><\/div><div  class=\"wpb_content_element   clearfix\"><style type=\"text\/css\" scoped>#ut_am_69d026bae96a0 { opacity: 1; }<\/style><div id=\"ut_am_wrap_69d026bae96a1\" class=\"ut-image-gallery-image \" style=\"text-align:center;\"><div class=\"ut-animated-image-item ut-image-gallery-item ut-animation-done\"><a class=\"ut-deactivated-link\" href=\"#\"><img loading=\"lazy\" decoding=\"async\" title=\"rgr-numeral10-150\" id=\"ut_am_69d026bae96a0\" style=\"\" src=\"https:\/\/rutagaudiriudoms.cat\/wp-content\/uploads\/2019\/06\/rgr-numeral10-150.png\" width=\"150\" height=\"53\" alt=\"10 de 12\"\/><\/a><\/div><\/div><\/div><div class=\"wpb_content_element \"><style type=\"text\/css\" scoped>#ut_header_69d026bae96e0 h2 span { color:#284d9b; }#ut_header_69d026bae96e0 h2.section-title { font-size: 24px; }<\/style><header id=\"ut_header_69d026bae96e0\" class=\"section-header pt-style-7 header-center\"><h2  class=\"section-title \"><span>Los Gaud\u00ed y Riudoms <\/span><\/h2><\/header><\/div>[vc_row_inner][vc_column_inner][vc_column_text]Rosa Serra Torroja, conocida como &#8220;la Calderera&#8221;, tuvo que enfrentarse al infortunio. Su hijo mayor, Francesc Gaud\u00ed Serra, ten\u00eda quince a\u00f1os cuando perdi\u00f3 a su padre. Era un chico vivaracho y trabajador. Sab\u00eda de letra, pero no se pod\u00eda hacer cargo del taller familiar de calderer\u00eda (no hay ninguna otra calderer\u00eda en Riudoms donde aprender el oficio). Francesc tuvo que ir a Reus a trabajar al taller de Antoni Cornet Sans, el cual, al cabo de unos a\u00f1os, acontecer\u00e1 su suegro. Antoni Cornet no ten\u00eda ning\u00fan hijo; tan solo tres chicas. Antonia, la grande, se cas\u00f3 con el aprendiz Gaud\u00ed y del matrimonio nacer\u00e1, el 25 de junio de 1852, un chico delicado de salud, pero un genio como artista: Antoni Gaud\u00ed i Cornet, Anton de la Calderera.[\/vc_column_text][\/vc_column_inner][\/vc_row_inner][\/vc_column][vc_column width=&#8221;1\/12&#8243;][\/vc_column][\/vc_row][\/vc_section]<\/p>\n","protected":false},"excerpt":{"rendered":"<p>[vc_section css=&#8221;.vc_custom_1548946330315{padding-top: 80px !important;}&#8221;][vc_row css=&#8221;.vc_custom_1548862315669{margin-bottom: 0px !important;}&#8221;][vc_column][vc_column_text el_class=&#8221;numPlafo&#8221;] Plaf\u00f3n 10\u00a0 [\/vc_column_text][\/vc_column][\/vc_row][vc_row css=&#8221;.vc_custom_1548862319912{margin-top: 0px !important;}&#8221;][vc_column width=&#8221;1\/12&#8243;][\/vc_column][vc_column width=&#8221;5\/6&#8243;][vc_empty_space height=&#8221;30px&#8221;][vc_column_text el_class=&#8221;destacat_plafo&#8221;] &#8220;Un \u00e1rbol crece hacia arriba, aguanta las ramas y las ramas, sus branquitas y estas, a su vez, las hojas. Cada una de las partes ha estado creciendo armoniosamente, magn\u00edficamente.&#8221; Antoni Gaud\u00ed [\/vc_column_text][vc_column_text]Haz como el ni\u00f1o Antoni [&hellip;]<\/p>\n","protected":false},"author":1,"featured_media":0,"parent":8,"menu_order":0,"comment_status":"closed","ping_status":"closed","template":"","meta":{"footnotes":""},"class_list":["post-3391","page","type-page","status-publish","hentry"],"translation":{"provider":"WPGlobus","version":"3.0.2","language":"es","enabled_languages":["at","es","en","fr"],"languages":{"at":{"title":true,"content":true,"excerpt":false},"es":{"title":true,"content":true,"excerpt":false},"en":{"title":true,"content":true,"excerpt":false},"fr":{"title":true,"content":true,"excerpt":false}}},"yoast_head":"<!-- This site is optimized with the Yoast SEO plugin v24.1 - https:\/\/yoast.com\/wordpress\/plugins\/seo\/ -->\n<title>Plaf\u00f3n 10 - Gaud\u00ed y el equilibrio | Ruta Riudoms Gaud\u00ed<\/title>\n<meta name=\"robots\" content=\"index, follow, max-snippet:-1, max-image-preview:large, max-video-preview:-1\" \/>\n<link rel=\"canonical\" href=\"https:\/\/rutagaudiriudoms.cat\/ca\/plafo-10\/\" \/>\n<meta property=\"og:locale\" content=\"es_ES\" \/>\n<meta property=\"og:type\" content=\"article\" \/>\n<meta property=\"og:title\" content=\"Plaf\u00f3n 10 - Gaud\u00ed y el equilibrio | Ruta Riudoms Gaud\u00ed\" \/>\n<meta property=\"og:url\" content=\"https:\/\/rutagaudiriudoms.cat\/ca\/plafo-10\/\" \/>\n<meta property=\"og:site_name\" content=\"Ruta Riudoms Gaud\u00ed\" \/>\n<meta property=\"article:modified_time\" content=\"2022-08-03T12:34:18+00:00\" \/>\n<meta property=\"og:image\" content=\"https:\/\/rutagaudiriudoms.cat\/wp-content\/uploads\/2019\/04\/Mesa-de-trabajo-10.png\" \/>\n<meta name=\"twitter:card\" content=\"summary_large_image\" \/>\n<meta name=\"twitter:label1\" content=\"Est. reading time\" \/>\n\t<meta name=\"twitter:data1\" content=\"3 minutes\" \/>\n<script type=\"application\/ld+json\" class=\"yoast-schema-graph\">{\"@context\":\"https:\/\/schema.org\",\"@graph\":[{\"@type\":\"WebPage\",\"@id\":\"https:\/\/rutagaudiriudoms.cat\/ca\/plafo-10\/\",\"url\":\"https:\/\/rutagaudiriudoms.cat\/ca\/plafo-10\/\",\"name\":\"Plaf\u00f3n 10 - Gaud\u00ed y el equilibrio | Ruta Riudoms Gaud\u00ed\",\"isPartOf\":{\"@id\":\"https:\/\/rutagaudiriudoms.cat\/#website\"},\"primaryImageOfPage\":{\"@id\":\"https:\/\/rutagaudiriudoms.cat\/ca\/plafo-10\/#primaryimage\"},\"image\":{\"@id\":\"https:\/\/rutagaudiriudoms.cat\/ca\/plafo-10\/#primaryimage\"},\"thumbnailUrl\":\"https:\/\/rutagaudiriudoms.cat\/wp-content\/uploads\/2019\/04\/Mesa-de-trabajo-10.png\",\"datePublished\":\"2019-02-12T11:10:01+00:00\",\"dateModified\":\"2022-08-03T12:34:18+00:00\",\"breadcrumb\":{\"@id\":\"https:\/\/rutagaudiriudoms.cat\/ca\/plafo-10\/#breadcrumb\"},\"inLanguage\":\"es-ES\",\"potentialAction\":[{\"@type\":\"ReadAction\",\"target\":[\"https:\/\/rutagaudiriudoms.cat\/ca\/plafo-10\/\"]}]},{\"@type\":\"ImageObject\",\"inLanguage\":\"es-ES\",\"@id\":\"https:\/\/rutagaudiriudoms.cat\/ca\/plafo-10\/#primaryimage\",\"url\":\"https:\/\/rutagaudiriudoms.cat\/wp-content\/uploads\/2019\/04\/Mesa-de-trabajo-10.png\",\"contentUrl\":\"https:\/\/rutagaudiriudoms.cat\/wp-content\/uploads\/2019\/04\/Mesa-de-trabajo-10.png\"},{\"@type\":\"BreadcrumbList\",\"@id\":\"https:\/\/rutagaudiriudoms.cat\/ca\/plafo-10\/#breadcrumb\",\"itemListElement\":[{\"@type\":\"ListItem\",\"position\":1,\"name\":\"Inici\",\"item\":\"https:\/\/rutagaudiriudoms.cat\/\"},{\"@type\":\"ListItem\",\"position\":2,\"name\":\"Inici\",\"item\":\"https:\/\/rutagaudiriudoms.cat\/\"},{\"@type\":\"ListItem\",\"position\":3,\"name\":\"Plaf\u00f3 10 &#8211; Gaud\u00ed i l\u2019equilibri\"}]},{\"@type\":\"WebSite\",\"@id\":\"https:\/\/rutagaudiriudoms.cat\/#website\",\"url\":\"https:\/\/rutagaudiriudoms.cat\/\",\"name\":\"Ruta Riudoms Gaud\u00ed\",\"description\":\"Espai a internet de la ruta de Gaud\u00ed a Riudoms\",\"publisher\":{\"@id\":\"https:\/\/rutagaudiriudoms.cat\/#organization\"},\"potentialAction\":[{\"@type\":\"SearchAction\",\"target\":{\"@type\":\"EntryPoint\",\"urlTemplate\":\"https:\/\/rutagaudiriudoms.cat\/?s={search_term_string}\"},\"query-input\":{\"@type\":\"PropertyValueSpecification\",\"valueRequired\":true,\"valueName\":\"search_term_string\"}}],\"inLanguage\":\"es-ES\"},{\"@type\":\"Organization\",\"@id\":\"https:\/\/rutagaudiriudoms.cat\/#organization\",\"name\":\"Ruta Riudoms Gaud\u00ed\",\"url\":\"https:\/\/rutagaudiriudoms.cat\/\",\"logo\":{\"@type\":\"ImageObject\",\"inLanguage\":\"es-ES\",\"@id\":\"https:\/\/rutagaudiriudoms.cat\/#\/schema\/logo\/image\/\",\"url\":\"https:\/\/rutagaudiriudoms.cat\/wp-content\/uploads\/2019\/04\/rgr-logo-002-101.png\",\"contentUrl\":\"https:\/\/rutagaudiriudoms.cat\/wp-content\/uploads\/2019\/04\/rgr-logo-002-101.png\",\"width\":101,\"height\":60,\"caption\":\"Ruta Riudoms Gaud\u00ed\"},\"image\":{\"@id\":\"https:\/\/rutagaudiriudoms.cat\/#\/schema\/logo\/image\/\"}}]}<\/script>\n<!-- \/ Yoast SEO plugin. -->","yoast_head_json":{"title":"Plaf\u00f3n 10 - Gaud\u00ed y el equilibrio | Ruta Riudoms Gaud\u00ed","robots":{"index":"index","follow":"follow","max-snippet":"max-snippet:-1","max-image-preview":"max-image-preview:large","max-video-preview":"max-video-preview:-1"},"canonical":"https:\/\/rutagaudiriudoms.cat\/ca\/plafo-10\/","og_locale":"es_ES","og_type":"article","og_title":"Plaf\u00f3n 10 - Gaud\u00ed y el equilibrio | Ruta Riudoms Gaud\u00ed","og_url":"https:\/\/rutagaudiriudoms.cat\/ca\/plafo-10\/","og_site_name":"Ruta Riudoms Gaud\u00ed","article_modified_time":"2022-08-03T12:34:18+00:00","og_image":[{"url":"https:\/\/rutagaudiriudoms.cat\/wp-content\/uploads\/2019\/04\/Mesa-de-trabajo-10.png","type":"","width":"","height":""}],"twitter_card":"summary_large_image","twitter_misc":{"Est. reading time":"3 minutes"},"schema":{"@context":"https:\/\/schema.org","@graph":[{"@type":"WebPage","@id":"https:\/\/rutagaudiriudoms.cat\/ca\/plafo-10\/","url":"https:\/\/rutagaudiriudoms.cat\/ca\/plafo-10\/","name":"Plaf\u00f3n 10 - Gaud\u00ed y el equilibrio | Ruta Riudoms Gaud\u00ed","isPartOf":{"@id":"https:\/\/rutagaudiriudoms.cat\/#website"},"primaryImageOfPage":{"@id":"https:\/\/rutagaudiriudoms.cat\/ca\/plafo-10\/#primaryimage"},"image":{"@id":"https:\/\/rutagaudiriudoms.cat\/ca\/plafo-10\/#primaryimage"},"thumbnailUrl":"https:\/\/rutagaudiriudoms.cat\/wp-content\/uploads\/2019\/04\/Mesa-de-trabajo-10.png","datePublished":"2019-02-12T11:10:01+00:00","dateModified":"2022-08-03T12:34:18+00:00","breadcrumb":{"@id":"https:\/\/rutagaudiriudoms.cat\/ca\/plafo-10\/#breadcrumb"},"inLanguage":"es-ES","potentialAction":[{"@type":"ReadAction","target":["https:\/\/rutagaudiriudoms.cat\/ca\/plafo-10\/"]}]},{"@type":"ImageObject","inLanguage":"es-ES","@id":"https:\/\/rutagaudiriudoms.cat\/ca\/plafo-10\/#primaryimage","url":"https:\/\/rutagaudiriudoms.cat\/wp-content\/uploads\/2019\/04\/Mesa-de-trabajo-10.png","contentUrl":"https:\/\/rutagaudiriudoms.cat\/wp-content\/uploads\/2019\/04\/Mesa-de-trabajo-10.png"},{"@type":"BreadcrumbList","@id":"https:\/\/rutagaudiriudoms.cat\/ca\/plafo-10\/#breadcrumb","itemListElement":[{"@type":"ListItem","position":1,"name":"Inici","item":"https:\/\/rutagaudiriudoms.cat\/"},{"@type":"ListItem","position":2,"name":"Inici","item":"https:\/\/rutagaudiriudoms.cat\/"},{"@type":"ListItem","position":3,"name":"Plaf\u00f3 10 &#8211; Gaud\u00ed i l\u2019equilibri"}]},{"@type":"WebSite","@id":"https:\/\/rutagaudiriudoms.cat\/#website","url":"https:\/\/rutagaudiriudoms.cat\/","name":"Ruta Riudoms Gaud\u00ed","description":"Espai a internet de la ruta de Gaud\u00ed a Riudoms","publisher":{"@id":"https:\/\/rutagaudiriudoms.cat\/#organization"},"potentialAction":[{"@type":"SearchAction","target":{"@type":"EntryPoint","urlTemplate":"https:\/\/rutagaudiriudoms.cat\/?s={search_term_string}"},"query-input":{"@type":"PropertyValueSpecification","valueRequired":true,"valueName":"search_term_string"}}],"inLanguage":"es-ES"},{"@type":"Organization","@id":"https:\/\/rutagaudiriudoms.cat\/#organization","name":"Ruta Riudoms Gaud\u00ed","url":"https:\/\/rutagaudiriudoms.cat\/","logo":{"@type":"ImageObject","inLanguage":"es-ES","@id":"https:\/\/rutagaudiriudoms.cat\/#\/schema\/logo\/image\/","url":"https:\/\/rutagaudiriudoms.cat\/wp-content\/uploads\/2019\/04\/rgr-logo-002-101.png","contentUrl":"https:\/\/rutagaudiriudoms.cat\/wp-content\/uploads\/2019\/04\/rgr-logo-002-101.png","width":101,"height":60,"caption":"Ruta Riudoms Gaud\u00ed"},"image":{"@id":"https:\/\/rutagaudiriudoms.cat\/#\/schema\/logo\/image\/"}}]}},"_links":{"self":[{"href":"https:\/\/rutagaudiriudoms.cat\/es\/wp-json\/wp\/v2\/pages\/3391","targetHints":{"allow":["GET"]}}],"collection":[{"href":"https:\/\/rutagaudiriudoms.cat\/es\/wp-json\/wp\/v2\/pages"}],"about":[{"href":"https:\/\/rutagaudiriudoms.cat\/es\/wp-json\/wp\/v2\/types\/page"}],"author":[{"embeddable":true,"href":"https:\/\/rutagaudiriudoms.cat\/es\/wp-json\/wp\/v2\/users\/1"}],"replies":[{"embeddable":true,"href":"https:\/\/rutagaudiriudoms.cat\/es\/wp-json\/wp\/v2\/comments?post=3391"}],"version-history":[{"count":0,"href":"https:\/\/rutagaudiriudoms.cat\/es\/wp-json\/wp\/v2\/pages\/3391\/revisions"}],"up":[{"embeddable":true,"href":"https:\/\/rutagaudiriudoms.cat\/es\/wp-json\/wp\/v2\/pages\/8"}],"wp:attachment":[{"href":"https:\/\/rutagaudiriudoms.cat\/es\/wp-json\/wp\/v2\/media?parent=3391"}],"curies":[{"name":"wp","href":"https:\/\/api.w.org\/{rel}","templated":true}]}}