{"id":3386,"date":"2019-02-12T13:07:39","date_gmt":"2019-02-12T11:07:39","guid":{"rendered":"http:\/\/tgd.info\/riudoms\/?page_id=3386"},"modified":"2022-08-03T14:32:08","modified_gmt":"2022-08-03T12:32:08","slug":"plafo-09","status":"publish","type":"page","link":"https:\/\/rutagaudiriudoms.cat\/es\/ca\/plafo-09\/","title":{"rendered":"Plaf\u00f3n 09 &#8211; Gaud\u00ed y el espacio"},"content":{"rendered":"<p>[vc_section css=&#8221;.vc_custom_1548946330315{padding-top: 80px !important;}&#8221;][vc_row css=&#8221;.vc_custom_1548862315669{margin-bottom: 0px !important;}&#8221;][vc_column][vc_column_text el_class=&#8221;numPlafo&#8221;]<\/p>\n<table style=\"width: 100%; border: 0px solid white;\">\n<tbody>\n<tr style=\"border: 0px solid white;\">\n<td style=\"min-width: 102px; padding: 0px;\"><img loading=\"lazy\" decoding=\"async\" class=\"aligncenter wp-image-3498 size-full\" src=\"https:\/\/rutagaudiriudoms.cat\/wp-content\/uploads\/2019\/04\/Mesa-de-trabajo-9.png\" alt=\"\" width=\"101\" height=\"100\" \/><\/td>\n<td style=\"width: 100%; text-align: left;\"><strong>Plaf\u00f3n 9\u00a0<\/strong><\/td>\n<\/tr>\n<\/tbody>\n<\/table>\n<p>[\/vc_column_text][\/vc_column][\/vc_row][vc_row css=&#8221;.vc_custom_1548862319912{margin-top: 0px !important;}&#8221;][vc_column width=&#8221;1\/12&#8243;][\/vc_column][vc_column width=&#8221;5\/6&#8243;]<div class=\"wpb_content_element  vc_custom_1658837938340\"><style type=\"text\/css\" scoped>#ut_header_69d026c2560f5 h2 span { color:; }<\/style><header id=\"ut_header_69d026c2560f5\" class=\"section-header pt-style-7 header-center\"><h2  class=\"section-title \"><span>Gaud\u00ed y el espacio<\/span><\/h2><\/header><\/div>[vc_empty_space height=&#8221;30px&#8221;][vc_column_text el_class=&#8221;destacat_plafo&#8221;]<\/p>\n<p style=\"text-align: center;\"><em><big>&#8220;El arte g\u00f3tico es imperfecto: est\u00e1 a medio resolver, es el estilo del comp\u00e1s, de la f\u00f3rmula de la repetici\u00f3n industrial. Su estabilidad se basa en el apuntalamiento permanente de los contrafuertes: es un cuerpo defectuoso que se aguanta con muletas.&#8221;<\/big><\/em><br \/>\n<small>Antoni Gaud\u00ed<\/small><\/p>\n<p>[\/vc_column_text]<div  class=\"wpb_content_element   clearfix\"><style type=\"text\/css\" scoped>#ut_am_69d026c2566ac { opacity: 1; }<\/style><div id=\"ut_am_wrap_69d026c2566ad\" class=\"ut-image-gallery-image \" style=\"text-align:center;\"><div class=\"ut-animated-image-item ut-image-gallery-item ut-animation-done\"><a class=\"ut-deactivated-link\" href=\"#\"><img loading=\"lazy\" decoding=\"async\" title=\"rgr-facana-st-jaume-002-960\" id=\"ut_am_69d026c2566ac\" style=\"\" src=\"https:\/\/rutagaudiriudoms.cat\/wp-content\/uploads\/2019\/06\/rgr-facana-st-jaume-002-960.jpg\" width=\"960\" height=\"1154\" alt=\"Fa\u00e7ana de l&#039;esgl\u00e9sia de Sant Jaume de RIudoms\"\/><\/a><\/div><\/div><\/div><div  class=\"wpb_content_element   clearfix\"><style type=\"text\/css\" scoped>#ut_am_69d026c256bb2 { opacity: 1; }<\/style><div id=\"ut_am_wrap_69d026c256bb3\" class=\"ut-image-gallery-image \" style=\"text-align:center;\"><div class=\"ut-animated-image-item ut-image-gallery-item ut-animation-done\"><a class=\"ut-deactivated-link\" href=\"#\"><img loading=\"lazy\" decoding=\"async\" title=\"rgr-st-jaume-facana-960\" id=\"ut_am_69d026c256bb2\" style=\"\" src=\"https:\/\/rutagaudiriudoms.cat\/wp-content\/uploads\/2019\/04\/rgr-st-jaume-facana-960.jpg\" width=\"960\" height=\"1280\" alt=\"Fa\u00e7ana de l&#039;esgl\u00e9sia de Sant Jaume de RIudoms\"\/><\/a><\/div><\/div><\/div><div  class=\"wpb_content_element   clearfix\"><style type=\"text\/css\" scoped>#ut_am_69d026c257075 { opacity: 1; }<\/style><div id=\"ut_am_wrap_69d026c257081\" class=\"ut-image-gallery-image \" style=\"text-align:center;\"><div class=\"ut-animated-image-item ut-image-gallery-item ut-animation-done\"><a class=\"ut-deactivated-link\" href=\"#\"><img loading=\"lazy\" decoding=\"async\" title=\"rgr-st-jaume-960\" id=\"ut_am_69d026c257075\" style=\"\" src=\"https:\/\/rutagaudiriudoms.cat\/wp-content\/uploads\/2019\/04\/rgr-st-jaume-960.jpg\" width=\"960\" height=\"1426\" alt=\"Interior de l&#039;esgl\u00e9sia de Sant Jaume de RIudoms\"\/><\/a><\/div><\/div><\/div>[vc_column_text]La iglesia de Sant Jaume de Riudoms es un lugar clave para entender la obra de Gaud\u00ed. \u00bfQue represent\u00f3, en los ojos de un ni\u00f1o como el, la inmensidad de este templo? Se trata de una obra de dimensiones extraordinarias pera un pueblo como Riudoms. Aqu\u00ed Gaud\u00ed toma consciencia del espacio.[\/vc_column_text][vc_message message_box_color=&#8221;white&#8221; icon_fontawesome=&#8221;fa fa-comment-o&#8221; el_class=&#8221;destacat_plafo&#8221;]Entra en la iglesia i entender\u00e1s el impacto que debi\u00f3 causar este templo al ni\u00f1o Gaud\u00ed.[\/vc_message][vc_column_text]Esta iglesia substituy\u00f3 la vieja y se sit\u00faa justo al lado. El 1588 se pos\u00f3 la primera piedra y el 1593 se inici\u00f3 su construcci\u00f3n. En el escudo de la fachada hay la fecha de 1606 y, a la vuelta del \u00e1bside, la de 1610. Estas fechas nos muestran los plazos de construcci\u00f3n de cada parte. La iglesia se inaugur\u00f3 el 26 de julio de 1617. La sacrist\u00eda se construy\u00f3 en una segunda fase, a partir de 1686.<\/p>\n<p>La fachada de la iglesia que vio Gaud\u00ed es una buena muestra del renacimiento catal\u00e1n. Se nos presenta como un retablo con once hornacinas y el escudo de la villa coronado por un frontis con un relevo que representa el Padre Eterno. Es a esta fachada que se atribuye la colaboraci\u00f3n del arquitecto Pere Blai en la obra.<\/p>\n<p>El interior, con traza b\u00e1sicamente g\u00f3tica, cuenta con una nave de una estatura sorprendente, formada por seis capillas laterales por banda que se comunican y una cabecera poligonal. El techo, con crucer\u00eda, nos muestra los nervios cl\u00e1sicos de este estilo arquitect\u00f3nico. A la capilla de Roser hab\u00eda un retablo barroco, obra de Llu\u00eds Bonif\u00e0s el viejo.[\/vc_column_text][vc_message message_box_color=&#8221;white&#8221; icon_fontawesome=&#8221;fa fa-comment-o&#8221; el_id=&#8221;destacat_plafo&#8221; el_class=&#8221;destacat_plafo&#8221;]Vive la experiencia de subir al campanario y podr\u00e1s observar la luz de Riudoms, la luz del Camp de Tarragona, la luz de Gaud\u00ed.[\/vc_message][vc_column_text]El campanario no se acab\u00f3 hasta el 1877 y el a\u00f1o siguiente se hizo la capilla del Sant\u00edsimo, bajo el altar de la cual hoy descansan los despojos del beato Bonaventura Gran. El junio de 2018 fue declarada Bien Cultural de Inter\u00e9s Nacional.[\/vc_column_text][\/vc_column][vc_column width=&#8221;1\/12&#8243;][\/vc_column][\/vc_row][\/vc_section][vc_section css=&#8221;.vc_custom_1555401874512{background-color: #f2e4dd !important;}&#8221;][vc_row][vc_column width=&#8221;1\/12&#8243;][\/vc_column][vc_column width=&#8221;5\/6&#8243;]<div  class=\"wpb_content_element   clearfix\"><style type=\"text\/css\" scoped>#ut_am_69d026c2574ac { opacity: 1; }<\/style><div id=\"ut_am_wrap_69d026c2574ae\" class=\"ut-image-gallery-image \" style=\"text-align:center;\"><div class=\"ut-animated-image-item ut-image-gallery-item ut-animation-done\"><a class=\"ut-deactivated-link\" href=\"#\"><img loading=\"lazy\" decoding=\"async\" title=\"rgr-gaudi-perfil-rosat-203\" id=\"ut_am_69d026c2574ac\" style=\"\" src=\"https:\/\/rutagaudiriudoms.cat\/wp-content\/uploads\/2019\/04\/rgr-gaudi-perfil-rosat-203.png\" width=\"203\" height=\"205\" alt=\"Perfil de Gaud\u00ed\"\/><\/a><\/div><\/div><\/div><div  class=\"wpb_content_element   clearfix\"><style type=\"text\/css\" scoped>#ut_am_69d026c257916 { opacity: 1; }<\/style><div id=\"ut_am_wrap_69d026c257917\" class=\"ut-image-gallery-image \" style=\"text-align:center;\"><div class=\"ut-animated-image-item ut-image-gallery-item ut-animation-done\"><a class=\"ut-deactivated-link\" href=\"#\"><img loading=\"lazy\" decoding=\"async\" title=\"rgr-numeral9-133\" id=\"ut_am_69d026c257916\" style=\"\" src=\"https:\/\/rutagaudiriudoms.cat\/wp-content\/uploads\/2019\/06\/rgr-numeral9-133.png\" width=\"133\" height=\"53\" alt=\"9 de 12\"\/><\/a><\/div><\/div><\/div><div class=\"wpb_content_element \"><style type=\"text\/css\" scoped>#ut_header_69d026c257957 h2 span { color:#ca0606; }#ut_header_69d026c257957 h2.section-title { font-size: 24px; }<\/style><header id=\"ut_header_69d026c257957\" class=\"section-header pt-style-7 header-center\"><h2  class=\"section-title \"><span>Los Gaud\u00ed y Riudoms <\/span><\/h2><\/header><\/div>[vc_row_inner][vc_column_inner][vc_column_text]Francesc Gaud\u00ed Salvany, abuelo del arquitecto, se dedic\u00f3 al oficio de la familia Salvany. Es el primer calderero con el apellido Gaud\u00ed. Es cas\u00f3 el 1811, con 38 a\u00f1os, con la reusense Rosa Serra Torroja. Ella, tan solo ten\u00eda 25 a\u00f1os y el matrimonio dur\u00f3 diecisiete a\u00f1os. Vivian en el Raval de Sant Francesc. Francesc Gaud\u00ed muri\u00f3 el 1828 y dejaba a \u201cla Calderera\u201d viuda con siete hijos y uno en camino.[\/vc_column_text][\/vc_column_inner][\/vc_row_inner][\/vc_column][vc_column width=&#8221;1\/12&#8243;][\/vc_column][\/vc_row][\/vc_section]<\/p>\n","protected":false},"excerpt":{"rendered":"<p>[vc_section css=&#8221;.vc_custom_1548946330315{padding-top: 80px !important;}&#8221;][vc_row css=&#8221;.vc_custom_1548862315669{margin-bottom: 0px !important;}&#8221;][vc_column][vc_column_text el_class=&#8221;numPlafo&#8221;] Plaf\u00f3n 9\u00a0 [\/vc_column_text][\/vc_column][\/vc_row][vc_row css=&#8221;.vc_custom_1548862319912{margin-top: 0px !important;}&#8221;][vc_column width=&#8221;1\/12&#8243;][\/vc_column][vc_column width=&#8221;5\/6&#8243;][vc_empty_space height=&#8221;30px&#8221;][vc_column_text el_class=&#8221;destacat_plafo&#8221;] &#8220;El arte g\u00f3tico es imperfecto: est\u00e1 a medio resolver, es el estilo del comp\u00e1s, de la f\u00f3rmula de la repetici\u00f3n industrial. Su estabilidad se basa en el apuntalamiento permanente de los contrafuertes: es un cuerpo defectuoso que [&hellip;]<\/p>\n","protected":false},"author":1,"featured_media":0,"parent":8,"menu_order":0,"comment_status":"closed","ping_status":"closed","template":"","meta":{"footnotes":""},"class_list":["post-3386","page","type-page","status-publish","hentry"],"translation":{"provider":"WPGlobus","version":"3.0.2","language":"es","enabled_languages":["at","es","en","fr"],"languages":{"at":{"title":true,"content":true,"excerpt":false},"es":{"title":true,"content":true,"excerpt":false},"en":{"title":true,"content":true,"excerpt":false},"fr":{"title":true,"content":true,"excerpt":false}}},"yoast_head":"<!-- This site is optimized with the Yoast SEO plugin v24.1 - https:\/\/yoast.com\/wordpress\/plugins\/seo\/ -->\n<title>Plaf\u00f3n 09 - Gaud\u00ed y el espacio | Ruta Riudoms Gaud\u00ed<\/title>\n<meta name=\"robots\" content=\"index, follow, max-snippet:-1, max-image-preview:large, max-video-preview:-1\" \/>\n<link rel=\"canonical\" href=\"https:\/\/rutagaudiriudoms.cat\/ca\/plafo-09\/\" \/>\n<meta property=\"og:locale\" content=\"es_ES\" \/>\n<meta property=\"og:type\" content=\"article\" \/>\n<meta property=\"og:title\" content=\"Plaf\u00f3n 09 - Gaud\u00ed y el espacio | Ruta Riudoms Gaud\u00ed\" \/>\n<meta property=\"og:url\" content=\"https:\/\/rutagaudiriudoms.cat\/ca\/plafo-09\/\" \/>\n<meta property=\"og:site_name\" content=\"Ruta Riudoms Gaud\u00ed\" \/>\n<meta property=\"article:modified_time\" content=\"2022-08-03T12:32:08+00:00\" \/>\n<meta property=\"og:image\" content=\"https:\/\/rutagaudiriudoms.cat\/wp-content\/uploads\/2019\/04\/Mesa-de-trabajo-9.png\" \/>\n<meta name=\"twitter:card\" content=\"summary_large_image\" \/>\n<meta name=\"twitter:label1\" content=\"Est. reading time\" \/>\n\t<meta name=\"twitter:data1\" content=\"3 minutes\" \/>\n<script type=\"application\/ld+json\" class=\"yoast-schema-graph\">{\"@context\":\"https:\/\/schema.org\",\"@graph\":[{\"@type\":\"WebPage\",\"@id\":\"https:\/\/rutagaudiriudoms.cat\/ca\/plafo-09\/\",\"url\":\"https:\/\/rutagaudiriudoms.cat\/ca\/plafo-09\/\",\"name\":\"Plaf\u00f3n 09 - Gaud\u00ed y el espacio | Ruta Riudoms Gaud\u00ed\",\"isPartOf\":{\"@id\":\"https:\/\/rutagaudiriudoms.cat\/#website\"},\"primaryImageOfPage\":{\"@id\":\"https:\/\/rutagaudiriudoms.cat\/ca\/plafo-09\/#primaryimage\"},\"image\":{\"@id\":\"https:\/\/rutagaudiriudoms.cat\/ca\/plafo-09\/#primaryimage\"},\"thumbnailUrl\":\"https:\/\/rutagaudiriudoms.cat\/wp-content\/uploads\/2019\/04\/Mesa-de-trabajo-9.png\",\"datePublished\":\"2019-02-12T11:07:39+00:00\",\"dateModified\":\"2022-08-03T12:32:08+00:00\",\"breadcrumb\":{\"@id\":\"https:\/\/rutagaudiriudoms.cat\/ca\/plafo-09\/#breadcrumb\"},\"inLanguage\":\"es-ES\",\"potentialAction\":[{\"@type\":\"ReadAction\",\"target\":[\"https:\/\/rutagaudiriudoms.cat\/ca\/plafo-09\/\"]}]},{\"@type\":\"ImageObject\",\"inLanguage\":\"es-ES\",\"@id\":\"https:\/\/rutagaudiriudoms.cat\/ca\/plafo-09\/#primaryimage\",\"url\":\"https:\/\/rutagaudiriudoms.cat\/wp-content\/uploads\/2019\/04\/Mesa-de-trabajo-9.png\",\"contentUrl\":\"https:\/\/rutagaudiriudoms.cat\/wp-content\/uploads\/2019\/04\/Mesa-de-trabajo-9.png\"},{\"@type\":\"BreadcrumbList\",\"@id\":\"https:\/\/rutagaudiriudoms.cat\/ca\/plafo-09\/#breadcrumb\",\"itemListElement\":[{\"@type\":\"ListItem\",\"position\":1,\"name\":\"Inici\",\"item\":\"https:\/\/rutagaudiriudoms.cat\/\"},{\"@type\":\"ListItem\",\"position\":2,\"name\":\"Inici\",\"item\":\"https:\/\/rutagaudiriudoms.cat\/\"},{\"@type\":\"ListItem\",\"position\":3,\"name\":\"Plaf\u00f3 09 &#8211; Gaud\u00ed i l\u2019espai\"}]},{\"@type\":\"WebSite\",\"@id\":\"https:\/\/rutagaudiriudoms.cat\/#website\",\"url\":\"https:\/\/rutagaudiriudoms.cat\/\",\"name\":\"Ruta Riudoms Gaud\u00ed\",\"description\":\"Espai a internet de la ruta de Gaud\u00ed a Riudoms\",\"publisher\":{\"@id\":\"https:\/\/rutagaudiriudoms.cat\/#organization\"},\"potentialAction\":[{\"@type\":\"SearchAction\",\"target\":{\"@type\":\"EntryPoint\",\"urlTemplate\":\"https:\/\/rutagaudiriudoms.cat\/?s={search_term_string}\"},\"query-input\":{\"@type\":\"PropertyValueSpecification\",\"valueRequired\":true,\"valueName\":\"search_term_string\"}}],\"inLanguage\":\"es-ES\"},{\"@type\":\"Organization\",\"@id\":\"https:\/\/rutagaudiriudoms.cat\/#organization\",\"name\":\"Ruta Riudoms Gaud\u00ed\",\"url\":\"https:\/\/rutagaudiriudoms.cat\/\",\"logo\":{\"@type\":\"ImageObject\",\"inLanguage\":\"es-ES\",\"@id\":\"https:\/\/rutagaudiriudoms.cat\/#\/schema\/logo\/image\/\",\"url\":\"https:\/\/rutagaudiriudoms.cat\/wp-content\/uploads\/2019\/04\/rgr-logo-002-101.png\",\"contentUrl\":\"https:\/\/rutagaudiriudoms.cat\/wp-content\/uploads\/2019\/04\/rgr-logo-002-101.png\",\"width\":101,\"height\":60,\"caption\":\"Ruta Riudoms Gaud\u00ed\"},\"image\":{\"@id\":\"https:\/\/rutagaudiriudoms.cat\/#\/schema\/logo\/image\/\"}}]}<\/script>\n<!-- \/ Yoast SEO plugin. -->","yoast_head_json":{"title":"Plaf\u00f3n 09 - Gaud\u00ed y el espacio | Ruta Riudoms Gaud\u00ed","robots":{"index":"index","follow":"follow","max-snippet":"max-snippet:-1","max-image-preview":"max-image-preview:large","max-video-preview":"max-video-preview:-1"},"canonical":"https:\/\/rutagaudiriudoms.cat\/ca\/plafo-09\/","og_locale":"es_ES","og_type":"article","og_title":"Plaf\u00f3n 09 - Gaud\u00ed y el espacio | Ruta Riudoms Gaud\u00ed","og_url":"https:\/\/rutagaudiriudoms.cat\/ca\/plafo-09\/","og_site_name":"Ruta Riudoms Gaud\u00ed","article_modified_time":"2022-08-03T12:32:08+00:00","og_image":[{"url":"https:\/\/rutagaudiriudoms.cat\/wp-content\/uploads\/2019\/04\/Mesa-de-trabajo-9.png","type":"","width":"","height":""}],"twitter_card":"summary_large_image","twitter_misc":{"Est. reading time":"3 minutes"},"schema":{"@context":"https:\/\/schema.org","@graph":[{"@type":"WebPage","@id":"https:\/\/rutagaudiriudoms.cat\/ca\/plafo-09\/","url":"https:\/\/rutagaudiriudoms.cat\/ca\/plafo-09\/","name":"Plaf\u00f3n 09 - Gaud\u00ed y el espacio | Ruta Riudoms Gaud\u00ed","isPartOf":{"@id":"https:\/\/rutagaudiriudoms.cat\/#website"},"primaryImageOfPage":{"@id":"https:\/\/rutagaudiriudoms.cat\/ca\/plafo-09\/#primaryimage"},"image":{"@id":"https:\/\/rutagaudiriudoms.cat\/ca\/plafo-09\/#primaryimage"},"thumbnailUrl":"https:\/\/rutagaudiriudoms.cat\/wp-content\/uploads\/2019\/04\/Mesa-de-trabajo-9.png","datePublished":"2019-02-12T11:07:39+00:00","dateModified":"2022-08-03T12:32:08+00:00","breadcrumb":{"@id":"https:\/\/rutagaudiriudoms.cat\/ca\/plafo-09\/#breadcrumb"},"inLanguage":"es-ES","potentialAction":[{"@type":"ReadAction","target":["https:\/\/rutagaudiriudoms.cat\/ca\/plafo-09\/"]}]},{"@type":"ImageObject","inLanguage":"es-ES","@id":"https:\/\/rutagaudiriudoms.cat\/ca\/plafo-09\/#primaryimage","url":"https:\/\/rutagaudiriudoms.cat\/wp-content\/uploads\/2019\/04\/Mesa-de-trabajo-9.png","contentUrl":"https:\/\/rutagaudiriudoms.cat\/wp-content\/uploads\/2019\/04\/Mesa-de-trabajo-9.png"},{"@type":"BreadcrumbList","@id":"https:\/\/rutagaudiriudoms.cat\/ca\/plafo-09\/#breadcrumb","itemListElement":[{"@type":"ListItem","position":1,"name":"Inici","item":"https:\/\/rutagaudiriudoms.cat\/"},{"@type":"ListItem","position":2,"name":"Inici","item":"https:\/\/rutagaudiriudoms.cat\/"},{"@type":"ListItem","position":3,"name":"Plaf\u00f3 09 &#8211; Gaud\u00ed i l\u2019espai"}]},{"@type":"WebSite","@id":"https:\/\/rutagaudiriudoms.cat\/#website","url":"https:\/\/rutagaudiriudoms.cat\/","name":"Ruta Riudoms Gaud\u00ed","description":"Espai a internet de la ruta de Gaud\u00ed a Riudoms","publisher":{"@id":"https:\/\/rutagaudiriudoms.cat\/#organization"},"potentialAction":[{"@type":"SearchAction","target":{"@type":"EntryPoint","urlTemplate":"https:\/\/rutagaudiriudoms.cat\/?s={search_term_string}"},"query-input":{"@type":"PropertyValueSpecification","valueRequired":true,"valueName":"search_term_string"}}],"inLanguage":"es-ES"},{"@type":"Organization","@id":"https:\/\/rutagaudiriudoms.cat\/#organization","name":"Ruta Riudoms Gaud\u00ed","url":"https:\/\/rutagaudiriudoms.cat\/","logo":{"@type":"ImageObject","inLanguage":"es-ES","@id":"https:\/\/rutagaudiriudoms.cat\/#\/schema\/logo\/image\/","url":"https:\/\/rutagaudiriudoms.cat\/wp-content\/uploads\/2019\/04\/rgr-logo-002-101.png","contentUrl":"https:\/\/rutagaudiriudoms.cat\/wp-content\/uploads\/2019\/04\/rgr-logo-002-101.png","width":101,"height":60,"caption":"Ruta Riudoms Gaud\u00ed"},"image":{"@id":"https:\/\/rutagaudiriudoms.cat\/#\/schema\/logo\/image\/"}}]}},"_links":{"self":[{"href":"https:\/\/rutagaudiriudoms.cat\/es\/wp-json\/wp\/v2\/pages\/3386","targetHints":{"allow":["GET"]}}],"collection":[{"href":"https:\/\/rutagaudiriudoms.cat\/es\/wp-json\/wp\/v2\/pages"}],"about":[{"href":"https:\/\/rutagaudiriudoms.cat\/es\/wp-json\/wp\/v2\/types\/page"}],"author":[{"embeddable":true,"href":"https:\/\/rutagaudiriudoms.cat\/es\/wp-json\/wp\/v2\/users\/1"}],"replies":[{"embeddable":true,"href":"https:\/\/rutagaudiriudoms.cat\/es\/wp-json\/wp\/v2\/comments?post=3386"}],"version-history":[{"count":0,"href":"https:\/\/rutagaudiriudoms.cat\/es\/wp-json\/wp\/v2\/pages\/3386\/revisions"}],"up":[{"embeddable":true,"href":"https:\/\/rutagaudiriudoms.cat\/es\/wp-json\/wp\/v2\/pages\/8"}],"wp:attachment":[{"href":"https:\/\/rutagaudiriudoms.cat\/es\/wp-json\/wp\/v2\/media?parent=3386"}],"curies":[{"name":"wp","href":"https:\/\/api.w.org\/{rel}","templated":true}]}}