{"id":3377,"date":"2019-02-12T13:02:07","date_gmt":"2019-02-12T11:02:07","guid":{"rendered":"http:\/\/tgd.info\/riudoms\/?page_id=3377"},"modified":"2022-08-03T14:18:01","modified_gmt":"2022-08-03T12:18:01","slug":"plafo-05","status":"publish","type":"page","link":"https:\/\/rutagaudiriudoms.cat\/es\/ca\/plafo-05\/","title":{"rendered":"Plaf\u00f3n 05 &#8211; \u00a1Para mi pueblo todo!"},"content":{"rendered":"<p>[vc_section css=&#8221;.vc_custom_1548946330315{padding-top: 80px !important;}&#8221;][vc_row css=&#8221;.vc_custom_1548862315669{margin-bottom: 0px !important;}&#8221;][vc_column][vc_column_text el_class=&#8221;numPlafo&#8221;]<\/p>\n<table style=\"width: 100%; border: 0px solid white;\">\n<tbody>\n<tr style=\"border: 0px solid white;\">\n<td style=\"min-width: 102px; padding: 0px;\"><img loading=\"lazy\" decoding=\"async\" class=\"aligncenter wp-image-3498 size-full\" src=\"https:\/\/rutagaudiriudoms.cat\/wp-content\/uploads\/2019\/04\/Mesa-de-trabajo-5.png\" alt=\"\" width=\"101\" height=\"100\" \/><\/td>\n<td style=\"width: 100%; text-align: left;\"><strong>Plaf\u00f3n 5\u00a0<\/strong><\/td>\n<\/tr>\n<\/tbody>\n<\/table>\n<p>[\/vc_column_text][\/vc_column][\/vc_row][vc_row css=&#8221;.vc_custom_1548862319912{margin-top: 0px !important;}&#8221;][vc_column width=&#8221;1\/12&#8243;][\/vc_column][vc_column width=&#8221;5\/6&#8243;]<div class=\"wpb_content_element  vc_custom_1658836675178\"><style type=\"text\/css\" scoped>#ut_header_69d026c3bc1c7 h2 span { color:; }<\/style><header id=\"ut_header_69d026c3bc1c7\" class=\"section-header pt-style-7 header-center\"><h2  class=\"section-title \"><span>``\u00a1Para mi pueblo todo!``<\/span><\/h2><div data-delay=\"0\" class=\"lead \"><p>Antoni Gaud\u00ed<\/p>\n<\/div><\/header><\/div>[vc_empty_space height=&#8221;30px&#8221;]<div  class=\"wpb_content_element   clearfix\"><style type=\"text\/css\" scoped>#ut_am_69d026c3bcb10 { opacity: 1; }<\/style><div id=\"ut_am_wrap_69d026c3bcb12\" class=\"ut-image-gallery-image \" style=\"text-align:center;\"><div class=\"ut-animated-image-item ut-image-gallery-item ut-animation-done\"><a data-exthumbimage=\"https:\/\/rutagaudiriudoms.cat\/wp-content\/uploads\/2019\/04\/rgr-escut-riudoms-960-150x150.jpg\" href=\"https:\/\/rutagaudiriudoms.cat\/wp-content\/uploads\/2019\/04\/rgr-escut-riudoms-960.jpg\" class=\"ut-vc-images-lightbox\"><img loading=\"lazy\" decoding=\"async\" title=\"rgr-escut-riudoms-960\" id=\"ut_am_69d026c3bcb10\" style=\"\" src=\"https:\/\/rutagaudiriudoms.cat\/wp-content\/uploads\/2019\/04\/rgr-escut-riudoms-960.jpg\" width=\"960\" height=\"657\" alt=\"Escut de Riudoms\"\/><\/a><\/div><\/div><\/div>[vc_message message_box_color=&#8221;white&#8221; icon_fontawesome=&#8221;fa fa-comment-o&#8221; el_class=&#8221;destacat_plafo&#8221;]El de Riudoms es un escudo hablado en el que hay representados un rio y dos olmos.[\/vc_message]<div  class=\"wpb_content_element   clearfix\"><style type=\"text\/css\" scoped>#ut_am_69d026c3bd200 { opacity: 1; }#ut_am_wrap_69d026c3bd202 .ut-gallery-slider-caption { font-weight: normal; }<\/style><div id=\"ut_am_wrap_69d026c3bd202\" class=\"ut-image-gallery-image \" style=\"text-align:center;\"><div class=\"ut-animated-image-item ut-image-gallery-item ut-animation-done\"><a data-exthumbimage=\"https:\/\/rutagaudiriudoms.cat\/wp-content\/uploads\/2019\/04\/rgr-postal-placa-960-150x150.jpg\" href=\"https:\/\/rutagaudiriudoms.cat\/wp-content\/uploads\/2019\/04\/rgr-postal-placa-960.jpg\" class=\"ut-vc-images-lightbox\"><img loading=\"lazy\" decoding=\"async\" title=\"rgr-postal-placa-960\" id=\"ut_am_69d026c3bd200\" style=\"\" src=\"https:\/\/rutagaudiriudoms.cat\/wp-content\/uploads\/2019\/04\/rgr-postal-placa-960.jpg\" width=\"960\" height=\"605\" alt=\"La Pla\u00e7a de l\u2019Esgl\u00e9sia\"\/><\/a><div class=\"ut-gallery-slider-caption\">La Pla\u00e7a de l\u2019Esgl\u00e9sia<\/div><\/div><\/div><\/div><div  class=\"wpb_content_element   clearfix\"><style type=\"text\/css\" scoped>#ut_am_69d026c3bd9a5 { opacity: 1; }#ut_am_wrap_69d026c3bd9a6 .ut-gallery-slider-caption { font-weight: normal; }<\/style><div id=\"ut_am_wrap_69d026c3bd9a6\" class=\"ut-image-gallery-image \" style=\"text-align:center;\"><div class=\"ut-animated-image-item ut-image-gallery-item ut-animation-done\"><a data-exthumbimage=\"https:\/\/rutagaudiriudoms.cat\/wp-content\/uploads\/2019\/04\/rgr-postal-placa-om-960-150x150.jpg\" href=\"https:\/\/rutagaudiriudoms.cat\/wp-content\/uploads\/2019\/04\/rgr-postal-placa-om-960.jpg\" class=\"ut-vc-images-lightbox\"><img loading=\"lazy\" decoding=\"async\" title=\"rgr-postal-placa-om-960\" id=\"ut_am_69d026c3bd9a5\" style=\"\" src=\"https:\/\/rutagaudiriudoms.cat\/wp-content\/uploads\/2019\/04\/rgr-postal-placa-om-960.jpg\" width=\"960\" height=\"617\" alt=\"La Pla\u00e7a de l\u2019Om.\"\/><\/a><div class=\"ut-gallery-slider-caption\">La Pla\u00e7a de l\u2019Om.<\/div><\/div><\/div><\/div>[vc_message message_box_color=&#8221;white&#8221; icon_fontawesome=&#8221;fa fa-comment-o&#8221; el_class=&#8221;destacat_plafo&#8221;]Gaud\u00ed ven\u00eda a Riudoms a deleitarse de la naturaleza y del campo, a charlar con los amigos de la infancia, que se maravillaban de escucharlo contando an\u00e9cdotas de la gran capital. Cuando un grupo de j\u00f3venes lo fue a visitar para agradecerle la donaci\u00f3n de una finca para la construcci\u00f3n del primer campo de futbol de Riudoms, <strong>Gaud\u00ed les contest\u00f3: \u00a1Para mi pueblo todo!<\/strong>.[\/vc_message][vc_column_text]<\/p>\n<h4>Riudoms, el pueblo de Gaud\u00ed<\/h4>\n<p>Riudoms es un pueblo agr\u00edcola del Camp de Tarragona, arraigado a sus or\u00edgenes ancestrales. Todas las culturas de la historia han dejado su huella. El t\u00e9rmino de Riudoms es rico en yacimientos ib\u00e9ricos, romanos y visigodos.<\/p>\n<p>En el siglo XII Robert de Aguil\u00f3 entrega Riudoms al caballero Arnau de Palomar, y el pueblo pasa a la sede arzobispal de Tarragona.<\/p>\n<p>En el siglo XIII se constru\u00eda la primitiva iglesia de Sant Jaume. En el siglo XVI se adob\u00f3 la muralla y se construy\u00f3 el convento franciscano de Sant Joan.<br \/>\n[\/vc_column_text][vc_message message_box_color=&#8221;white&#8221; icon_fontawesome=&#8221;fa fa-comment-o&#8221; el_class=&#8221;destacat_plafo&#8221;]Los Gaud\u00ed, como otros occitanos, llegan a Riudoms el siglo XVII atra\u00eddos por la importante actividad industrial. El 1737 en Riudoms hab\u00eda 16 ollas de aguardiente y el 1751 Riudoms pagaba 3.102 libras por impuestos sobre esta actividad, detr\u00e1s de Reus, Vila-seca y Valls.[\/vc_message][vc_column_text]La Iglesia de Sant Jaume consta de una nave central muy ancha y con una altura impresionante. Se iniciaron las obras el 1593 bajo la direcci\u00f3n del maestro franc\u00e9s Joan Mas y se inaugur\u00f3 el 1617. A finales del siglo XIX, aniquiladas las vi\u00f1as por la filoxera, empieza a proliferar el cultivo del avellano. Actualmente Riudoms es un pueblo predominantemente agr\u00edcola. La construcci\u00f3n del embalse de Riudecanyes propicio los cultivos de regad\u00edo.<\/p>\n<p>En la actualidad se celebran una serie de fiestas locales, entre las que destacan la Feria de la Avellana. Aunque su origen est\u00e1 datado el 1599, es a partir de 1981 cuando se dedica especialmente a la avellana y a otros productos agr\u00edcolas como el aceite.[\/vc_column_text][vc_column_text]<\/p>\n<h4>Fiestas y tradiciones<\/h4>\n<p>[\/vc_column_text]<div  class=\"wpb_content_element   clearfix\"><style type=\"text\/css\" scoped>#ut_am_69d026c3bdfbe { opacity: 1; }<\/style><div id=\"ut_am_wrap_69d026c3bdfc0\" class=\"ut-image-gallery-image \" style=\"text-align:center;\"><div class=\"ut-animated-image-item ut-image-gallery-item ut-animation-done\"><a data-exthumbimage=\"https:\/\/rutagaudiriudoms.cat\/wp-content\/uploads\/2019\/04\/rgr-festes-960-150x150.jpg\" href=\"https:\/\/rutagaudiriudoms.cat\/wp-content\/uploads\/2019\/04\/rgr-festes-960.jpg\" class=\"ut-vc-images-lightbox\"><img loading=\"lazy\" decoding=\"async\" title=\"rgr-festes-960\" id=\"ut_am_69d026c3bdfbe\" style=\"\" src=\"https:\/\/rutagaudiriudoms.cat\/wp-content\/uploads\/2019\/04\/rgr-festes-960.jpg\" width=\"960\" height=\"573\" alt=\"Gegants, bestiari popular i deguici de Riudoms\"\/><\/a><\/div><\/div><\/div>[vc_column_text el_class=&#8221;zona_dest&#8221;]<strong>San Sebasti\u00e0<\/strong> <em>(20 de enero)<\/em>. Fiesta Mayor de invierno.<\/p>\n<p><strong>Semana Santa<\/strong> <em>(marzo o abril)<\/em>. Se representan los \u201cCuadros de la pasi\u00f3n de Jes\u00fas\u201d, siete momentos de los \u00faltimos d\u00edas de Cristo. Viernes Santo escenifica la Agonia o las Siete Palabras y sale la procesi\u00f3n del Santo Entierro.<\/p>\n<p><strong>Fiesta de les Reliquias<\/strong> <em>(segundo domingo de mayo)<\/em>. ). Nacida de una rogativa que el pueblo hizo a ra\u00edz de una sequ\u00eda del siglo XVII.<\/p>\n<p><strong>Fiesta de los barrios<\/strong> <em>(primer fin de semana del mes de julio)<\/em>. Las vecinas y vecinos de cada barrio se disfrazan y desfilan con su carroza. El heredero y la heredera son elegidos entre los candidatos que presenta cada barrio.<\/p>\n<p><strong>San Jaime<\/strong> <em>(25 de julio)<\/em>. Fiesta Mayor de verano.<\/p>\n<p><strong>Feria de la Avellana<\/strong> <em>(segundo fin de semana de agosto)<\/em>. Tiene su origen en la Feria de San Lorenzo, que data del 1559. Actualmente es una feria agr\u00edcola dedicada a la promoci\u00f3n de la avellana y de productos de la tierra.<\/p>\n<p><strong>Fiesta del Beato<\/strong> <em>(24 de noviembre)<\/em>. Fiesta religiosa y l\u00fadica dedicada al beato Bonaventura Gran. Cada cinco a\u00f1os se celebran las Quinquenales, en las que se engalanan las calles con decoraciones florales.[\/vc_column_text][\/vc_column][vc_column width=&#8221;1\/12&#8243;][\/vc_column][\/vc_row][\/vc_section][vc_section css=&#8221;.vc_custom_1555399027083{background-color: #f6efe5 !important;}&#8221;][vc_row][vc_column width=&#8221;1\/12&#8243;][\/vc_column][vc_column width=&#8221;5\/6&#8243;]<div  class=\"wpb_content_element   clearfix\"><style type=\"text\/css\" scoped>#ut_am_69d026c3be4f9 { opacity: 1; }<\/style><div id=\"ut_am_wrap_69d026c3be4fb\" class=\"ut-image-gallery-image \" style=\"text-align:center;\"><div class=\"ut-animated-image-item ut-image-gallery-item ut-animation-done\"><a class=\"ut-deactivated-link\" href=\"#\"><img loading=\"lazy\" decoding=\"async\" title=\"rgr-numeral5-133\" id=\"ut_am_69d026c3be4f9\" style=\"\" src=\"https:\/\/rutagaudiriudoms.cat\/wp-content\/uploads\/2019\/06\/rgr-numeral5-133.png\" width=\"133\" height=\"53\" alt=\"5 de 12\"\/><\/a><\/div><\/div><\/div><div class=\"wpb_content_element \"><style type=\"text\/css\" scoped>#ut_header_69d026c3be532 h2 span { color:#33a79b; }#ut_header_69d026c3be532 h2.section-title { font-size: 24px; }<\/style><header id=\"ut_header_69d026c3be532\" class=\"section-header pt-style-7 header-center\"><h2  class=\"section-title \"><span>Genios de Riudoms <\/span><\/h2><\/header><\/div>[vc_row_inner][vc_column_inner width=&#8221;2\/12&#8243;]<div  class=\"wpb_content_element   clearfix\"><style type=\"text\/css\" scoped>#ut_am_69d026c3be984 { opacity: 1; }<\/style><div id=\"ut_am_wrap_69d026c3be985\" class=\"ut-image-gallery-image \" style=\"text-align:center;\"><div class=\"ut-animated-image-item ut-image-gallery-item ut-animation-done\"><a class=\"ut-deactivated-link\" href=\"#\"><img loading=\"lazy\" decoding=\"async\" title=\"rgr-gaudi-perfil-203\" id=\"ut_am_69d026c3be984\" style=\"\" src=\"https:\/\/rutagaudiriudoms.cat\/wp-content\/uploads\/2019\/04\/rgr-gaudi-perfil-203.png\" width=\"203\" height=\"205\" alt=\"Perfil de Gaud\u00ed\"\/><\/a><\/div><\/div><\/div>[\/vc_column_inner][vc_column_inner width=&#8221;4\/12&#8243;][vc_column_text el_class=&#8221;zona_dest&#8221;]<strong>Antoni Gaud\u00ed i Cornet <\/strong><br \/>\n<em>(Riudoms, 25 de junio de 1852 &#8211; Barcelona, 10 de junio de 1926)<\/em><\/p>\n<p>Arquitecto catal\u00e1n reconocido internacionalmente como uno de los grandes arquitectos de todos los tiempos. Curs\u00f3 los estudios de arquitectura en Barcelona (1873-1878). Su primera obra fue la Casa Vicens, en Barcelona, y la \u00faltima, la Sagrada Fam\u00edlia.[\/vc_column_text][\/vc_column_inner][vc_column_inner width=&#8221;2\/12&#8243;]<div  class=\"wpb_content_element   clearfix\"><style type=\"text\/css\" scoped>#ut_am_69d026c3bedeb { opacity: 1; }<\/style><div id=\"ut_am_wrap_69d026c3bedec\" class=\"ut-image-gallery-image \" style=\"text-align:center;\"><div class=\"ut-animated-image-item ut-image-gallery-item ut-animation-done\"><a class=\"ut-deactivated-link\" href=\"#\"><img loading=\"lazy\" decoding=\"async\" title=\"rgr-guinjoan-perfil-203\" id=\"ut_am_69d026c3bedeb\" style=\"\" src=\"https:\/\/rutagaudiriudoms.cat\/wp-content\/uploads\/2019\/04\/rgr-guinjoan-perfil-203.png\" width=\"203\" height=\"205\" alt=\"Perfil de Guinjoan\"\/><\/a><\/div><\/div><\/div>[\/vc_column_inner][vc_column_inner width=&#8221;4\/12&#8243;][vc_column_text el_class=&#8221;zona_dest&#8221;]<strong>Joan Guinjoan i Gispert <\/strong><br \/>\n<em>(Riudoms, 1931 &#8211; Barcelona, 2019) <\/em><\/p>\n<p>Compositor y pianista. Estudi\u00f3 en Barcelona y en Par\u00eds. Miembro de la Real Academia Catalana de Bellas Artes. Doctor Honoris Causa por la URV. Premio Nacional de M\u00fasica. En 2004 estren\u00f3 en el Gran Teatro del Liceu la \u00f3pera <em>Gaud\u00ed<\/em>, en honor a su vecino de aldea.[\/vc_column_text][\/vc_column_inner][\/vc_row_inner][\/vc_column][vc_column width=&#8221;1\/12&#8243;][\/vc_column][\/vc_row][\/vc_section]<\/p>\n","protected":false},"excerpt":{"rendered":"<p>[vc_section css=&#8221;.vc_custom_1548946330315{padding-top: 80px !important;}&#8221;][vc_row css=&#8221;.vc_custom_1548862315669{margin-bottom: 0px !important;}&#8221;][vc_column][vc_column_text el_class=&#8221;numPlafo&#8221;] Plaf\u00f3n 5\u00a0 [\/vc_column_text][\/vc_column][\/vc_row][vc_row css=&#8221;.vc_custom_1548862319912{margin-top: 0px !important;}&#8221;][vc_column width=&#8221;1\/12&#8243;][\/vc_column][vc_column width=&#8221;5\/6&#8243;][vc_empty_space height=&#8221;30px&#8221;][vc_message message_box_color=&#8221;white&#8221; icon_fontawesome=&#8221;fa fa-comment-o&#8221; el_class=&#8221;destacat_plafo&#8221;]El de Riudoms es un escudo hablado en el que hay representados un rio y dos olmos.[\/vc_message][vc_message message_box_color=&#8221;white&#8221; icon_fontawesome=&#8221;fa fa-comment-o&#8221; el_class=&#8221;destacat_plafo&#8221;]Gaud\u00ed ven\u00eda a Riudoms a deleitarse de la naturaleza y del campo, a charlar con [&hellip;]<\/p>\n","protected":false},"author":1,"featured_media":0,"parent":8,"menu_order":0,"comment_status":"closed","ping_status":"closed","template":"","meta":{"footnotes":""},"class_list":["post-3377","page","type-page","status-publish","hentry"],"translation":{"provider":"WPGlobus","version":"3.0.2","language":"es","enabled_languages":["at","es","en","fr"],"languages":{"at":{"title":true,"content":true,"excerpt":false},"es":{"title":true,"content":true,"excerpt":false},"en":{"title":true,"content":true,"excerpt":false},"fr":{"title":true,"content":true,"excerpt":false}}},"yoast_head":"<!-- This site is optimized with the Yoast SEO plugin v24.1 - https:\/\/yoast.com\/wordpress\/plugins\/seo\/ -->\n<title>Plaf\u00f3n 05 - \u00a1Para mi pueblo todo! | Ruta Riudoms Gaud\u00ed<\/title>\n<meta name=\"robots\" content=\"index, follow, max-snippet:-1, max-image-preview:large, max-video-preview:-1\" \/>\n<link rel=\"canonical\" href=\"https:\/\/rutagaudiriudoms.cat\/ca\/plafo-05\/\" \/>\n<meta property=\"og:locale\" content=\"es_ES\" \/>\n<meta property=\"og:type\" content=\"article\" \/>\n<meta property=\"og:title\" content=\"Plaf\u00f3n 05 - \u00a1Para mi pueblo todo! | Ruta Riudoms Gaud\u00ed\" \/>\n<meta property=\"og:url\" content=\"https:\/\/rutagaudiriudoms.cat\/ca\/plafo-05\/\" \/>\n<meta property=\"og:site_name\" content=\"Ruta Riudoms Gaud\u00ed\" \/>\n<meta property=\"article:modified_time\" content=\"2022-08-03T12:18:01+00:00\" \/>\n<meta property=\"og:image\" content=\"https:\/\/rutagaudiriudoms.cat\/wp-content\/uploads\/2019\/04\/Mesa-de-trabajo-5.png\" \/>\n<meta name=\"twitter:card\" content=\"summary_large_image\" \/>\n<meta name=\"twitter:label1\" content=\"Est. reading time\" \/>\n\t<meta name=\"twitter:data1\" content=\"5 minutes\" \/>\n<script type=\"application\/ld+json\" class=\"yoast-schema-graph\">{\"@context\":\"https:\/\/schema.org\",\"@graph\":[{\"@type\":\"WebPage\",\"@id\":\"https:\/\/rutagaudiriudoms.cat\/ca\/plafo-05\/\",\"url\":\"https:\/\/rutagaudiriudoms.cat\/ca\/plafo-05\/\",\"name\":\"Plaf\u00f3n 05 - \u00a1Para mi pueblo todo! | Ruta Riudoms Gaud\u00ed\",\"isPartOf\":{\"@id\":\"https:\/\/rutagaudiriudoms.cat\/#website\"},\"primaryImageOfPage\":{\"@id\":\"https:\/\/rutagaudiriudoms.cat\/ca\/plafo-05\/#primaryimage\"},\"image\":{\"@id\":\"https:\/\/rutagaudiriudoms.cat\/ca\/plafo-05\/#primaryimage\"},\"thumbnailUrl\":\"https:\/\/rutagaudiriudoms.cat\/wp-content\/uploads\/2019\/04\/Mesa-de-trabajo-5.png\",\"datePublished\":\"2019-02-12T11:02:07+00:00\",\"dateModified\":\"2022-08-03T12:18:01+00:00\",\"breadcrumb\":{\"@id\":\"https:\/\/rutagaudiriudoms.cat\/ca\/plafo-05\/#breadcrumb\"},\"inLanguage\":\"es-ES\",\"potentialAction\":[{\"@type\":\"ReadAction\",\"target\":[\"https:\/\/rutagaudiriudoms.cat\/ca\/plafo-05\/\"]}]},{\"@type\":\"ImageObject\",\"inLanguage\":\"es-ES\",\"@id\":\"https:\/\/rutagaudiriudoms.cat\/ca\/plafo-05\/#primaryimage\",\"url\":\"https:\/\/rutagaudiriudoms.cat\/wp-content\/uploads\/2019\/04\/Mesa-de-trabajo-5.png\",\"contentUrl\":\"https:\/\/rutagaudiriudoms.cat\/wp-content\/uploads\/2019\/04\/Mesa-de-trabajo-5.png\"},{\"@type\":\"BreadcrumbList\",\"@id\":\"https:\/\/rutagaudiriudoms.cat\/ca\/plafo-05\/#breadcrumb\",\"itemListElement\":[{\"@type\":\"ListItem\",\"position\":1,\"name\":\"Inici\",\"item\":\"https:\/\/rutagaudiriudoms.cat\/\"},{\"@type\":\"ListItem\",\"position\":2,\"name\":\"Inici\",\"item\":\"https:\/\/rutagaudiriudoms.cat\/\"},{\"@type\":\"ListItem\",\"position\":3,\"name\":\"Plaf\u00f3 05 &#8211; Per al meu poble, tot!\"}]},{\"@type\":\"WebSite\",\"@id\":\"https:\/\/rutagaudiriudoms.cat\/#website\",\"url\":\"https:\/\/rutagaudiriudoms.cat\/\",\"name\":\"Ruta Riudoms Gaud\u00ed\",\"description\":\"Espai a internet de la ruta de Gaud\u00ed a Riudoms\",\"publisher\":{\"@id\":\"https:\/\/rutagaudiriudoms.cat\/#organization\"},\"potentialAction\":[{\"@type\":\"SearchAction\",\"target\":{\"@type\":\"EntryPoint\",\"urlTemplate\":\"https:\/\/rutagaudiriudoms.cat\/?s={search_term_string}\"},\"query-input\":{\"@type\":\"PropertyValueSpecification\",\"valueRequired\":true,\"valueName\":\"search_term_string\"}}],\"inLanguage\":\"es-ES\"},{\"@type\":\"Organization\",\"@id\":\"https:\/\/rutagaudiriudoms.cat\/#organization\",\"name\":\"Ruta Riudoms Gaud\u00ed\",\"url\":\"https:\/\/rutagaudiriudoms.cat\/\",\"logo\":{\"@type\":\"ImageObject\",\"inLanguage\":\"es-ES\",\"@id\":\"https:\/\/rutagaudiriudoms.cat\/#\/schema\/logo\/image\/\",\"url\":\"https:\/\/rutagaudiriudoms.cat\/wp-content\/uploads\/2019\/04\/rgr-logo-002-101.png\",\"contentUrl\":\"https:\/\/rutagaudiriudoms.cat\/wp-content\/uploads\/2019\/04\/rgr-logo-002-101.png\",\"width\":101,\"height\":60,\"caption\":\"Ruta Riudoms Gaud\u00ed\"},\"image\":{\"@id\":\"https:\/\/rutagaudiriudoms.cat\/#\/schema\/logo\/image\/\"}}]}<\/script>\n<!-- \/ Yoast SEO plugin. -->","yoast_head_json":{"title":"Plaf\u00f3n 05 - \u00a1Para mi pueblo todo! | Ruta Riudoms Gaud\u00ed","robots":{"index":"index","follow":"follow","max-snippet":"max-snippet:-1","max-image-preview":"max-image-preview:large","max-video-preview":"max-video-preview:-1"},"canonical":"https:\/\/rutagaudiriudoms.cat\/ca\/plafo-05\/","og_locale":"es_ES","og_type":"article","og_title":"Plaf\u00f3n 05 - \u00a1Para mi pueblo todo! | Ruta Riudoms Gaud\u00ed","og_url":"https:\/\/rutagaudiriudoms.cat\/ca\/plafo-05\/","og_site_name":"Ruta Riudoms Gaud\u00ed","article_modified_time":"2022-08-03T12:18:01+00:00","og_image":[{"url":"https:\/\/rutagaudiriudoms.cat\/wp-content\/uploads\/2019\/04\/Mesa-de-trabajo-5.png","type":"","width":"","height":""}],"twitter_card":"summary_large_image","twitter_misc":{"Est. reading time":"5 minutes"},"schema":{"@context":"https:\/\/schema.org","@graph":[{"@type":"WebPage","@id":"https:\/\/rutagaudiriudoms.cat\/ca\/plafo-05\/","url":"https:\/\/rutagaudiriudoms.cat\/ca\/plafo-05\/","name":"Plaf\u00f3n 05 - \u00a1Para mi pueblo todo! | Ruta Riudoms Gaud\u00ed","isPartOf":{"@id":"https:\/\/rutagaudiriudoms.cat\/#website"},"primaryImageOfPage":{"@id":"https:\/\/rutagaudiriudoms.cat\/ca\/plafo-05\/#primaryimage"},"image":{"@id":"https:\/\/rutagaudiriudoms.cat\/ca\/plafo-05\/#primaryimage"},"thumbnailUrl":"https:\/\/rutagaudiriudoms.cat\/wp-content\/uploads\/2019\/04\/Mesa-de-trabajo-5.png","datePublished":"2019-02-12T11:02:07+00:00","dateModified":"2022-08-03T12:18:01+00:00","breadcrumb":{"@id":"https:\/\/rutagaudiriudoms.cat\/ca\/plafo-05\/#breadcrumb"},"inLanguage":"es-ES","potentialAction":[{"@type":"ReadAction","target":["https:\/\/rutagaudiriudoms.cat\/ca\/plafo-05\/"]}]},{"@type":"ImageObject","inLanguage":"es-ES","@id":"https:\/\/rutagaudiriudoms.cat\/ca\/plafo-05\/#primaryimage","url":"https:\/\/rutagaudiriudoms.cat\/wp-content\/uploads\/2019\/04\/Mesa-de-trabajo-5.png","contentUrl":"https:\/\/rutagaudiriudoms.cat\/wp-content\/uploads\/2019\/04\/Mesa-de-trabajo-5.png"},{"@type":"BreadcrumbList","@id":"https:\/\/rutagaudiriudoms.cat\/ca\/plafo-05\/#breadcrumb","itemListElement":[{"@type":"ListItem","position":1,"name":"Inici","item":"https:\/\/rutagaudiriudoms.cat\/"},{"@type":"ListItem","position":2,"name":"Inici","item":"https:\/\/rutagaudiriudoms.cat\/"},{"@type":"ListItem","position":3,"name":"Plaf\u00f3 05 &#8211; Per al meu poble, tot!"}]},{"@type":"WebSite","@id":"https:\/\/rutagaudiriudoms.cat\/#website","url":"https:\/\/rutagaudiriudoms.cat\/","name":"Ruta Riudoms Gaud\u00ed","description":"Espai a internet de la ruta de Gaud\u00ed a Riudoms","publisher":{"@id":"https:\/\/rutagaudiriudoms.cat\/#organization"},"potentialAction":[{"@type":"SearchAction","target":{"@type":"EntryPoint","urlTemplate":"https:\/\/rutagaudiriudoms.cat\/?s={search_term_string}"},"query-input":{"@type":"PropertyValueSpecification","valueRequired":true,"valueName":"search_term_string"}}],"inLanguage":"es-ES"},{"@type":"Organization","@id":"https:\/\/rutagaudiriudoms.cat\/#organization","name":"Ruta Riudoms Gaud\u00ed","url":"https:\/\/rutagaudiriudoms.cat\/","logo":{"@type":"ImageObject","inLanguage":"es-ES","@id":"https:\/\/rutagaudiriudoms.cat\/#\/schema\/logo\/image\/","url":"https:\/\/rutagaudiriudoms.cat\/wp-content\/uploads\/2019\/04\/rgr-logo-002-101.png","contentUrl":"https:\/\/rutagaudiriudoms.cat\/wp-content\/uploads\/2019\/04\/rgr-logo-002-101.png","width":101,"height":60,"caption":"Ruta Riudoms Gaud\u00ed"},"image":{"@id":"https:\/\/rutagaudiriudoms.cat\/#\/schema\/logo\/image\/"}}]}},"_links":{"self":[{"href":"https:\/\/rutagaudiriudoms.cat\/es\/wp-json\/wp\/v2\/pages\/3377","targetHints":{"allow":["GET"]}}],"collection":[{"href":"https:\/\/rutagaudiriudoms.cat\/es\/wp-json\/wp\/v2\/pages"}],"about":[{"href":"https:\/\/rutagaudiriudoms.cat\/es\/wp-json\/wp\/v2\/types\/page"}],"author":[{"embeddable":true,"href":"https:\/\/rutagaudiriudoms.cat\/es\/wp-json\/wp\/v2\/users\/1"}],"replies":[{"embeddable":true,"href":"https:\/\/rutagaudiriudoms.cat\/es\/wp-json\/wp\/v2\/comments?post=3377"}],"version-history":[{"count":0,"href":"https:\/\/rutagaudiriudoms.cat\/es\/wp-json\/wp\/v2\/pages\/3377\/revisions"}],"up":[{"embeddable":true,"href":"https:\/\/rutagaudiriudoms.cat\/es\/wp-json\/wp\/v2\/pages\/8"}],"wp:attachment":[{"href":"https:\/\/rutagaudiriudoms.cat\/es\/wp-json\/wp\/v2\/media?parent=3377"}],"curies":[{"name":"wp","href":"https:\/\/api.w.org\/{rel}","templated":true}]}}