{"id":3162,"date":"2019-01-31T09:54:34","date_gmt":"2019-01-31T07:54:34","guid":{"rendered":"http:\/\/tgd.info\/riudoms\/?page_id=3162"},"modified":"2022-08-03T13:38:39","modified_gmt":"2022-08-03T11:38:39","slug":"plafo-02","status":"publish","type":"page","link":"https:\/\/rutagaudiriudoms.cat\/es\/ca\/plafo-02\/","title":{"rendered":"Plaf\u00f3n 02 &#8211; El volumen en Gaud\u00ed"},"content":{"rendered":"<p>[vc_section css=&#8221;.vc_custom_1548946330315{padding-top: 80px !important;}&#8221;][vc_row css=&#8221;.vc_custom_1548862315669{margin-bottom: 0px !important;}&#8221;][vc_column][vc_column_text el_class=&#8221;numPlafo&#8221;]<\/p>\n<table style=\"width: 100%; border: 0px solid white;\">\n<tbody>\n<tr style=\"border: 0px solid white;\">\n<td style=\"min-width: 102px; padding: 0px;\"><img loading=\"lazy\" decoding=\"async\" class=\"aligncenter wp-image-3498 size-full\" src=\"https:\/\/rutagaudiriudoms.cat\/wp-content\/uploads\/2019\/04\/Mesa-de-trabajo-2.png\" alt=\"\" width=\"101\" height=\"100\" \/><\/td>\n<td style=\"width: 100%; text-align: left;\"><strong>Plaf\u00f3n 2\u00a0<\/strong><\/td>\n<\/tr>\n<\/tbody>\n<\/table>\n<p>[\/vc_column_text][\/vc_column][\/vc_row][vc_row css=&#8221;.vc_custom_1548862319912{margin-top: 0px !important;}&#8221;][vc_column width=&#8221;1\/12&#8243;][\/vc_column][vc_column width=&#8221;5\/6&#8243;]<div class=\"wpb_content_element  vc_custom_1658835747184\"><style type=\"text\/css\" scoped>#ut_header_69d027a667504 h2 span { color:; }<\/style><header id=\"ut_header_69d027a667504\" class=\"section-header pt-style-7 header-center\"><h2  class=\"section-title \"><span>El volumen en Gaud\u00ed<\/span><\/h2><\/header><\/div>[vc_empty_space][vc_column_text el_class=&#8221;destacat_plafo&#8221;]<\/p>\n<p style=\"text-align: center;\"><em><big>&#8220;Yo tengo esta calidad de sentir, de ver el espacio porque soy hijo l de calderero. El calderero es un hombre que, a una superficie plana, le da un volumen; ve el espacio antes de empezar a trabajarlo&#8221;<\/big><\/em><\/p>\n<p style=\"text-align: center;\"><small>Antoni Gaud\u00ed<\/small><\/p>\n<p>[\/vc_column_text]<div  class=\"wpb_content_element   clearfix\"><style type=\"text\/css\" scoped>#ut_am_69d027a667a7c { opacity: 1; }<\/style><div id=\"ut_am_wrap_69d027a667a7e\" class=\"ut-image-gallery-image \" style=\"text-align:center;\"><div class=\"ut-animated-image-item ut-image-gallery-item ut-animation-done\"><a class=\"ut-deactivated-link\" href=\"#\"><img loading=\"lazy\" decoding=\"async\" title=\"rgr-cantir-composicio-002-800\" id=\"ut_am_69d027a667a7c\" style=\"\" src=\"https:\/\/rutagaudiriudoms.cat\/wp-content\/uploads\/2019\/06\/rgr-cantir-composicio-002-800.png\" width=\"800\" height=\"1021\" alt=\"c\u00e0ntir de coure\"\/><\/a><\/div><\/div><\/div>[vc_message message_box_color=&#8221;white&#8221; icon_fontawesome=&#8221;fa fa-comment-o&#8221; el_class=&#8221;destacat_plafo&#8221;]El arquitecto es el hombre sint\u00e9tico, el que es capaz de ver las cosas en conjunto antes de que est\u00e9n hechas.[\/vc_message][vc_message message_box_color=&#8221;white&#8221; icon_fontawesome=&#8221;fa fa-comment-o&#8221; el_class=&#8221;destacat_plafo&#8221;]Observando el Trabajo de su padre, aprendi\u00f3 a pensar y a imaginar en tres dimensiones: ver el volumen antes que exista la forma.[\/vc_message][vc_message message_box_color=&#8221;white&#8221; icon_fontawesome=&#8221;fa fa-comment-o&#8221; el_class=&#8221;destacat_plafo&#8221;]<\/p>\n<h4>\u00bfPuedes imaginarte un volumen a partir de una superficie plana?<\/h4>\n<p>Estas a punto de entrar en el lugar donde Gaud\u00ed aprendi\u00f3 a crear las formas y los vol\u00famenes que caracterizan toda su obra.[\/vc_message][vc_empty_space height=&#8221;30px&#8221;]<div  class=\"wpb_content_element   clearfix\"><style type=\"text\/css\" scoped>#ut_am_69d027a667f2e { opacity: 1; }<\/style><div id=\"ut_am_wrap_69d027a667f2f\" class=\"ut-image-gallery-image \" style=\"text-align:center;\"><div class=\"ut-animated-image-item ut-image-gallery-item ut-animation-done\"><a class=\"ut-deactivated-link\" href=\"#\"><img loading=\"lazy\" decoding=\"async\" title=\"rgr-familia-445\" id=\"ut_am_69d027a667f2e\" style=\"\" src=\"https:\/\/rutagaudiriudoms.cat\/wp-content\/uploads\/2019\/04\/rgr-familia-445.jpg\" width=\"445\" height=\"621\" alt=\"Fam\u00edlia de Gaud\u00ed\"\/><\/a><\/div><\/div><\/div>[vc_column_text]Fue el padre de Gaud\u00ed, Francesc Gaud\u00ed Serra, en su taller de Riudoms, quien le transmiti\u00f3 la visi\u00f3n del espacio y del volumen, con la destreza de picar las planchas de cobre para transformarlas en recipientes.<\/p>\n<p>Es por este motivo que Gaud\u00ed prefer\u00eda trabajar con maquetas tridimensionales m\u00e1s que con planos. Siento ya un arquitecto reconocido, recordaba siempre la importancia de la creatividad y la influencia de su padre.[\/vc_column_text][vc_column_text]<\/p>\n<h4>Visita guiada a la casa natal de Gaud\u00ed<\/h4>\n<p>[\/vc_column_text]<div  class=\"wpb_content_element   clearfix\"><style type=\"text\/css\" scoped>#ut_am_69d027a66837e { opacity: 1; }<\/style><div id=\"ut_am_wrap_69d027a668380\" class=\"ut-image-gallery-image \" style=\"text-align:center;\"><div class=\"ut-animated-image-item ut-image-gallery-item ut-animation-done\"><a class=\"ut-deactivated-link\" href=\"#\"><img loading=\"lazy\" decoding=\"async\" title=\"rgr-calderer-002_960\" id=\"ut_am_69d027a66837e\" style=\"\" src=\"https:\/\/rutagaudiriudoms.cat\/wp-content\/uploads\/2019\/06\/rgr-calderer-002_960.jpg\" width=\"960\" height=\"640\" alt=\"Taller de calderer\"\/><\/a><\/div><\/div><\/div>[vc_column_text]El recorrido de la visita incluye el taller de calderer\u00eda, la forja y la vivienda familiar de la \u00e9poca; un audiovisual, exposiciones de dibujos gaudinianos y una exposici\u00f3n permanente de alzados de algunas de las obras de Antoni Gaud\u00ed, realizadas por el arquitecto japon\u00e9s Hiroya Tanaka.<\/p>\n<p><strong>Visitas guiadas programadas los fines de semana de mayo a setiembre sin reserva previa (consultar calendario). Fuera de las visitas programadas, la reserva es obligatoria.<br \/>\n<\/strong><\/p>\n<p><strong>Reserva previa: <a href=\"mailto:fundacio.gaudi@riudoms.cat\">fundacio.gaudi@riudoms.cat <\/a><\/strong><\/p>\n<p><strong>Tel. <a href=\"tel:977850350\">977 850 350<\/a><\/strong> (de 9 a 14 h de lunes a viernes no festivos)[\/vc_column_text][\/vc_column][vc_column width=&#8221;1\/12&#8243;][\/vc_column][\/vc_row][\/vc_section][vc_section css=&#8221;.vc_custom_1555336069695{background-color: #f1e5df !important;}&#8221;][vc_row][vc_column width=&#8221;1\/12&#8243;][\/vc_column][vc_column width=&#8221;5\/6&#8243;]<div  class=\"wpb_content_element   clearfix\"><style type=\"text\/css\" scoped>#ut_am_69d027a668894 { opacity: 1; }<\/style><div id=\"ut_am_wrap_69d027a668895\" class=\"ut-image-gallery-image \" style=\"text-align:center;\"><div class=\"ut-animated-image-item ut-image-gallery-item ut-animation-done\"><a class=\"ut-deactivated-link\" href=\"#\"><img loading=\"lazy\" decoding=\"async\" title=\"rgr-gaudi-marro-perfil-203\" id=\"ut_am_69d027a668894\" style=\"\" src=\"https:\/\/rutagaudiriudoms.cat\/wp-content\/uploads\/2019\/04\/rgr-gaudi-marro-perfil-203.png\" width=\"203\" height=\"205\" alt=\"Perfil de Gaud\u00ed\"\/><\/a><\/div><\/div><\/div><div  class=\"wpb_content_element   clearfix\"><style type=\"text\/css\" scoped>#ut_am_69d027a669013 { opacity: 1; }<\/style><div id=\"ut_am_wrap_69d027a669014\" class=\"ut-image-gallery-image \" style=\"text-align:center;\"><div class=\"ut-animated-image-item ut-image-gallery-item ut-animation-done\"><a class=\"ut-deactivated-link\" href=\"#\"><img loading=\"lazy\" decoding=\"async\" title=\"rgr-numeral2-133\" id=\"ut_am_69d027a669013\" style=\"\" src=\"https:\/\/rutagaudiriudoms.cat\/wp-content\/uploads\/2019\/06\/rgr-numeral2-133.png\" width=\"133\" height=\"53\" alt=\"2 de 12\"\/><\/a><\/div><\/div><\/div><div class=\"wpb_content_element \"><style type=\"text\/css\" scoped>#ut_header_69d027a66907b h2 span { color:#9f6c54; }#ut_header_69d027a66907b h2.section-title { font-size: 24px; }<\/style><header id=\"ut_header_69d027a66907b\" class=\"section-header pt-style-7 header-center\"><h2  class=\"section-title \"><span>La casa natal de los Gaud\u00ed<\/span><\/h2><\/header><\/div>[vc_column_text]La casa natal de los Gaud\u00ed, conocida en Riudoms como <em>ca la Calderera<\/em>, la viuda del calderero, Francesc Gaud\u00ed i Salvany, abuelo del arquitecto, es una casa modesta. Perteneci\u00f3, a partir del siglo XVIII, a los abuelos, padres y finalmente al mismo Gaud\u00ed.<\/p>\n<p>En la planta baja, el abuelo ten\u00eda su taller. Hac\u00eda peroles, calderas y c\u00e1ntaros de cobre. El padre de Antoni Gaud\u00ed contin\u00fao trabajando en el taller transformando places de cobre en objetos de tres dimensiones.<\/p>\n<p>El a\u00f1o 2000 el &#8216;Ajuntamiento de Riudoms adquiri\u00f3 el inmueble y encarg\u00f3 la reforma a la arquitecta Vera Hofbaerova. Musealizada adecuadamente, fue inaugurada el 2002.[\/vc_column_text][\/vc_column][vc_column width=&#8221;1\/12&#8243;][\/vc_column][\/vc_row][\/vc_section]<\/p>\n","protected":false},"excerpt":{"rendered":"<p>[vc_section css=&#8221;.vc_custom_1548946330315{padding-top: 80px !important;}&#8221;][vc_row css=&#8221;.vc_custom_1548862315669{margin-bottom: 0px !important;}&#8221;][vc_column][vc_column_text el_class=&#8221;numPlafo&#8221;] Plaf\u00f3n 2\u00a0 [\/vc_column_text][\/vc_column][\/vc_row][vc_row css=&#8221;.vc_custom_1548862319912{margin-top: 0px !important;}&#8221;][vc_column width=&#8221;1\/12&#8243;][\/vc_column][vc_column width=&#8221;5\/6&#8243;][vc_empty_space][vc_column_text el_class=&#8221;destacat_plafo&#8221;] &#8220;Yo tengo esta calidad de sentir, de ver el espacio porque soy hijo l de calderero. El calderero es un hombre que, a una superficie plana, le da un volumen; ve el espacio antes de empezar a trabajarlo&#8221; [&hellip;]<\/p>\n","protected":false},"author":1,"featured_media":0,"parent":8,"menu_order":0,"comment_status":"closed","ping_status":"closed","template":"","meta":{"footnotes":""},"class_list":["post-3162","page","type-page","status-publish","hentry"],"translation":{"provider":"WPGlobus","version":"3.0.2","language":"es","enabled_languages":["at","es","en","fr"],"languages":{"at":{"title":true,"content":true,"excerpt":false},"es":{"title":true,"content":true,"excerpt":false},"en":{"title":true,"content":true,"excerpt":false},"fr":{"title":true,"content":true,"excerpt":false}}},"yoast_head":"<!-- This site is optimized with the Yoast SEO plugin v24.1 - https:\/\/yoast.com\/wordpress\/plugins\/seo\/ -->\n<title>Plaf\u00f3n 02 - El volumen en Gaud\u00ed | Ruta Riudoms Gaud\u00ed<\/title>\n<meta name=\"robots\" content=\"index, follow, max-snippet:-1, max-image-preview:large, max-video-preview:-1\" \/>\n<link rel=\"canonical\" href=\"https:\/\/rutagaudiriudoms.cat\/ca\/plafo-02\/\" \/>\n<meta property=\"og:locale\" content=\"es_ES\" \/>\n<meta property=\"og:type\" content=\"article\" \/>\n<meta property=\"og:title\" content=\"Plaf\u00f3n 02 - El volumen en Gaud\u00ed | Ruta Riudoms Gaud\u00ed\" \/>\n<meta property=\"og:url\" content=\"https:\/\/rutagaudiriudoms.cat\/ca\/plafo-02\/\" \/>\n<meta property=\"og:site_name\" content=\"Ruta Riudoms Gaud\u00ed\" \/>\n<meta property=\"article:modified_time\" content=\"2022-08-03T11:38:39+00:00\" \/>\n<meta property=\"og:image\" content=\"https:\/\/rutagaudiriudoms.cat\/wp-content\/uploads\/2019\/04\/Mesa-de-trabajo-2.png\" \/>\n<meta name=\"twitter:card\" content=\"summary_large_image\" \/>\n<meta name=\"twitter:label1\" content=\"Est. reading time\" \/>\n\t<meta name=\"twitter:data1\" content=\"3 minutes\" \/>\n<script type=\"application\/ld+json\" class=\"yoast-schema-graph\">{\"@context\":\"https:\/\/schema.org\",\"@graph\":[{\"@type\":\"WebPage\",\"@id\":\"https:\/\/rutagaudiriudoms.cat\/ca\/plafo-02\/\",\"url\":\"https:\/\/rutagaudiriudoms.cat\/ca\/plafo-02\/\",\"name\":\"Plaf\u00f3n 02 - El volumen en Gaud\u00ed | Ruta Riudoms Gaud\u00ed\",\"isPartOf\":{\"@id\":\"https:\/\/rutagaudiriudoms.cat\/#website\"},\"primaryImageOfPage\":{\"@id\":\"https:\/\/rutagaudiriudoms.cat\/ca\/plafo-02\/#primaryimage\"},\"image\":{\"@id\":\"https:\/\/rutagaudiriudoms.cat\/ca\/plafo-02\/#primaryimage\"},\"thumbnailUrl\":\"https:\/\/rutagaudiriudoms.cat\/wp-content\/uploads\/2019\/04\/Mesa-de-trabajo-2.png\",\"datePublished\":\"2019-01-31T07:54:34+00:00\",\"dateModified\":\"2022-08-03T11:38:39+00:00\",\"breadcrumb\":{\"@id\":\"https:\/\/rutagaudiriudoms.cat\/ca\/plafo-02\/#breadcrumb\"},\"inLanguage\":\"es-ES\",\"potentialAction\":[{\"@type\":\"ReadAction\",\"target\":[\"https:\/\/rutagaudiriudoms.cat\/ca\/plafo-02\/\"]}]},{\"@type\":\"ImageObject\",\"inLanguage\":\"es-ES\",\"@id\":\"https:\/\/rutagaudiriudoms.cat\/ca\/plafo-02\/#primaryimage\",\"url\":\"https:\/\/rutagaudiriudoms.cat\/wp-content\/uploads\/2019\/04\/Mesa-de-trabajo-2.png\",\"contentUrl\":\"https:\/\/rutagaudiriudoms.cat\/wp-content\/uploads\/2019\/04\/Mesa-de-trabajo-2.png\"},{\"@type\":\"BreadcrumbList\",\"@id\":\"https:\/\/rutagaudiriudoms.cat\/ca\/plafo-02\/#breadcrumb\",\"itemListElement\":[{\"@type\":\"ListItem\",\"position\":1,\"name\":\"Inici\",\"item\":\"https:\/\/rutagaudiriudoms.cat\/\"},{\"@type\":\"ListItem\",\"position\":2,\"name\":\"Inici\",\"item\":\"https:\/\/rutagaudiriudoms.cat\/\"},{\"@type\":\"ListItem\",\"position\":3,\"name\":\"Plaf\u00f3 02 &#8211; El volum de Gaud\u00ed\"}]},{\"@type\":\"WebSite\",\"@id\":\"https:\/\/rutagaudiriudoms.cat\/#website\",\"url\":\"https:\/\/rutagaudiriudoms.cat\/\",\"name\":\"Ruta Riudoms Gaud\u00ed\",\"description\":\"Espai a internet de la ruta de Gaud\u00ed a Riudoms\",\"publisher\":{\"@id\":\"https:\/\/rutagaudiriudoms.cat\/#organization\"},\"potentialAction\":[{\"@type\":\"SearchAction\",\"target\":{\"@type\":\"EntryPoint\",\"urlTemplate\":\"https:\/\/rutagaudiriudoms.cat\/?s={search_term_string}\"},\"query-input\":{\"@type\":\"PropertyValueSpecification\",\"valueRequired\":true,\"valueName\":\"search_term_string\"}}],\"inLanguage\":\"es-ES\"},{\"@type\":\"Organization\",\"@id\":\"https:\/\/rutagaudiriudoms.cat\/#organization\",\"name\":\"Ruta Riudoms Gaud\u00ed\",\"url\":\"https:\/\/rutagaudiriudoms.cat\/\",\"logo\":{\"@type\":\"ImageObject\",\"inLanguage\":\"es-ES\",\"@id\":\"https:\/\/rutagaudiriudoms.cat\/#\/schema\/logo\/image\/\",\"url\":\"https:\/\/rutagaudiriudoms.cat\/wp-content\/uploads\/2019\/04\/rgr-logo-002-101.png\",\"contentUrl\":\"https:\/\/rutagaudiriudoms.cat\/wp-content\/uploads\/2019\/04\/rgr-logo-002-101.png\",\"width\":101,\"height\":60,\"caption\":\"Ruta Riudoms Gaud\u00ed\"},\"image\":{\"@id\":\"https:\/\/rutagaudiriudoms.cat\/#\/schema\/logo\/image\/\"}}]}<\/script>\n<!-- \/ Yoast SEO plugin. -->","yoast_head_json":{"title":"Plaf\u00f3n 02 - El volumen en Gaud\u00ed | Ruta Riudoms Gaud\u00ed","robots":{"index":"index","follow":"follow","max-snippet":"max-snippet:-1","max-image-preview":"max-image-preview:large","max-video-preview":"max-video-preview:-1"},"canonical":"https:\/\/rutagaudiriudoms.cat\/ca\/plafo-02\/","og_locale":"es_ES","og_type":"article","og_title":"Plaf\u00f3n 02 - El volumen en Gaud\u00ed | Ruta Riudoms Gaud\u00ed","og_url":"https:\/\/rutagaudiriudoms.cat\/ca\/plafo-02\/","og_site_name":"Ruta Riudoms Gaud\u00ed","article_modified_time":"2022-08-03T11:38:39+00:00","og_image":[{"url":"https:\/\/rutagaudiriudoms.cat\/wp-content\/uploads\/2019\/04\/Mesa-de-trabajo-2.png","type":"","width":"","height":""}],"twitter_card":"summary_large_image","twitter_misc":{"Est. reading time":"3 minutes"},"schema":{"@context":"https:\/\/schema.org","@graph":[{"@type":"WebPage","@id":"https:\/\/rutagaudiriudoms.cat\/ca\/plafo-02\/","url":"https:\/\/rutagaudiriudoms.cat\/ca\/plafo-02\/","name":"Plaf\u00f3n 02 - El volumen en Gaud\u00ed | Ruta Riudoms Gaud\u00ed","isPartOf":{"@id":"https:\/\/rutagaudiriudoms.cat\/#website"},"primaryImageOfPage":{"@id":"https:\/\/rutagaudiriudoms.cat\/ca\/plafo-02\/#primaryimage"},"image":{"@id":"https:\/\/rutagaudiriudoms.cat\/ca\/plafo-02\/#primaryimage"},"thumbnailUrl":"https:\/\/rutagaudiriudoms.cat\/wp-content\/uploads\/2019\/04\/Mesa-de-trabajo-2.png","datePublished":"2019-01-31T07:54:34+00:00","dateModified":"2022-08-03T11:38:39+00:00","breadcrumb":{"@id":"https:\/\/rutagaudiriudoms.cat\/ca\/plafo-02\/#breadcrumb"},"inLanguage":"es-ES","potentialAction":[{"@type":"ReadAction","target":["https:\/\/rutagaudiriudoms.cat\/ca\/plafo-02\/"]}]},{"@type":"ImageObject","inLanguage":"es-ES","@id":"https:\/\/rutagaudiriudoms.cat\/ca\/plafo-02\/#primaryimage","url":"https:\/\/rutagaudiriudoms.cat\/wp-content\/uploads\/2019\/04\/Mesa-de-trabajo-2.png","contentUrl":"https:\/\/rutagaudiriudoms.cat\/wp-content\/uploads\/2019\/04\/Mesa-de-trabajo-2.png"},{"@type":"BreadcrumbList","@id":"https:\/\/rutagaudiriudoms.cat\/ca\/plafo-02\/#breadcrumb","itemListElement":[{"@type":"ListItem","position":1,"name":"Inici","item":"https:\/\/rutagaudiriudoms.cat\/"},{"@type":"ListItem","position":2,"name":"Inici","item":"https:\/\/rutagaudiriudoms.cat\/"},{"@type":"ListItem","position":3,"name":"Plaf\u00f3 02 &#8211; El volum de Gaud\u00ed"}]},{"@type":"WebSite","@id":"https:\/\/rutagaudiriudoms.cat\/#website","url":"https:\/\/rutagaudiriudoms.cat\/","name":"Ruta Riudoms Gaud\u00ed","description":"Espai a internet de la ruta de Gaud\u00ed a Riudoms","publisher":{"@id":"https:\/\/rutagaudiriudoms.cat\/#organization"},"potentialAction":[{"@type":"SearchAction","target":{"@type":"EntryPoint","urlTemplate":"https:\/\/rutagaudiriudoms.cat\/?s={search_term_string}"},"query-input":{"@type":"PropertyValueSpecification","valueRequired":true,"valueName":"search_term_string"}}],"inLanguage":"es-ES"},{"@type":"Organization","@id":"https:\/\/rutagaudiriudoms.cat\/#organization","name":"Ruta Riudoms Gaud\u00ed","url":"https:\/\/rutagaudiriudoms.cat\/","logo":{"@type":"ImageObject","inLanguage":"es-ES","@id":"https:\/\/rutagaudiriudoms.cat\/#\/schema\/logo\/image\/","url":"https:\/\/rutagaudiriudoms.cat\/wp-content\/uploads\/2019\/04\/rgr-logo-002-101.png","contentUrl":"https:\/\/rutagaudiriudoms.cat\/wp-content\/uploads\/2019\/04\/rgr-logo-002-101.png","width":101,"height":60,"caption":"Ruta Riudoms Gaud\u00ed"},"image":{"@id":"https:\/\/rutagaudiriudoms.cat\/#\/schema\/logo\/image\/"}}]}},"_links":{"self":[{"href":"https:\/\/rutagaudiriudoms.cat\/es\/wp-json\/wp\/v2\/pages\/3162","targetHints":{"allow":["GET"]}}],"collection":[{"href":"https:\/\/rutagaudiriudoms.cat\/es\/wp-json\/wp\/v2\/pages"}],"about":[{"href":"https:\/\/rutagaudiriudoms.cat\/es\/wp-json\/wp\/v2\/types\/page"}],"author":[{"embeddable":true,"href":"https:\/\/rutagaudiriudoms.cat\/es\/wp-json\/wp\/v2\/users\/1"}],"replies":[{"embeddable":true,"href":"https:\/\/rutagaudiriudoms.cat\/es\/wp-json\/wp\/v2\/comments?post=3162"}],"version-history":[{"count":0,"href":"https:\/\/rutagaudiriudoms.cat\/es\/wp-json\/wp\/v2\/pages\/3162\/revisions"}],"up":[{"embeddable":true,"href":"https:\/\/rutagaudiriudoms.cat\/es\/wp-json\/wp\/v2\/pages\/8"}],"wp:attachment":[{"href":"https:\/\/rutagaudiriudoms.cat\/es\/wp-json\/wp\/v2\/media?parent=3162"}],"curies":[{"name":"wp","href":"https:\/\/api.w.org\/{rel}","templated":true}]}}