{"id":3381,"date":"2019-02-12T13:05:37","date_gmt":"2019-02-12T11:05:37","guid":{"rendered":"http:\/\/tgd.info\/riudoms\/?page_id=3381"},"modified":"2022-08-03T14:27:12","modified_gmt":"2022-08-03T12:27:12","slug":"plafo-07","status":"publish","type":"page","link":"https:\/\/rutagaudiriudoms.cat\/en\/ca\/plafo-07\/","title":{"rendered":"Panel 07 &#8211; Gaud\u00ed&#8217;s inspiration"},"content":{"rendered":"<p>[vc_section css=&#8221;.vc_custom_1548946330315{padding-top: 80px !important;}&#8221;][vc_row css=&#8221;.vc_custom_1548862315669{margin-bottom: 0px !important;}&#8221;][vc_column][vc_column_text el_class=&#8221;numPlafo&#8221;]<\/p>\n<table style=\"width: 100%; border: 0px solid white;\">\n<tbody>\n<tr style=\"border: 0px solid white;\">\n<td style=\"min-width: 102px; padding: 0px;\"><img loading=\"lazy\" decoding=\"async\" class=\"aligncenter wp-image-3498 size-full\" src=\"https:\/\/rutagaudiriudoms.cat\/wp-content\/uploads\/2019\/04\/Mesa-de-trabajo-7.png\" alt=\"\" width=\"101\" height=\"100\" \/><\/td>\n<td style=\"width: 100%; text-align: left;\"><strong>Panel 7\u00a0<\/strong><\/td>\n<\/tr>\n<\/tbody>\n<\/table>\n<p>[\/vc_column_text][\/vc_column][\/vc_row][vc_row css=&#8221;.vc_custom_1548862319912{margin-top: 0px !important;}&#8221;][vc_column width=&#8221;1\/12&#8243;][\/vc_column][vc_column width=&#8221;5\/6&#8243;]<div class=\"wpb_content_element  vc_custom_1659524976116\"><style type=\"text\/css\" scoped>#ut_header_69f2b8229e566 h2 span { color:; }<\/style><header id=\"ut_header_69f2b8229e566\" class=\"section-header pt-style-7 header-center\"><h2  class=\"section-title \"><span>Gaud\u00ed's inspiration<\/span><\/h2><\/header><\/div>[vc_empty_space height=&#8221;30px&#8221;][vc_column_text el_class=&#8221;destacat_plafo&#8221;]<\/p>\n<p style=\"text-align: center;\"><em><big>&#8220;The architect of the future will be based on the imitation of nature, because it is the most rational, durable and economical of all methods.&#8221;<\/big><\/em><br \/>\n<small>Antoni Gaud\u00ed<\/small><\/p>\n<p>[\/vc_column_text][vc_column_text]Gaud\u00ed was inspired by pine cones and fish scales to make the roofs of his buildings. Overlapping relatively small pieces from bottom to top ensures protection against the elements: water and wind.[\/vc_column_text][vc_message message_box_color=&#8221;white&#8221; icon_fontawesome=&#8221;fa fa-comment-o&#8221; el_class=&#8221;destacat_plafo&#8221;]Did you know that Gaud\u00ed was the first ecological architect? Riudoms was his inspiration.[\/vc_message][vc_column_text]Gaud\u00ed reproduces the forms he sees in nature in glazed ceramics and gives them colour. Gaud\u00ed&#8217;s colours, the chromatic range he uses, are the fruit of the light that he perceives in Riudoms, the light that Gaud\u00ed calls Mediterranean.[\/vc_column_text]<div  class=\"wpb_content_element   clearfix\"><style type=\"text\/css\" scoped>#ut_am_69f2b8229eff6 { opacity: 1; }<\/style><div id=\"ut_am_wrap_69f2b8229eff7\" class=\"ut-image-gallery-image \" style=\"text-align:center;\"><div class=\"ut-animated-image-item ut-image-gallery-item ut-animation-done\"><a class=\"ut-deactivated-link\" href=\"#\"><img loading=\"lazy\" decoding=\"async\" title=\"rgr-pinya-420\" id=\"ut_am_69f2b8229eff6\" style=\"\" src=\"https:\/\/rutagaudiriudoms.cat\/wp-content\/uploads\/2019\/04\/rgr-pinya-420.png\" width=\"420\" height=\"800\" alt=\"Pinya\"\/><\/a><\/div><\/div><\/div>[vc_column_text]<\/p>\n<h4>Follow in Gaud\u00ed&#8217;s footsteps<\/h4>\n<p>Right now you are reliving Gaud\u00ed&#8217;s footsteps in the town where he was born. Nowhere in the world can you see the same light, breathe the same air, see the same colours, touch the same objects of nature and enjoy the same temperature that turns this land into a continuous spring, as the Romans used to say.[\/vc_column_text][vc_message message_box_color=&#8221;white&#8221; icon_fontawesome=&#8221;fa fa-comment-o&#8221; el_class=&#8221;destacat_plafo&#8221;]The light of Riudoms is the light of Gaud\u00ed, the colours of Riudoms are the colours of Gaud\u00ed. To enjoy Riudoms is to enjoy Gaud\u00ed.[\/vc_message]<div  class=\"wpb_content_element   clearfix\"><style type=\"text\/css\" scoped>#ut_am_69f2b8229fd10 { opacity: 1; }<\/style><div id=\"ut_am_wrap_69f2b8229fd11\" class=\"ut-image-gallery-image \" style=\"text-align:center;\"><div class=\"ut-animated-image-item ut-image-gallery-item ut-animation-done\"><a class=\"ut-deactivated-link\" href=\"#\"><img loading=\"lazy\" decoding=\"async\" title=\"rgr-peix-960\" id=\"ut_am_69f2b8229fd10\" style=\"\" src=\"https:\/\/rutagaudiriudoms.cat\/wp-content\/uploads\/2019\/04\/rgr-peix-960.png\" width=\"960\" height=\"293\" alt=\"Peix\"\/><\/a><\/div><\/div><\/div>[vc_message message_box_color=&#8221;white&#8221; icon_fontawesome=&#8221;fa fa-comment-o&#8221; el_class=&#8221;destacat_plafo&#8221;]\u201c<em>The light that achieves the greatest harmony is that which has an inclination of 45\u00b0, since it strikes the bodies neither horizontally nor vertically. It is what can be considered medium light and gives the most perfect vision of bodies and the most exquisite nuance. It is the light of the Mediterranean<\/em>.\u201d<\/p>\n<p><small>Antoni Gaud\u00ed<\/small>[\/vc_message][vc_column_text]<\/p>\n<h4>Riudom Centre<\/h4>\n<p>This manor house was built in 1731. The property belonged to the Moragas family until 1886, when the Carlist centre bought the house to convert it into a recreational society. It is plausible to think that the young Gaud\u00ed, influenced by his family, often took part in the Centre&#8217;s activities. The organisation continued to be active until 1953.[\/vc_column_text][\/vc_column][vc_column width=&#8221;1\/12&#8243;][\/vc_column][\/vc_row][\/vc_section][vc_section css=&#8221;.vc_custom_1555400860947{background-color: #dee0c9 !important;}&#8221;][vc_row][vc_column width=&#8221;1\/12&#8243;][\/vc_column][vc_column width=&#8221;5\/6&#8243;]<div  class=\"wpb_content_element   clearfix\"><style type=\"text\/css\" scoped>#ut_am_69f2b822a0abf { opacity: 1; }<\/style><div id=\"ut_am_wrap_69f2b822a0ac1\" class=\"ut-image-gallery-image \" style=\"text-align:center;\"><div class=\"ut-animated-image-item ut-image-gallery-item ut-animation-done\"><a class=\"ut-deactivated-link\" href=\"#\"><img loading=\"lazy\" decoding=\"async\" title=\"rgr-gaudi-bn-perfil-203\" id=\"ut_am_69f2b822a0abf\" style=\"\" src=\"https:\/\/rutagaudiriudoms.cat\/wp-content\/uploads\/2019\/04\/rgr-gaudi-bn-perfil-203.png\" width=\"203\" height=\"205\" alt=\"Perfil de Gaud\u00ed\"\/><\/a><\/div><\/div><\/div><div  class=\"wpb_content_element   clearfix\"><style type=\"text\/css\" scoped>#ut_am_69f2b822a1206 { opacity: 1; }<\/style><div id=\"ut_am_wrap_69f2b822a1207\" class=\"ut-image-gallery-image \" style=\"text-align:center;\"><div class=\"ut-animated-image-item ut-image-gallery-item ut-animation-done\"><a class=\"ut-deactivated-link\" href=\"#\"><img loading=\"lazy\" decoding=\"async\" title=\"rgr-numeral7-133\" id=\"ut_am_69f2b822a1206\" style=\"\" src=\"https:\/\/rutagaudiriudoms.cat\/wp-content\/uploads\/2019\/06\/rgr-numeral7-133.png\" width=\"133\" height=\"53\" alt=\"7 de 12\"\/><\/a><\/div><\/div><\/div><div class=\"wpb_content_element \"><style type=\"text\/css\" scoped>#ut_header_69f2b822a123f h2 span { color:#789411; }#ut_header_69f2b822a123f h2.section-title { font-size: 24px; }<\/style><header id=\"ut_header_69f2b822a123f\" class=\"section-header pt-style-7 header-center\"><h2  class=\"section-title \"><span>The Gaud\u00ed Family and Riudoms <\/span><\/h2><\/header><\/div>[vc_row_inner][vc_column_inner][vc_column_text]The ancestors of Gaud\u00ed at Riudoms were widowed on more than one occasion and second marriages were held. From all the marriages, there were numerous children, although many did not reach adulthood. In 1700, Josep Gaud\u00ed Oriol married Vicenta Coll Noguera, the daughter of an Argentinian, in Riudoms. One of his sons, the heir Josep Gaud\u00ed Coll, is cited by Antoni Gaud\u00ed Cornet&#8217;s biographers as the &#8220;squanderer&#8221; of the family fortune and they especially point out that he did not give his children an education. He also dedicated himself to politics before dying in 1732, becoming the main alderman of Riudoms. In 1749, his son rented out a fishmonger business and some years later rented the common oven.[\/vc_column_text][\/vc_column_inner][\/vc_row_inner][\/vc_column][vc_column width=&#8221;1\/12&#8243;][\/vc_column][\/vc_row][\/vc_section]<\/p>\n","protected":false},"excerpt":{"rendered":"<p>[vc_section css=&#8221;.vc_custom_1548946330315{padding-top: 80px !important;}&#8221;][vc_row css=&#8221;.vc_custom_1548862315669{margin-bottom: 0px !important;}&#8221;][vc_column][vc_column_text el_class=&#8221;numPlafo&#8221;] Panel 7\u00a0 [\/vc_column_text][\/vc_column][\/vc_row][vc_row css=&#8221;.vc_custom_1548862319912{margin-top: 0px !important;}&#8221;][vc_column width=&#8221;1\/12&#8243;][\/vc_column][vc_column width=&#8221;5\/6&#8243;][vc_empty_space height=&#8221;30px&#8221;][vc_column_text el_class=&#8221;destacat_plafo&#8221;] &#8220;The architect of the future will be based on the imitation of nature, because it is the most rational, durable and economical of all methods.&#8221; Antoni Gaud\u00ed [\/vc_column_text][vc_column_text]Gaud\u00ed was inspired by pine cones and fish scales to [&hellip;]<\/p>\n","protected":false},"author":1,"featured_media":0,"parent":8,"menu_order":0,"comment_status":"closed","ping_status":"closed","template":"","meta":{"footnotes":""},"class_list":["post-3381","page","type-page","status-publish","hentry"],"translation":{"provider":"WPGlobus","version":"3.0.2","language":"en","enabled_languages":["at","es","en","fr"],"languages":{"at":{"title":true,"content":true,"excerpt":false},"es":{"title":true,"content":true,"excerpt":false},"en":{"title":true,"content":true,"excerpt":false},"fr":{"title":true,"content":true,"excerpt":false}}},"yoast_head":"<!-- This site is optimized with the Yoast SEO plugin v24.1 - https:\/\/yoast.com\/wordpress\/plugins\/seo\/ -->\n<title>Panel 07 - Gaud\u00ed&#039;s inspiration | Ruta Riudoms Gaud\u00ed<\/title>\n<meta name=\"robots\" content=\"index, follow, max-snippet:-1, max-image-preview:large, max-video-preview:-1\" \/>\n<link rel=\"canonical\" href=\"https:\/\/rutagaudiriudoms.cat\/ca\/plafo-07\/\" \/>\n<meta property=\"og:locale\" content=\"en_US\" \/>\n<meta property=\"og:type\" content=\"article\" \/>\n<meta property=\"og:title\" content=\"Panel 07 - Gaud\u00ed&#039;s inspiration | Ruta Riudoms Gaud\u00ed\" \/>\n<meta property=\"og:url\" content=\"https:\/\/rutagaudiriudoms.cat\/ca\/plafo-07\/\" \/>\n<meta property=\"og:site_name\" content=\"Ruta Riudoms Gaud\u00ed\" \/>\n<meta property=\"article:modified_time\" content=\"2022-08-03T12:27:12+00:00\" \/>\n<meta property=\"og:image\" content=\"https:\/\/rutagaudiriudoms.cat\/wp-content\/uploads\/2019\/04\/Mesa-de-trabajo-7.png\" \/>\n<meta name=\"twitter:card\" content=\"summary_large_image\" \/>\n<meta name=\"twitter:label1\" content=\"Est. reading time\" \/>\n\t<meta name=\"twitter:data1\" content=\"4 minutes\" \/>\n<script type=\"application\/ld+json\" class=\"yoast-schema-graph\">{\"@context\":\"https:\/\/schema.org\",\"@graph\":[{\"@type\":\"WebPage\",\"@id\":\"https:\/\/rutagaudiriudoms.cat\/ca\/plafo-07\/\",\"url\":\"https:\/\/rutagaudiriudoms.cat\/ca\/plafo-07\/\",\"name\":\"Panel 07 - Gaud\u00ed's inspiration | Ruta Riudoms Gaud\u00ed\",\"isPartOf\":{\"@id\":\"https:\/\/rutagaudiriudoms.cat\/#website\"},\"primaryImageOfPage\":{\"@id\":\"https:\/\/rutagaudiriudoms.cat\/ca\/plafo-07\/#primaryimage\"},\"image\":{\"@id\":\"https:\/\/rutagaudiriudoms.cat\/ca\/plafo-07\/#primaryimage\"},\"thumbnailUrl\":\"https:\/\/rutagaudiriudoms.cat\/wp-content\/uploads\/2019\/04\/Mesa-de-trabajo-7.png\",\"datePublished\":\"2019-02-12T11:05:37+00:00\",\"dateModified\":\"2022-08-03T12:27:12+00:00\",\"breadcrumb\":{\"@id\":\"https:\/\/rutagaudiriudoms.cat\/ca\/plafo-07\/#breadcrumb\"},\"inLanguage\":\"en-US\",\"potentialAction\":[{\"@type\":\"ReadAction\",\"target\":[\"https:\/\/rutagaudiriudoms.cat\/ca\/plafo-07\/\"]}]},{\"@type\":\"ImageObject\",\"inLanguage\":\"en-US\",\"@id\":\"https:\/\/rutagaudiriudoms.cat\/ca\/plafo-07\/#primaryimage\",\"url\":\"https:\/\/rutagaudiriudoms.cat\/wp-content\/uploads\/2019\/04\/Mesa-de-trabajo-7.png\",\"contentUrl\":\"https:\/\/rutagaudiriudoms.cat\/wp-content\/uploads\/2019\/04\/Mesa-de-trabajo-7.png\"},{\"@type\":\"BreadcrumbList\",\"@id\":\"https:\/\/rutagaudiriudoms.cat\/ca\/plafo-07\/#breadcrumb\",\"itemListElement\":[{\"@type\":\"ListItem\",\"position\":1,\"name\":\"Inici\",\"item\":\"https:\/\/rutagaudiriudoms.cat\/\"},{\"@type\":\"ListItem\",\"position\":2,\"name\":\"Inici\",\"item\":\"https:\/\/rutagaudiriudoms.cat\/\"},{\"@type\":\"ListItem\",\"position\":3,\"name\":\"Plaf\u00f3 07 &#8211; La inspiraci\u00f3 de Gaud\u00ed\"}]},{\"@type\":\"WebSite\",\"@id\":\"https:\/\/rutagaudiriudoms.cat\/#website\",\"url\":\"https:\/\/rutagaudiriudoms.cat\/\",\"name\":\"Ruta Riudoms Gaud\u00ed\",\"description\":\"Espai a internet de la ruta de Gaud\u00ed a Riudoms\",\"publisher\":{\"@id\":\"https:\/\/rutagaudiriudoms.cat\/#organization\"},\"potentialAction\":[{\"@type\":\"SearchAction\",\"target\":{\"@type\":\"EntryPoint\",\"urlTemplate\":\"https:\/\/rutagaudiriudoms.cat\/?s={search_term_string}\"},\"query-input\":{\"@type\":\"PropertyValueSpecification\",\"valueRequired\":true,\"valueName\":\"search_term_string\"}}],\"inLanguage\":\"en-US\"},{\"@type\":\"Organization\",\"@id\":\"https:\/\/rutagaudiriudoms.cat\/#organization\",\"name\":\"Ruta Riudoms Gaud\u00ed\",\"url\":\"https:\/\/rutagaudiriudoms.cat\/\",\"logo\":{\"@type\":\"ImageObject\",\"inLanguage\":\"en-US\",\"@id\":\"https:\/\/rutagaudiriudoms.cat\/#\/schema\/logo\/image\/\",\"url\":\"https:\/\/rutagaudiriudoms.cat\/wp-content\/uploads\/2019\/04\/rgr-logo-002-101.png\",\"contentUrl\":\"https:\/\/rutagaudiriudoms.cat\/wp-content\/uploads\/2019\/04\/rgr-logo-002-101.png\",\"width\":101,\"height\":60,\"caption\":\"Ruta Riudoms Gaud\u00ed\"},\"image\":{\"@id\":\"https:\/\/rutagaudiriudoms.cat\/#\/schema\/logo\/image\/\"}}]}<\/script>\n<!-- \/ Yoast SEO plugin. -->","yoast_head_json":{"title":"Panel 07 - Gaud\u00ed's inspiration | Ruta Riudoms Gaud\u00ed","robots":{"index":"index","follow":"follow","max-snippet":"max-snippet:-1","max-image-preview":"max-image-preview:large","max-video-preview":"max-video-preview:-1"},"canonical":"https:\/\/rutagaudiriudoms.cat\/ca\/plafo-07\/","og_locale":"en_US","og_type":"article","og_title":"Panel 07 - Gaud\u00ed's inspiration | Ruta Riudoms Gaud\u00ed","og_url":"https:\/\/rutagaudiriudoms.cat\/ca\/plafo-07\/","og_site_name":"Ruta Riudoms Gaud\u00ed","article_modified_time":"2022-08-03T12:27:12+00:00","og_image":[{"url":"https:\/\/rutagaudiriudoms.cat\/wp-content\/uploads\/2019\/04\/Mesa-de-trabajo-7.png","type":"","width":"","height":""}],"twitter_card":"summary_large_image","twitter_misc":{"Est. reading time":"4 minutes"},"schema":{"@context":"https:\/\/schema.org","@graph":[{"@type":"WebPage","@id":"https:\/\/rutagaudiriudoms.cat\/ca\/plafo-07\/","url":"https:\/\/rutagaudiriudoms.cat\/ca\/plafo-07\/","name":"Panel 07 - Gaud\u00ed's inspiration | Ruta Riudoms Gaud\u00ed","isPartOf":{"@id":"https:\/\/rutagaudiriudoms.cat\/#website"},"primaryImageOfPage":{"@id":"https:\/\/rutagaudiriudoms.cat\/ca\/plafo-07\/#primaryimage"},"image":{"@id":"https:\/\/rutagaudiriudoms.cat\/ca\/plafo-07\/#primaryimage"},"thumbnailUrl":"https:\/\/rutagaudiriudoms.cat\/wp-content\/uploads\/2019\/04\/Mesa-de-trabajo-7.png","datePublished":"2019-02-12T11:05:37+00:00","dateModified":"2022-08-03T12:27:12+00:00","breadcrumb":{"@id":"https:\/\/rutagaudiriudoms.cat\/ca\/plafo-07\/#breadcrumb"},"inLanguage":"en-US","potentialAction":[{"@type":"ReadAction","target":["https:\/\/rutagaudiriudoms.cat\/ca\/plafo-07\/"]}]},{"@type":"ImageObject","inLanguage":"en-US","@id":"https:\/\/rutagaudiriudoms.cat\/ca\/plafo-07\/#primaryimage","url":"https:\/\/rutagaudiriudoms.cat\/wp-content\/uploads\/2019\/04\/Mesa-de-trabajo-7.png","contentUrl":"https:\/\/rutagaudiriudoms.cat\/wp-content\/uploads\/2019\/04\/Mesa-de-trabajo-7.png"},{"@type":"BreadcrumbList","@id":"https:\/\/rutagaudiriudoms.cat\/ca\/plafo-07\/#breadcrumb","itemListElement":[{"@type":"ListItem","position":1,"name":"Inici","item":"https:\/\/rutagaudiriudoms.cat\/"},{"@type":"ListItem","position":2,"name":"Inici","item":"https:\/\/rutagaudiriudoms.cat\/"},{"@type":"ListItem","position":3,"name":"Plaf\u00f3 07 &#8211; La inspiraci\u00f3 de Gaud\u00ed"}]},{"@type":"WebSite","@id":"https:\/\/rutagaudiriudoms.cat\/#website","url":"https:\/\/rutagaudiriudoms.cat\/","name":"Ruta Riudoms Gaud\u00ed","description":"Espai a internet de la ruta de Gaud\u00ed a Riudoms","publisher":{"@id":"https:\/\/rutagaudiriudoms.cat\/#organization"},"potentialAction":[{"@type":"SearchAction","target":{"@type":"EntryPoint","urlTemplate":"https:\/\/rutagaudiriudoms.cat\/?s={search_term_string}"},"query-input":{"@type":"PropertyValueSpecification","valueRequired":true,"valueName":"search_term_string"}}],"inLanguage":"en-US"},{"@type":"Organization","@id":"https:\/\/rutagaudiriudoms.cat\/#organization","name":"Ruta Riudoms Gaud\u00ed","url":"https:\/\/rutagaudiriudoms.cat\/","logo":{"@type":"ImageObject","inLanguage":"en-US","@id":"https:\/\/rutagaudiriudoms.cat\/#\/schema\/logo\/image\/","url":"https:\/\/rutagaudiriudoms.cat\/wp-content\/uploads\/2019\/04\/rgr-logo-002-101.png","contentUrl":"https:\/\/rutagaudiriudoms.cat\/wp-content\/uploads\/2019\/04\/rgr-logo-002-101.png","width":101,"height":60,"caption":"Ruta Riudoms Gaud\u00ed"},"image":{"@id":"https:\/\/rutagaudiriudoms.cat\/#\/schema\/logo\/image\/"}}]}},"_links":{"self":[{"href":"https:\/\/rutagaudiriudoms.cat\/en\/wp-json\/wp\/v2\/pages\/3381","targetHints":{"allow":["GET"]}}],"collection":[{"href":"https:\/\/rutagaudiriudoms.cat\/en\/wp-json\/wp\/v2\/pages"}],"about":[{"href":"https:\/\/rutagaudiriudoms.cat\/en\/wp-json\/wp\/v2\/types\/page"}],"author":[{"embeddable":true,"href":"https:\/\/rutagaudiriudoms.cat\/en\/wp-json\/wp\/v2\/users\/1"}],"replies":[{"embeddable":true,"href":"https:\/\/rutagaudiriudoms.cat\/en\/wp-json\/wp\/v2\/comments?post=3381"}],"version-history":[{"count":0,"href":"https:\/\/rutagaudiriudoms.cat\/en\/wp-json\/wp\/v2\/pages\/3381\/revisions"}],"up":[{"embeddable":true,"href":"https:\/\/rutagaudiriudoms.cat\/en\/wp-json\/wp\/v2\/pages\/8"}],"wp:attachment":[{"href":"https:\/\/rutagaudiriudoms.cat\/en\/wp-json\/wp\/v2\/media?parent=3381"}],"curies":[{"name":"wp","href":"https:\/\/api.w.org\/{rel}","templated":true}]}}